{"id":139,"date":"2013-08-11T19:06:15","date_gmt":"2013-08-11T17:06:15","guid":{"rendered":"http:\/\/localhost:8888\/test\/?page_id=520"},"modified":"2022-02-07T08:01:12","modified_gmt":"2022-02-07T07:01:12","slug":"about","status":"publish","type":"page","link":"https:\/\/druckzentrum-westkueste.de\/shop\/elements\/about\/","title":{"rendered":"\u00dcber uns"},"content":{"rendered":"\n\n  <div class=\"banner has-hover has-parallax\" id=\"banner-415934057\">\n          <div class=\"banner-inner fill\">\n        <div class=\"banner-bg fill\" data-parallax=\"-3\" data-parallax-container=\".banner\" data-parallax-background>\n                                    <div class=\"overlay\"><\/div>            \n                    <\/div>\n\t\t\n        <div class=\"banner-layers container\">\n            <div class=\"fill banner-link\"><\/div>            \n\n   <div id=\"text-box-2109895512\" class=\"text-box banner-layer x50 md-x50 lg-x50 y100 md-y100 lg-y100 res-text\">\n                                <div class=\"text-box-content text dark\">\n              \n              <div class=\"text-inner text-center\">\n                  \n\n\t<div id=\"text-151959298\" class=\"text\">\n\t\t\n\n<h1 class=\"lead\">\u00dcber uns<\/h1>\n<p>Die Druckerei f\u00fcr Gewerbe, Privat und Vereine: Beratung, Layout und Fertigstellung.<\/p>\n<p>Alles aus einer Hand.<\/p>\n<p>Wir erf\u00fcllen als f\u00fchrendes Unternehmen im Druckbereich an der schleswig-holsteinischen Westk\u00fcste jeden (fast) Wunsch bei der Produktion von Druckerzeugnissen und Gravurarbeiten.<\/p>\n<p>Unsere geschulten Mitarbeiter stehen Ihnen mit Rat und Tat bei der Erf\u00fcllung Ihrer W\u00fcnsche zur Verf\u00fcgung.<\/p>\n<p>Schauen Sie einfach mal vorbei und \u00fcberzeugen sich von unserem vielf\u00e4ltigem Angebot.<\/p>\n<p>Ihr Team vom DruckZentrum-Westkueste<\/p>\n<p>\u00a0<\/p>\n\t\t\n<style>\n#text-151959298 {\n  color: rgb(255,255,255);\n}\n#text-151959298 > * {\n  color: rgb(255,255,255);\n}\n<\/style>\n\t<\/div>\n\t\n\n              <\/div>\n           <\/div>\n                            \n<style>\n#text-box-2109895512 {\n  width: 60%;\n}\n#text-box-2109895512 .text-box-content {\n  font-size: 100%;\n}\n<\/style>\n    <\/div>\n \n\n        <\/div>\n      <\/div>\n\n            \n<style>\n#banner-415934057 {\n  padding-top: 659px;\n  background-color: rgb(255,255,255);\n}\n#banner-415934057 .overlay {\n  background-color: rgba(0, 0, 0, 0.49);\n}\n#banner-415934057 .banner-bg img {\n  object-position: 0% 0%;\n}\n<\/style>\n  <\/div>\n\n\n<div class=\"row\"  id=\"row-1074919055\">\n\n\n\t<div id=\"col-4522938\" class=\"col small-12 large-12\"  >\n\t\t\t\t<div class=\"col-inner\"  >\n\t\t\t\n\t\t\t\n\n<p class=\"lead text-center\">&nbsp;Auch der grafische Bereich wird bei uns immer mehr erweitert, so ist es selbstverst\u00e4ndlich, dass wir<br \/>Ihnen bei der Erstellung Ihrer gew\u00fcnschten Vorlagen die Gestaltung abnehmen k\u00f6nnen.<br \/>Fotomontagen und Restaurierungsarbeiten von Ihren Bildern sind f\u00fcr uns kein Problem.<br \/>Wir hoffen auf die M\u00f6glichkeit, auch f\u00fcr Sie t\u00e4tig werden zu d\u00fcrfen.<br \/>Und w\u00fcnschen Ihnen alles Gute<\/p>\n<p class=\"lead text-center\">Ihr DruckZentrum-Westkueste<\/p>\n<div class=\"text-center\"><div class=\"is-divider divider clearfix\" ><\/div><\/div>\n\n\n\t\t<\/div>\n\t\t\t\t\t<\/div>\n\n\t\n\n\t<div id=\"col-454898941\" class=\"col medium-3 small-12 large-3\"  >\n\t\t\t\t<div class=\"col-inner\"  >\n\t\t\t\n\t\t\t\n\n\n\t\t<\/div>\n\t\t\t\t\t<\/div>\n\n\t\n\n\t<div id=\"col-1805596039\" class=\"col medium-3 small-12 large-3\"  >\n\t\t\t\t<div class=\"col-inner\"  >\n\t\t\t\n\t\t\t\n\n\n\t\t<\/div>\n\t\t\t\t\t<\/div>\n\n\t\n\n\t<div id=\"col-687870741\" class=\"col medium-3 small-12 large-3\"  >\n\t\t\t\t<div class=\"col-inner\"  >\n\t\t\t\n\t\t\t\n\n\n\t\t<\/div>\n\t\t\t\t\t<\/div>\n\n\t\n\n\t<div id=\"col-583522797\" class=\"col medium-3 small-12 large-3\"  >\n\t\t\t\t<div class=\"col-inner\"  >\n\t\t\t\n\t\t\t\n\n\n\t\t<\/div>\n\t\t\t\t\t<\/div>\n\n\t\n\n<\/div>\n\n","protected":false},"excerpt":{"rendered":"","protected":false},"author":1,"featured_media":0,"parent":146,"menu_order":0,"comment_status":"closed","ping_status":"closed","template":"page-transparent-header-light.php","meta":{"footnotes":""},"class_list":["post-139","page","type-page","status-publish","hentry"],"yoast_head":"<!-- This site is optimized with the Yoast SEO plugin v27.5 - https:\/\/yoast.com\/product\/yoast-seo-wordpress\/ -->\n<title>\u00dcber uns - DruckZentrum-Westkueste<\/title>\n<meta name=\"robots\" content=\"index, follow, max-snippet:-1, max-image-preview:large, max-video-preview:-1\" \/>\n<link rel=\"canonical\" href=\"https:\/\/druckzentrum-westkueste.de\/shop\/elements\/about\/\" \/>\n<meta property=\"og:locale\" content=\"de_DE\" \/>\n<meta property=\"og:type\" content=\"article\" \/>\n<meta property=\"og:title\" content=\"\u00dcber uns - DruckZentrum-Westkueste\" \/>\n<meta property=\"og:url\" content=\"https:\/\/druckzentrum-westkueste.de\/shop\/elements\/about\/\" \/>\n<meta property=\"og:site_name\" content=\"DruckZentrum-Westkueste\" \/>\n<meta property=\"article:modified_time\" content=\"2022-02-07T07:01:12+00:00\" \/>\n<meta name=\"twitter:card\" content=\"summary_large_image\" \/>\n<meta name=\"twitter:label1\" content=\"Gesch\u00e4tzte Lesezeit\" \/>\n\t<meta name=\"twitter:data1\" content=\"2\u00a0Minuten\" \/>\n<script type=\"application\/ld+json\" class=\"yoast-schema-graph\">{\"@context\":\"https:\\\/\\\/schema.org\",\"@graph\":[{\"@type\":\"WebPage\",\"@id\":\"https:\\\/\\\/druckzentrum-westkueste.de\\\/shop\\\/elements\\\/about\\\/\",\"url\":\"https:\\\/\\\/druckzentrum-westkueste.de\\\/shop\\\/elements\\\/about\\\/\",\"name\":\"\u00dcber uns - DruckZentrum-Westkueste\",\"isPartOf\":{\"@id\":\"https:\\\/\\\/druckzentrum-westkueste.de\\\/shop\\\/#website\"},\"datePublished\":\"2013-08-11T17:06:15+00:00\",\"dateModified\":\"2022-02-07T07:01:12+00:00\",\"breadcrumb\":{\"@id\":\"https:\\\/\\\/druckzentrum-westkueste.de\\\/shop\\\/elements\\\/about\\\/#breadcrumb\"},\"inLanguage\":\"de\",\"potentialAction\":[{\"@type\":\"ReadAction\",\"target\":[\"https:\\\/\\\/druckzentrum-westkueste.de\\\/shop\\\/elements\\\/about\\\/\"]}]},{\"@type\":\"BreadcrumbList\",\"@id\":\"https:\\\/\\\/druckzentrum-westkueste.de\\\/shop\\\/elements\\\/about\\\/#breadcrumb\",\"itemListElement\":[{\"@type\":\"ListItem\",\"position\":1,\"name\":\"Startseite\",\"item\":\"https:\\\/\\\/druckzentrum-westkueste.de\\\/shop\\\/\"},{\"@type\":\"ListItem\",\"position\":2,\"name\":\"Elements\",\"item\":\"https:\\\/\\\/druckzentrum-westkueste.de\\\/shop\\\/elements\\\/\"},{\"@type\":\"ListItem\",\"position\":3,\"name\":\"\u00dcber uns\"}]},{\"@type\":\"WebSite\",\"@id\":\"https:\\\/\\\/druckzentrum-westkueste.de\\\/shop\\\/#website\",\"url\":\"https:\\\/\\\/druckzentrum-westkueste.de\\\/shop\\\/\",\"name\":\"DruckZentrum-Westkueste\",\"description\":\"Willkommen im Shopbereich des DruckZentrums-Westkueste ! Druckerzeugnisse aller Art. Schnell und individuell.\",\"publisher\":{\"@id\":\"https:\\\/\\\/druckzentrum-westkueste.de\\\/shop\\\/#organization\"},\"potentialAction\":[{\"@type\":\"SearchAction\",\"target\":{\"@type\":\"EntryPoint\",\"urlTemplate\":\"https:\\\/\\\/druckzentrum-westkueste.de\\\/shop\\\/?s={search_term_string}\"},\"query-input\":{\"@type\":\"PropertyValueSpecification\",\"valueRequired\":true,\"valueName\":\"search_term_string\"}}],\"inLanguage\":\"de\"},{\"@type\":\"Organization\",\"@id\":\"https:\\\/\\\/druckzentrum-westkueste.de\\\/shop\\\/#organization\",\"name\":\"DruckZentrum-Westkueste\",\"url\":\"https:\\\/\\\/druckzentrum-westkueste.de\\\/shop\\\/\",\"logo\":{\"@type\":\"ImageObject\",\"inLanguage\":\"de\",\"@id\":\"https:\\\/\\\/druckzentrum-westkueste.de\\\/shop\\\/#\\\/schema\\\/logo\\\/image\\\/\",\"url\":\"https:\\\/\\\/www.druckzentrum-westkueste.de\\\/shop\\\/wp-content\\\/uploads\\\/2021\\\/11\\\/Webseite_1_1240x156-1-e1637241818265.jpg\",\"contentUrl\":\"https:\\\/\\\/www.druckzentrum-westkueste.de\\\/shop\\\/wp-content\\\/uploads\\\/2021\\\/11\\\/Webseite_1_1240x156-1-e1637241818265.jpg\",\"width\":500,\"height\":63,\"caption\":\"DruckZentrum-Westkueste\"},\"image\":{\"@id\":\"https:\\\/\\\/druckzentrum-westkueste.de\\\/shop\\\/#\\\/schema\\\/logo\\\/image\\\/\"}}]}<\/script>\n<!-- \/ Yoast SEO plugin. -->","yoast_head_json":{"title":"\u00dcber uns - DruckZentrum-Westkueste","robots":{"index":"index","follow":"follow","max-snippet":"max-snippet:-1","max-image-preview":"max-image-preview:large","max-video-preview":"max-video-preview:-1"},"canonical":"https:\/\/druckzentrum-westkueste.de\/shop\/elements\/about\/","og_locale":"de_DE","og_type":"article","og_title":"\u00dcber uns - DruckZentrum-Westkueste","og_url":"https:\/\/druckzentrum-westkueste.de\/shop\/elements\/about\/","og_site_name":"DruckZentrum-Westkueste","article_modified_time":"2022-02-07T07:01:12+00:00","twitter_card":"summary_large_image","twitter_misc":{"Gesch\u00e4tzte Lesezeit":"2\u00a0Minuten"},"schema":{"@context":"https:\/\/schema.org","@graph":[{"@type":"WebPage","@id":"https:\/\/druckzentrum-westkueste.de\/shop\/elements\/about\/","url":"https:\/\/druckzentrum-westkueste.de\/shop\/elements\/about\/","name":"\u00dcber uns - DruckZentrum-Westkueste","isPartOf":{"@id":"https:\/\/druckzentrum-westkueste.de\/shop\/#website"},"datePublished":"2013-08-11T17:06:15+00:00","dateModified":"2022-02-07T07:01:12+00:00","breadcrumb":{"@id":"https:\/\/druckzentrum-westkueste.de\/shop\/elements\/about\/#breadcrumb"},"inLanguage":"de","potentialAction":[{"@type":"ReadAction","target":["https:\/\/druckzentrum-westkueste.de\/shop\/elements\/about\/"]}]},{"@type":"BreadcrumbList","@id":"https:\/\/druckzentrum-westkueste.de\/shop\/elements\/about\/#breadcrumb","itemListElement":[{"@type":"ListItem","position":1,"name":"Startseite","item":"https:\/\/druckzentrum-westkueste.de\/shop\/"},{"@type":"ListItem","position":2,"name":"Elements","item":"https:\/\/druckzentrum-westkueste.de\/shop\/elements\/"},{"@type":"ListItem","position":3,"name":"\u00dcber uns"}]},{"@type":"WebSite","@id":"https:\/\/druckzentrum-westkueste.de\/shop\/#website","url":"https:\/\/druckzentrum-westkueste.de\/shop\/","name":"DruckZentrum-Westkueste","description":"Willkommen im Shopbereich des DruckZentrums-Westkueste ! Druckerzeugnisse aller Art. Schnell und individuell.","publisher":{"@id":"https:\/\/druckzentrum-westkueste.de\/shop\/#organization"},"potentialAction":[{"@type":"SearchAction","target":{"@type":"EntryPoint","urlTemplate":"https:\/\/druckzentrum-westkueste.de\/shop\/?s={search_term_string}"},"query-input":{"@type":"PropertyValueSpecification","valueRequired":true,"valueName":"search_term_string"}}],"inLanguage":"de"},{"@type":"Organization","@id":"https:\/\/druckzentrum-westkueste.de\/shop\/#organization","name":"DruckZentrum-Westkueste","url":"https:\/\/druckzentrum-westkueste.de\/shop\/","logo":{"@type":"ImageObject","inLanguage":"de","@id":"https:\/\/druckzentrum-westkueste.de\/shop\/#\/schema\/logo\/image\/","url":"https:\/\/www.druckzentrum-westkueste.de\/shop\/wp-content\/uploads\/2021\/11\/Webseite_1_1240x156-1-e1637241818265.jpg","contentUrl":"https:\/\/www.druckzentrum-westkueste.de\/shop\/wp-content\/uploads\/2021\/11\/Webseite_1_1240x156-1-e1637241818265.jpg","width":500,"height":63,"caption":"DruckZentrum-Westkueste"},"image":{"@id":"https:\/\/druckzentrum-westkueste.de\/shop\/#\/schema\/logo\/image\/"}}]}},"_links":{"self":[{"href":"https:\/\/druckzentrum-westkueste.de\/shop\/wp-json\/wp\/v2\/pages\/139","targetHints":{"allow":["GET"]}}],"collection":[{"href":"https:\/\/druckzentrum-westkueste.de\/shop\/wp-json\/wp\/v2\/pages"}],"about":[{"href":"https:\/\/druckzentrum-westkueste.de\/shop\/wp-json\/wp\/v2\/types\/page"}],"author":[{"embeddable":true,"href":"https:\/\/druckzentrum-westkueste.de\/shop\/wp-json\/wp\/v2\/users\/1"}],"replies":[{"embeddable":true,"href":"https:\/\/druckzentrum-westkueste.de\/shop\/wp-json\/wp\/v2\/comments?post=139"}],"version-history":[{"count":0,"href":"https:\/\/druckzentrum-westkueste.de\/shop\/wp-json\/wp\/v2\/pages\/139\/revisions"}],"up":[{"embeddable":true,"href":"https:\/\/druckzentrum-westkueste.de\/shop\/wp-json\/wp\/v2\/pages\/146"}],"wp:attachment":[{"href":"https:\/\/druckzentrum-westkueste.de\/shop\/wp-json\/wp\/v2\/media?parent=139"}],"curies":[{"name":"wp","href":"https:\/\/api.w.org\/{rel}","templated":true}]}}