{"id":1437,"date":"2021-11-18T21:18:25","date_gmt":"2021-11-18T20:18:25","guid":{"rendered":"https:\/\/www.druckzentrum-westkueste.de\/shop\/?page_id=1437"},"modified":"2026-02-23T08:05:36","modified_gmt":"2026-02-23T07:05:36","slug":"druckzentrum-shop","status":"publish","type":"page","link":"https:\/\/druckzentrum-westkueste.de\/shop\/","title":{"rendered":"DruckZentrum-Westkueste"},"content":{"rendered":"\n  <div id=\"page-header-1250846775\" class=\"page-header-wrapper\">\n  <div class=\"page-title dark featured-title\">\n\n        <div class=\"page-title-bg\">\n      <div class=\"title-bg fill bg-fill\"\n        data-parallax-container=\".page-title\"\n        data-parallax-background\n        data-parallax=\"-\">\n      <\/div>\n      <div class=\"title-overlay fill\"><\/div>\n    <\/div>\n    \n    <div class=\"page-title-inner container align-center text-center flex-row-col medium-flex-wrap\" >\n              <div class=\"title-wrapper is-xlarge flex-col\">\n          <h1 class=\"entry-title mb-0\">\n            Moin \u2013 Herzlich willkommen!          <\/h1>\n        <\/div>\n                    <div class=\"title-content flex-col\">\n        <div class=\"title-breadcrumbs pb-half pt-half\"><nav class=\"woocommerce-breadcrumb breadcrumbs uppercase\" aria-label=\"Breadcrumb\">Start<\/nav><\/div>      <\/div>\n    <\/div>\n\n     \n<style>\n#page-header-1250846775 .page-title-inner {\n  min-height: 400px;\n}\n#page-header-1250846775 .title-bg {\n  background-image: url(https:\/\/druckzentrum-westkueste.de\/shop\/wp-content\/uploads\/2022\/11\/gull-2654561_1280.jpg);\n}\n<\/style>\n  <\/div>\n    <\/div>\n  \n\n\n\t<section class=\"section\" id=\"section_641989609\">\n\t\t<div class=\"section-bg fill\" >\n\t\t\t\t\t\t\t\t\t<div class=\"section-bg-overlay absolute fill\"><\/div>\n\t\t\t\n\n\t\t<\/div>\n\n\t\t\n\n\t\t<div class=\"section-content relative\">\n\t\t\t\n\n\t<div id=\"text-1498838687\" class=\"text\">\n\t\t\n\n<h1 style=\"text-align: center;\">DruckZentrum-Westkueste<\/h1>\n<h3 style=\"text-align: center;\">Ihr schneller Druckpartner vor Ort und regional in Schleswig-Holstein.<br>Wir bieten Ihnen Know-How und ein gro\u00dfes Angebot!<\/h3>\n<p>Von der Visitenkarte oder Einladungskarte, Hardcoverbindungen von Bachelorarbeiten, Postkarten \u00fcber Bildbearbeitung, individuellen Geschenkartikeln, Bierdeckeln, Scan- und Plottarbeiten, Leinwand- Holz- und Posterdruck, Druck auf PVC, Acryl, Aluverbund, hochwertigen Textildruck, Anfertigung von Schildern, Bannern, Gravuren bis hin zu gro\u00dfformatigen Werbefl\u00e4chen und Raumgestaltungselementen wie Sichtschutz und UV- und witterungsbest\u00e4ndigem Druck auf (Holz-)T\u00fcren und Schrankw\u00e4nden. Auch individuelle Parkettgestaltung ist m\u00f6glich.<\/p>\n<p>Wir bedrucken fast alles!<\/p>\n\t\t\n<style>\n#text-1498838687 {\n  text-align: center;\n}\n<\/style>\n\t<\/div>\n\t\n\n\t\t<\/div>\n\n\t\t\n<style>\n#section_641989609 {\n  padding-top: 30px;\n  padding-bottom: 30px;\n  background-color: rgb(220, 220, 220);\n}\n#section_641989609 .section-bg-overlay {\n  background-color: rgba(255, 255, 255, 0.62);\n}\n<\/style>\n\t<\/section>\n\t\n\n\t<section class=\"section\" id=\"section_1008223053\">\n\t\t<div class=\"section-bg fill\" >\n\t\t\t\t\t\t\t\t\t<div class=\"section-bg-overlay absolute fill\"><\/div>\n\t\t\t\n\n\t\t<\/div>\n\n\t\t\n\n\t\t<div class=\"section-content relative\">\n\t\t\t\n\n<div class=\"row\"  id=\"row-1365335683\">\n\n\n\t<div id=\"col-1152082552\" class=\"col medium-4 small-12 large-4\"  >\n\t\t\t\t<div class=\"col-inner\"  >\n\t\t\t\n\t\t\t\n\n\t<div class=\"box has-hover   has-hover box-text-bottom\" >\n\n\t\t<div class=\"box-image\" >\n\t\t\t<a href=\"https:\/\/druckzentrum-westkueste.de\/shop\/produkt\/druck-und-hardcoverbindung-abschlussarbeiten\" >\t\t\t<div class=\"\" >\n\t\t\t\t<img loading=\"lazy\" decoding=\"async\" width=\"1458\" height=\"1467\" src=\"https:\/\/druckzentrum-westkueste.de\/shop\/wp-content\/uploads\/2023\/01\/Hardcoverbindungen-1.jpg\" class=\"attachment- size-\" alt=\"\" srcset=\"https:\/\/druckzentrum-westkueste.de\/shop\/wp-content\/uploads\/2023\/01\/Hardcoverbindungen-1.jpg 1458w, https:\/\/druckzentrum-westkueste.de\/shop\/wp-content\/uploads\/2023\/01\/Hardcoverbindungen-1-100x100.jpg 100w, https:\/\/druckzentrum-westkueste.de\/shop\/wp-content\/uploads\/2023\/01\/Hardcoverbindungen-1-510x513.jpg 510w, https:\/\/druckzentrum-westkueste.de\/shop\/wp-content\/uploads\/2023\/01\/Hardcoverbindungen-1-398x400.jpg 398w, https:\/\/druckzentrum-westkueste.de\/shop\/wp-content\/uploads\/2023\/01\/Hardcoverbindungen-1-795x800.jpg 795w, https:\/\/druckzentrum-westkueste.de\/shop\/wp-content\/uploads\/2023\/01\/Hardcoverbindungen-1-768x773.jpg 768w, https:\/\/druckzentrum-westkueste.de\/shop\/wp-content\/uploads\/2023\/01\/Hardcoverbindungen-1-1320x1328.jpg 1320w\" sizes=\"auto, (max-width: 1458px) 100vw, 1458px\" \/>\t\t\t\t\t\t\t\t\t\t\t<\/div>\n\t\t\t<\/a>\t\t<\/div>\n\n\t\t<div class=\"box-text text-center\" >\n\t\t\t<div class=\"box-text-inner\">\n\t\t\t\t\n\n<h2>Hardcoverbindung<\/h2>\n<p>f\u00fcr Bachelor-, Master- und Doktorarbeiten.<\/p>\n<a data-animate=\"fadeInLeft\" href=\"https:\/\/druckzentrum-westkueste.de\/shop\/produkt\/druck-und-hardcoverbindung-abschlussarbeiten\" class=\"button primary is-outline box-shadow-2\" style=\"border-radius:99px;\">\n\t\t<span>zum Shop<\/span>\n\t<\/a>\n\n\n\n\t\t\t<\/div>\n\t\t<\/div>\n\t<\/div>\n\t\n\n\t\t<\/div>\n\t\t\t\t\t<\/div>\n\n\t\n\n\t<div id=\"col-841012039\" class=\"col medium-4 small-12 large-4\"  >\n\t\t\t\t<div class=\"col-inner\"  >\n\t\t\t\n\t\t\t\n\n\t<div class=\"box has-hover   has-hover box-text-bottom\" >\n\n\t\t<div class=\"box-image\" >\n\t\t\t<a href=\"https:\/\/druckzentrum-westkueste.de\/shop\/produkt\/geschenkebox\" >\t\t\t<div class=\"\" >\n\t\t\t\t<img loading=\"lazy\" decoding=\"async\" width=\"600\" height=\"600\" src=\"https:\/\/druckzentrum-westkueste.de\/shop\/wp-content\/uploads\/2022\/12\/box_eckig_grau_600x600.jpg\" class=\"attachment- size-\" alt=\"\" srcset=\"https:\/\/druckzentrum-westkueste.de\/shop\/wp-content\/uploads\/2022\/12\/box_eckig_grau_600x600.jpg 600w, https:\/\/druckzentrum-westkueste.de\/shop\/wp-content\/uploads\/2022\/12\/box_eckig_grau_600x600-100x100.jpg 100w, https:\/\/druckzentrum-westkueste.de\/shop\/wp-content\/uploads\/2022\/12\/box_eckig_grau_600x600-510x510.jpg 510w, https:\/\/druckzentrum-westkueste.de\/shop\/wp-content\/uploads\/2022\/12\/box_eckig_grau_600x600-400x400.jpg 400w, https:\/\/druckzentrum-westkueste.de\/shop\/wp-content\/uploads\/2022\/12\/box_eckig_grau_600x600-280x280.jpg 280w\" sizes=\"auto, (max-width: 600px) 100vw, 600px\" \/>\t\t\t\t\t\t\t\t\t\t\t<\/div>\n\t\t\t<\/a>\t\t<\/div>\n\n\t\t<div class=\"box-text text-center\" >\n\t\t\t<div class=\"box-text-inner\">\n\t\t\t\t\n\n<h2>Geschenkebox<\/h2>\n<p>Geschenkebox mit lebensmittelechter Beschichtung.<\/p>\n<a data-animate=\"fadeInLeft\" href=\"https:\/\/druckzentrum-westkueste.de\/shop\/produkt\/geschenkebox\/\" class=\"button primary is-outline box-shadow-2\" style=\"border-radius:99px;\">\n\t\t<span>zum Shop<\/span>\n\t<\/a>\n\n\n\n\t\t\t<\/div>\n\t\t<\/div>\n\t<\/div>\n\t\n\n\t\t<\/div>\n\t\t\t\t\t<\/div>\n\n\t\n\n\t<div id=\"col-1515699441\" class=\"col medium-4 small-12 large-4\"  >\n\t\t\t\t<div class=\"col-inner\"  >\n\t\t\t\n\t\t\t\n\n\t<div class=\"box has-hover   has-hover box-text-bottom\" >\n\n\t\t<div class=\"box-image\" >\n\t\t\t<a href=\"https:\/\/druckzentrum-westkueste.de\/shop\/produkt\/foto-keramiktasse-two-tones-handle\/\" >\t\t\t<div class=\"\" >\n\t\t\t\t<img loading=\"lazy\" decoding=\"async\" width=\"1458\" height=\"1467\" src=\"https:\/\/druckzentrum-westkueste.de\/shop\/wp-content\/uploads\/2023\/01\/becher-two-tone.jpg\" class=\"attachment- size-\" alt=\"\" srcset=\"https:\/\/druckzentrum-westkueste.de\/shop\/wp-content\/uploads\/2023\/01\/becher-two-tone.jpg 1458w, https:\/\/druckzentrum-westkueste.de\/shop\/wp-content\/uploads\/2023\/01\/becher-two-tone-100x100.jpg 100w, https:\/\/druckzentrum-westkueste.de\/shop\/wp-content\/uploads\/2023\/01\/becher-two-tone-510x513.jpg 510w, https:\/\/druckzentrum-westkueste.de\/shop\/wp-content\/uploads\/2023\/01\/becher-two-tone-398x400.jpg 398w, https:\/\/druckzentrum-westkueste.de\/shop\/wp-content\/uploads\/2023\/01\/becher-two-tone-795x800.jpg 795w, https:\/\/druckzentrum-westkueste.de\/shop\/wp-content\/uploads\/2023\/01\/becher-two-tone-768x773.jpg 768w, https:\/\/druckzentrum-westkueste.de\/shop\/wp-content\/uploads\/2023\/01\/becher-two-tone-1320x1328.jpg 1320w\" sizes=\"auto, (max-width: 1458px) 100vw, 1458px\" \/>\t\t\t\t\t\t\t\t\t\t\t<\/div>\n\t\t\t<\/a>\t\t<\/div>\n\n\t\t<div class=\"box-text text-center\" >\n\t\t\t<div class=\"box-text-inner\">\n\t\t\t\t\n\n<h4>Keramiktassen in verschiedenen Farben \u2013 TWO TONES &amp; HANDLE<\/h4>\n<p>mit eigenen Motiven<\/p>\n<a href=\"https:\/\/druckzentrum-westkueste.de\/shop\/produkt-kategorie\/tassen-becher\/\" class=\"button primary is-outline box-shadow-2\" style=\"border-radius:99px;\">\n\t\t<span>Zum Shop<\/span>\n\t<\/a>\n\n\n\n\t\t\t<\/div>\n\t\t<\/div>\n\t<\/div>\n\t\n\n\t\t<\/div>\n\t\t\t\t\t<\/div>\n\n\t\n\n<\/div>\n<h3 style=\"text-align: center;\"><strong>\u00d6ffnungszeiten:<\/strong><br \/><strong>Montag bis Donnerstag von <\/strong><strong>9.00 \u2013 18.00 Uhr<br \/><\/strong><strong>Freitag von 9.00 \u2013 14.00 Uhr<\/strong><\/h3>\n\n\t\t<\/div>\n\n\t\t\n<style>\n#section_1008223053 {\n  padding-top: 30px;\n  padding-bottom: 30px;\n  background-color: rgb(255, 255, 255);\n}\n#section_1008223053 .section-bg-overlay {\n  background-color: rgba(255, 255, 255, 0.62);\n}\n<\/style>\n\t<\/section>\n\t\n\n  <div class=\"banner has-hover\" id=\"banner-982753653\">\n          <div class=\"banner-inner fill\">\n        <div class=\"banner-bg fill\" >\n                                    <div class=\"overlay\"><\/div>            \n                    <\/div>\n\t\t\n        <div class=\"banner-layers container\">\n            <div class=\"fill banner-link\"><\/div>            \n\n   <div id=\"text-box-1015654126\" class=\"text-box banner-layer x50 md-x50 lg-x50 y50 md-y50 lg-y50 res-text\">\n                                <div class=\"text-box-content text dark\">\n              \n              <div class=\"text-inner text-center\">\n                  \n\n<h2 class=\"uppercase\"><strong>Die Welt der M\u00f6glichkeiten<\/strong><\/h2>\n<p class=\"lead\">Unser Know How \u2013 Ihre Kreativit\u00e4t!<\/p>\n<a href=\"https:\/\/druckzentrum-westkueste.de\/shop\/sortiment-2023\/\" class=\"button white is-outline\" style=\"border-radius:99px;\">\n\t\t<span>Zu unserem Sortiment<\/span>\n\t<\/a>\n\n\n\n              <\/div>\n           <\/div>\n                            \n<style>\n#text-box-1015654126 {\n  width: 96%;\n}\n#text-box-1015654126 .text-box-content {\n  font-size: 100%;\n}\n@media (min-width:550px) {\n  #text-box-1015654126 {\n    width: 40%;\n  }\n}\n<\/style>\n    <\/div>\n \n\n        <\/div>\n      <\/div>\n\n            \n<style>\n#banner-982753653 {\n  padding-top: 318px;\n  background-color: rgb(223, 223, 223);\n}\n#banner-982753653 .overlay {\n  background-color: rgba(0, 0, 0, 0.49);\n}\n<\/style>\n  <\/div>\n\n\n\n\n<iframe src=\"https:\/\/www.google.com\/maps\/embed?pb=!1m14!1m8!1m3!1d27980.17251843715!2d9.109231941277057!3d54.19219542172429!3m2!1i1024!2i768!4f13.1!3m3!1m2!1s0x0%3A0x60dc534fddd68a51!2sDruckZentrum-Westkueste!5e0!3m2!1sde!2sde!4v1673272759226!5m2!1sde!2sde\" width=\"1920\" height=\"550\" style=\"border:0;\" allowfullscreen=\"\" loading=\"lazy\" referrerpolicy=\"no-referrer-when-downgrade\"><\/iframe>\n\n\n","protected":false},"excerpt":{"rendered":"","protected":false},"author":25,"featured_media":0,"parent":0,"menu_order":0,"comment_status":"closed","ping_status":"closed","template":"page-blank.php","meta":{"footnotes":""},"class_list":["post-1437","page","type-page","status-publish","hentry"],"yoast_head":"<!-- This site is optimized with the Yoast SEO plugin v27.4 - https:\/\/yoast.com\/product\/yoast-seo-wordpress\/ -->\n<title>DruckZentrum-Westkueste Druckzentrum-Westk\u00fcste - DruckZentrum-Westkueste<\/title>\n<meta name=\"description\" content=\"DruckZentrum-Westk\u00fcste Ihr schneller Druckpartner vor Ort. Regional in Schleswig-Holstein. Unsere Druckm\u00f6glichkeiten\" \/>\n<meta name=\"robots\" content=\"index, follow, max-snippet:-1, max-image-preview:large, max-video-preview:-1\" \/>\n<link rel=\"canonical\" href=\"https:\/\/druckzentrum-westkueste.de\/shop\/\" \/>\n<meta property=\"og:locale\" content=\"de_DE\" \/>\n<meta property=\"og:type\" content=\"article\" \/>\n<meta property=\"og:title\" content=\"DruckZentrum-Westkueste Druckzentrum-Westk\u00fcste - DruckZentrum-Westkueste\" \/>\n<meta property=\"og:description\" content=\"DruckZentrum-Westk\u00fcste Ihr schneller Druckpartner vor Ort. Regional in Schleswig-Holstein. Unsere Druckm\u00f6glichkeiten\" \/>\n<meta property=\"og:url\" content=\"https:\/\/druckzentrum-westkueste.de\/shop\/\" \/>\n<meta property=\"og:site_name\" content=\"DruckZentrum-Westkueste\" \/>\n<meta property=\"article:modified_time\" content=\"2026-02-23T07:05:36+00:00\" \/>\n<meta name=\"twitter:card\" content=\"summary_large_image\" \/>\n<meta name=\"twitter:label1\" content=\"Gesch\u00e4tzte Lesezeit\" \/>\n\t<meta name=\"twitter:data1\" content=\"2\u00a0Minuten\" \/>\n<script type=\"application\/ld+json\" class=\"yoast-schema-graph\">{\"@context\":\"https:\\\/\\\/schema.org\",\"@graph\":[{\"@type\":\"WebPage\",\"@id\":\"https:\\\/\\\/druckzentrum-westkueste.de\\\/shop\\\/\",\"url\":\"https:\\\/\\\/druckzentrum-westkueste.de\\\/shop\\\/\",\"name\":\"DruckZentrum-Westkueste Druckzentrum-Westk\u00fcste - DruckZentrum-Westkueste\",\"isPartOf\":{\"@id\":\"https:\\\/\\\/druckzentrum-westkueste.de\\\/shop\\\/#website\"},\"datePublished\":\"2021-11-18T20:18:25+00:00\",\"dateModified\":\"2026-02-23T07:05:36+00:00\",\"description\":\"DruckZentrum-Westk\u00fcste Ihr schneller Druckpartner vor Ort. Regional in Schleswig-Holstein. Unsere Druckm\u00f6glichkeiten\",\"breadcrumb\":{\"@id\":\"https:\\\/\\\/druckzentrum-westkueste.de\\\/shop\\\/#breadcrumb\"},\"inLanguage\":\"de\",\"potentialAction\":[{\"@type\":\"ReadAction\",\"target\":[\"https:\\\/\\\/druckzentrum-westkueste.de\\\/shop\\\/\"]}]},{\"@type\":\"BreadcrumbList\",\"@id\":\"https:\\\/\\\/druckzentrum-westkueste.de\\\/shop\\\/#breadcrumb\",\"itemListElement\":[{\"@type\":\"ListItem\",\"position\":1,\"name\":\"Startseite\",\"item\":\"https:\\\/\\\/druckzentrum-westkueste.de\\\/shop\\\/\"},{\"@type\":\"ListItem\",\"position\":2,\"name\":\"DruckZentrum-Westkueste\"}]},{\"@type\":\"WebSite\",\"@id\":\"https:\\\/\\\/druckzentrum-westkueste.de\\\/shop\\\/#website\",\"url\":\"https:\\\/\\\/druckzentrum-westkueste.de\\\/shop\\\/\",\"name\":\"DruckZentrum-Westkueste\",\"description\":\"Willkommen im Shopbereich des DruckZentrums-Westkueste ! Druckerzeugnisse aller Art. Schnell und individuell.\",\"publisher\":{\"@id\":\"https:\\\/\\\/druckzentrum-westkueste.de\\\/shop\\\/#organization\"},\"potentialAction\":[{\"@type\":\"SearchAction\",\"target\":{\"@type\":\"EntryPoint\",\"urlTemplate\":\"https:\\\/\\\/druckzentrum-westkueste.de\\\/shop\\\/?s={search_term_string}\"},\"query-input\":{\"@type\":\"PropertyValueSpecification\",\"valueRequired\":true,\"valueName\":\"search_term_string\"}}],\"inLanguage\":\"de\"},{\"@type\":\"Organization\",\"@id\":\"https:\\\/\\\/druckzentrum-westkueste.de\\\/shop\\\/#organization\",\"name\":\"DruckZentrum-Westkueste\",\"url\":\"https:\\\/\\\/druckzentrum-westkueste.de\\\/shop\\\/\",\"logo\":{\"@type\":\"ImageObject\",\"inLanguage\":\"de\",\"@id\":\"https:\\\/\\\/druckzentrum-westkueste.de\\\/shop\\\/#\\\/schema\\\/logo\\\/image\\\/\",\"url\":\"https:\\\/\\\/www.druckzentrum-westkueste.de\\\/shop\\\/wp-content\\\/uploads\\\/2021\\\/11\\\/Webseite_1_1240x156-1-e1637241818265.jpg\",\"contentUrl\":\"https:\\\/\\\/www.druckzentrum-westkueste.de\\\/shop\\\/wp-content\\\/uploads\\\/2021\\\/11\\\/Webseite_1_1240x156-1-e1637241818265.jpg\",\"width\":500,\"height\":63,\"caption\":\"DruckZentrum-Westkueste\"},\"image\":{\"@id\":\"https:\\\/\\\/druckzentrum-westkueste.de\\\/shop\\\/#\\\/schema\\\/logo\\\/image\\\/\"}}]}<\/script>\n<!-- \/ Yoast SEO plugin. -->","yoast_head_json":{"title":"DruckZentrum-Westkueste Druckzentrum-Westk\u00fcste - DruckZentrum-Westkueste","description":"DruckZentrum-Westk\u00fcste Ihr schneller Druckpartner vor Ort. Regional in Schleswig-Holstein. Unsere Druckm\u00f6glichkeiten","robots":{"index":"index","follow":"follow","max-snippet":"max-snippet:-1","max-image-preview":"max-image-preview:large","max-video-preview":"max-video-preview:-1"},"canonical":"https:\/\/druckzentrum-westkueste.de\/shop\/","og_locale":"de_DE","og_type":"article","og_title":"DruckZentrum-Westkueste Druckzentrum-Westk\u00fcste - DruckZentrum-Westkueste","og_description":"DruckZentrum-Westk\u00fcste Ihr schneller Druckpartner vor Ort. Regional in Schleswig-Holstein. Unsere Druckm\u00f6glichkeiten","og_url":"https:\/\/druckzentrum-westkueste.de\/shop\/","og_site_name":"DruckZentrum-Westkueste","article_modified_time":"2026-02-23T07:05:36+00:00","twitter_card":"summary_large_image","twitter_misc":{"Gesch\u00e4tzte Lesezeit":"2\u00a0Minuten"},"schema":{"@context":"https:\/\/schema.org","@graph":[{"@type":"WebPage","@id":"https:\/\/druckzentrum-westkueste.de\/shop\/","url":"https:\/\/druckzentrum-westkueste.de\/shop\/","name":"DruckZentrum-Westkueste Druckzentrum-Westk\u00fcste - DruckZentrum-Westkueste","isPartOf":{"@id":"https:\/\/druckzentrum-westkueste.de\/shop\/#website"},"datePublished":"2021-11-18T20:18:25+00:00","dateModified":"2026-02-23T07:05:36+00:00","description":"DruckZentrum-Westk\u00fcste Ihr schneller Druckpartner vor Ort. Regional in Schleswig-Holstein. Unsere Druckm\u00f6glichkeiten","breadcrumb":{"@id":"https:\/\/druckzentrum-westkueste.de\/shop\/#breadcrumb"},"inLanguage":"de","potentialAction":[{"@type":"ReadAction","target":["https:\/\/druckzentrum-westkueste.de\/shop\/"]}]},{"@type":"BreadcrumbList","@id":"https:\/\/druckzentrum-westkueste.de\/shop\/#breadcrumb","itemListElement":[{"@type":"ListItem","position":1,"name":"Startseite","item":"https:\/\/druckzentrum-westkueste.de\/shop\/"},{"@type":"ListItem","position":2,"name":"DruckZentrum-Westkueste"}]},{"@type":"WebSite","@id":"https:\/\/druckzentrum-westkueste.de\/shop\/#website","url":"https:\/\/druckzentrum-westkueste.de\/shop\/","name":"DruckZentrum-Westkueste","description":"Willkommen im Shopbereich des DruckZentrums-Westkueste ! Druckerzeugnisse aller Art. Schnell und individuell.","publisher":{"@id":"https:\/\/druckzentrum-westkueste.de\/shop\/#organization"},"potentialAction":[{"@type":"SearchAction","target":{"@type":"EntryPoint","urlTemplate":"https:\/\/druckzentrum-westkueste.de\/shop\/?s={search_term_string}"},"query-input":{"@type":"PropertyValueSpecification","valueRequired":true,"valueName":"search_term_string"}}],"inLanguage":"de"},{"@type":"Organization","@id":"https:\/\/druckzentrum-westkueste.de\/shop\/#organization","name":"DruckZentrum-Westkueste","url":"https:\/\/druckzentrum-westkueste.de\/shop\/","logo":{"@type":"ImageObject","inLanguage":"de","@id":"https:\/\/druckzentrum-westkueste.de\/shop\/#\/schema\/logo\/image\/","url":"https:\/\/www.druckzentrum-westkueste.de\/shop\/wp-content\/uploads\/2021\/11\/Webseite_1_1240x156-1-e1637241818265.jpg","contentUrl":"https:\/\/www.druckzentrum-westkueste.de\/shop\/wp-content\/uploads\/2021\/11\/Webseite_1_1240x156-1-e1637241818265.jpg","width":500,"height":63,"caption":"DruckZentrum-Westkueste"},"image":{"@id":"https:\/\/druckzentrum-westkueste.de\/shop\/#\/schema\/logo\/image\/"}}]}},"_links":{"self":[{"href":"https:\/\/druckzentrum-westkueste.de\/shop\/wp-json\/wp\/v2\/pages\/1437","targetHints":{"allow":["GET"]}}],"collection":[{"href":"https:\/\/druckzentrum-westkueste.de\/shop\/wp-json\/wp\/v2\/pages"}],"about":[{"href":"https:\/\/druckzentrum-westkueste.de\/shop\/wp-json\/wp\/v2\/types\/page"}],"author":[{"embeddable":true,"href":"https:\/\/druckzentrum-westkueste.de\/shop\/wp-json\/wp\/v2\/users\/25"}],"replies":[{"embeddable":true,"href":"https:\/\/druckzentrum-westkueste.de\/shop\/wp-json\/wp\/v2\/comments?post=1437"}],"version-history":[{"count":7,"href":"https:\/\/druckzentrum-westkueste.de\/shop\/wp-json\/wp\/v2\/pages\/1437\/revisions"}],"predecessor-version":[{"id":16422,"href":"https:\/\/druckzentrum-westkueste.de\/shop\/wp-json\/wp\/v2\/pages\/1437\/revisions\/16422"}],"wp:attachment":[{"href":"https:\/\/druckzentrum-westkueste.de\/shop\/wp-json\/wp\/v2\/media?parent=1437"}],"curies":[{"name":"wp","href":"https:\/\/api.w.org\/{rel}","templated":true}]}}