{"id":20307,"date":"2025-03-13T16:19:58","date_gmt":"2025-03-13T15:19:58","guid":{"rendered":"https:\/\/druckzentrum-westkueste.de\/shop\/?page_id=20307"},"modified":"2025-03-13T17:31:04","modified_gmt":"2025-03-13T16:31:04","slug":"die-stele-von-udo-rickel-aus-der-ndr-reportage","status":"publish","type":"page","link":"https:\/\/druckzentrum-westkueste.de\/shop\/die-stele-von-udo-rickel-aus-der-ndr-reportage\/","title":{"rendered":"Stele"},"content":{"rendered":"\n<div class=\"container section-title-container\" ><h3 class=\"section-title section-title-normal\"><b aria-hidden=\"true\"><\/b><span class=\"section-title-main\" >Eine Stele f\u00fcr die Demokratie - von udo Rickel<\/span><b aria-hidden=\"true\"><\/b><\/h3><\/div>\n\n<div class=\"row\"  id=\"row-1850676357\">\n\n\n\t<div id=\"col-840195888\" class=\"col medium-6 small-12 large-6\"  >\n\t\t\t\t<div class=\"col-inner\"  >\n\t\t\t\n\t\t\t\n\n<h3 style=\"text-align: left;\">Die Stele<\/h3>\n<p style=\"text-align: left;\">Die Stele f\u00fcr Demokratie und ein gemeinsames Miteinander. Entwickelt von Udo Rickel.<\/p>\n<p style=\"text-align: left;\">Unsere Welt braucht Zeichen \u2013 Zeichen f\u00fcr Respekt, Dialog und Zusammenhalt. Die von Zeitzeuge Udo Rickel entworfene Stele ist genau das: ein Denkansto\u00df, ein Gespr\u00e4chs\u00f6ffner, ein Symbol f\u00fcr ein besseres Miteinander.<\/p>\n<p style=\"text-align: left;\">Was macht die Stele besonders?<\/p>\n<p style=\"text-align: left;\">\u2705 Inspirierend \u2013 Die Inschrift regt zum Nachdenken an und l\u00e4dt dazu ein, sich mit eigenen Werten auseinanderzusetzen.<\/p>\n<p style=\"text-align: left;\">\u2705 Robust &amp; langlebig \u2013 Hergestellt aus hochwertigen, wetterfesten Materialien.<\/p>\n<p style=\"text-align: left;\">\u2705 Feuerhemmend &amp; nachhaltig \u2013 Sicher in jeder Umgebung und umweltfreundlich produziert.<\/p>\n<p style=\"text-align: left;\">\u2705 Individuell einsetzbar \u2013 Ideal f\u00fcr \u00f6ffentliche Pl\u00e4tze, Schulen, Unternehmen oder soziale Einrichtungen.<\/p>\n<p>\u2705 Personalisierbar \u2013 Die erste Zeile ist mit Ihrem Namen, Begriff, \u00e4nderbar.<\/p>\n<p style=\"text-align: left;\">Setzen Sie ein Zeichen!<br \/>Die Stele kann direkt bei uns im Druckzentrum gedruckt werden. Bereits ab 99,00 \u20ac Netto pro St\u00fcck erh\u00e4ltlich \u2013 Mengenrabatte auf Anfrage.<\/p>\n<p style=\"text-align: left;\">\ud83d\udca1 Kontaktieren SIe uns einfach:\u00a0\u00a0\u00a0\u00a0\u00a0\u00a0\u00a0\u00a0\u00a0\u00a0\u00a0\u00a0\u00a0\u00a0\u00a0\u00a0\u00a0\u00a0\u00a0\u00a0\u00a0\u00a0\u00a0\u00a0\u00a0\u00a0\u00a0\u00a0 info@druckzentrum-westkueste.de <br \/>Tel. 0481-62391<br \/><br \/>Wir freuen uns auf Ihre Bestelltung!<br \/><br \/>Weitere Informationen \u00fcber Udo Rickel finden Sie in der NDR-Reportage <a href=\"https:\/\/www.ndr.de\/geschichte\/koepfe\/Von-Fanatismus-angeekelt-Zeitzeuge-Rickel-kaempft-fuer-Demokratie,zeitzeuge292.html\">(hier klicken).<\/a><\/p>\n\n\t\t<\/div>\n\t\t\t\t\t<\/div>\n\n\t\n\n\t<div id=\"col-2104086180\" class=\"col medium-6 small-12 large-6\"  >\n\t\t\t\t<div class=\"col-inner\"  >\n\t\t\t\n\t\t\t\n\n\t<div class=\"img has-hover x md-x lg-x y md-y lg-y\" id=\"image_462361860\">\n\t\t\t\t\t\t\t\t<div class=\"img-inner dark\" >\n\t\t\t<img loading=\"lazy\" decoding=\"async\" width=\"768\" height=\"1364\" src=\"https:\/\/druckzentrum-westkueste.de\/shop\/wp-content\/uploads\/2025\/03\/20250307_114703-768x1364.jpg\" class=\"attachment-medium_large size-medium_large\" alt=\"\" srcset=\"https:\/\/druckzentrum-westkueste.de\/shop\/wp-content\/uploads\/2025\/03\/20250307_114703-768x1364.jpg 768w, https:\/\/druckzentrum-westkueste.de\/shop\/wp-content\/uploads\/2025\/03\/20250307_114703-225x400.jpg 225w, https:\/\/druckzentrum-westkueste.de\/shop\/wp-content\/uploads\/2025\/03\/20250307_114703-450x800.jpg 450w, https:\/\/druckzentrum-westkueste.de\/shop\/wp-content\/uploads\/2025\/03\/20250307_114703-865x1536.jpg 865w, https:\/\/druckzentrum-westkueste.de\/shop\/wp-content\/uploads\/2025\/03\/20250307_114703-1153x2048.jpg 1153w, https:\/\/druckzentrum-westkueste.de\/shop\/wp-content\/uploads\/2025\/03\/20250307_114703-510x906.jpg 510w, https:\/\/druckzentrum-westkueste.de\/shop\/wp-content\/uploads\/2025\/03\/20250307_114703-scaled.jpg 1441w\" sizes=\"auto, (max-width: 768px) 100vw, 768px\" \/>\t\t\t\t\t\t\n\t\t\t\t\t<\/div>\n\t\t\t\t\t\t\t\t\n<style>\n#image_462361860 {\n  width: 100%;\n}\n<\/style>\n\t<\/div>\n\t\n\n\n\t\t<\/div>\n\t\t\t\t\t<\/div>\n\n\t\n\n<\/div>\n\n","protected":false},"excerpt":{"rendered":"","protected":false},"author":10,"featured_media":0,"parent":0,"menu_order":0,"comment_status":"closed","ping_status":"closed","template":"","meta":{"footnotes":""},"class_list":["post-20307","page","type-page","status-publish","hentry"],"yoast_head":"<!-- This site is optimized with the Yoast SEO plugin v27.5 - https:\/\/yoast.com\/product\/yoast-seo-wordpress\/ -->\n<title>Stele - DruckZentrum-Westkueste<\/title>\n<meta name=\"description\" content=\"Die bekannte Stele aus der NDR-Reportage \u00fcber Udo Rickel. Diese Stele k\u00f6nnen Sie jetzt bei uns anfertigen lassen!\" \/>\n<meta name=\"robots\" content=\"index, follow, max-snippet:-1, max-image-preview:large, max-video-preview:-1\" \/>\n<link rel=\"canonical\" href=\"https:\/\/druckzentrum-westkueste.de\/shop\/die-stele-von-udo-rickel-aus-der-ndr-reportage\/\" \/>\n<meta property=\"og:locale\" content=\"de_DE\" \/>\n<meta property=\"og:type\" content=\"article\" \/>\n<meta property=\"og:title\" content=\"Stele - DruckZentrum-Westkueste\" \/>\n<meta property=\"og:description\" content=\"Die bekannte Stele aus der NDR-Reportage \u00fcber Udo Rickel. Diese Stele k\u00f6nnen Sie jetzt bei uns anfertigen lassen!\" \/>\n<meta property=\"og:url\" content=\"https:\/\/druckzentrum-westkueste.de\/shop\/die-stele-von-udo-rickel-aus-der-ndr-reportage\/\" \/>\n<meta property=\"og:site_name\" content=\"DruckZentrum-Westkueste\" \/>\n<meta property=\"article:modified_time\" content=\"2025-03-13T16:31:04+00:00\" \/>\n<meta name=\"twitter:card\" content=\"summary_large_image\" \/>\n<meta name=\"twitter:label1\" content=\"Gesch\u00e4tzte Lesezeit\" \/>\n\t<meta name=\"twitter:data1\" content=\"2\u00a0Minuten\" \/>\n<script type=\"application\/ld+json\" class=\"yoast-schema-graph\">{\"@context\":\"https:\\\/\\\/schema.org\",\"@graph\":[{\"@type\":\"WebPage\",\"@id\":\"https:\\\/\\\/druckzentrum-westkueste.de\\\/shop\\\/die-stele-von-udo-rickel-aus-der-ndr-reportage\\\/\",\"url\":\"https:\\\/\\\/druckzentrum-westkueste.de\\\/shop\\\/die-stele-von-udo-rickel-aus-der-ndr-reportage\\\/\",\"name\":\"Stele - DruckZentrum-Westkueste\",\"isPartOf\":{\"@id\":\"https:\\\/\\\/druckzentrum-westkueste.de\\\/shop\\\/#website\"},\"datePublished\":\"2025-03-13T15:19:58+00:00\",\"dateModified\":\"2025-03-13T16:31:04+00:00\",\"description\":\"Die bekannte Stele aus der NDR-Reportage \u00fcber Udo Rickel. Diese Stele k\u00f6nnen Sie jetzt bei uns anfertigen lassen!\",\"breadcrumb\":{\"@id\":\"https:\\\/\\\/druckzentrum-westkueste.de\\\/shop\\\/die-stele-von-udo-rickel-aus-der-ndr-reportage\\\/#breadcrumb\"},\"inLanguage\":\"de\",\"potentialAction\":[{\"@type\":\"ReadAction\",\"target\":[\"https:\\\/\\\/druckzentrum-westkueste.de\\\/shop\\\/die-stele-von-udo-rickel-aus-der-ndr-reportage\\\/\"]}]},{\"@type\":\"BreadcrumbList\",\"@id\":\"https:\\\/\\\/druckzentrum-westkueste.de\\\/shop\\\/die-stele-von-udo-rickel-aus-der-ndr-reportage\\\/#breadcrumb\",\"itemListElement\":[{\"@type\":\"ListItem\",\"position\":1,\"name\":\"Startseite\",\"item\":\"https:\\\/\\\/druckzentrum-westkueste.de\\\/shop\\\/\"},{\"@type\":\"ListItem\",\"position\":2,\"name\":\"Stele\"}]},{\"@type\":\"WebSite\",\"@id\":\"https:\\\/\\\/druckzentrum-westkueste.de\\\/shop\\\/#website\",\"url\":\"https:\\\/\\\/druckzentrum-westkueste.de\\\/shop\\\/\",\"name\":\"DruckZentrum-Westkueste\",\"description\":\"Willkommen im Shopbereich des DruckZentrums-Westkueste ! Druckerzeugnisse aller Art. Schnell und individuell.\",\"publisher\":{\"@id\":\"https:\\\/\\\/druckzentrum-westkueste.de\\\/shop\\\/#organization\"},\"potentialAction\":[{\"@type\":\"SearchAction\",\"target\":{\"@type\":\"EntryPoint\",\"urlTemplate\":\"https:\\\/\\\/druckzentrum-westkueste.de\\\/shop\\\/?s={search_term_string}\"},\"query-input\":{\"@type\":\"PropertyValueSpecification\",\"valueRequired\":true,\"valueName\":\"search_term_string\"}}],\"inLanguage\":\"de\"},{\"@type\":\"Organization\",\"@id\":\"https:\\\/\\\/druckzentrum-westkueste.de\\\/shop\\\/#organization\",\"name\":\"DruckZentrum-Westkueste\",\"url\":\"https:\\\/\\\/druckzentrum-westkueste.de\\\/shop\\\/\",\"logo\":{\"@type\":\"ImageObject\",\"inLanguage\":\"de\",\"@id\":\"https:\\\/\\\/druckzentrum-westkueste.de\\\/shop\\\/#\\\/schema\\\/logo\\\/image\\\/\",\"url\":\"https:\\\/\\\/www.druckzentrum-westkueste.de\\\/shop\\\/wp-content\\\/uploads\\\/2021\\\/11\\\/Webseite_1_1240x156-1-e1637241818265.jpg\",\"contentUrl\":\"https:\\\/\\\/www.druckzentrum-westkueste.de\\\/shop\\\/wp-content\\\/uploads\\\/2021\\\/11\\\/Webseite_1_1240x156-1-e1637241818265.jpg\",\"width\":500,\"height\":63,\"caption\":\"DruckZentrum-Westkueste\"},\"image\":{\"@id\":\"https:\\\/\\\/druckzentrum-westkueste.de\\\/shop\\\/#\\\/schema\\\/logo\\\/image\\\/\"}}]}<\/script>\n<!-- \/ Yoast SEO plugin. -->","yoast_head_json":{"title":"Stele - DruckZentrum-Westkueste","description":"Die bekannte Stele aus der NDR-Reportage \u00fcber Udo Rickel. Diese Stele k\u00f6nnen Sie jetzt bei uns anfertigen lassen!","robots":{"index":"index","follow":"follow","max-snippet":"max-snippet:-1","max-image-preview":"max-image-preview:large","max-video-preview":"max-video-preview:-1"},"canonical":"https:\/\/druckzentrum-westkueste.de\/shop\/die-stele-von-udo-rickel-aus-der-ndr-reportage\/","og_locale":"de_DE","og_type":"article","og_title":"Stele - DruckZentrum-Westkueste","og_description":"Die bekannte Stele aus der NDR-Reportage \u00fcber Udo Rickel. Diese Stele k\u00f6nnen Sie jetzt bei uns anfertigen lassen!","og_url":"https:\/\/druckzentrum-westkueste.de\/shop\/die-stele-von-udo-rickel-aus-der-ndr-reportage\/","og_site_name":"DruckZentrum-Westkueste","article_modified_time":"2025-03-13T16:31:04+00:00","twitter_card":"summary_large_image","twitter_misc":{"Gesch\u00e4tzte Lesezeit":"2\u00a0Minuten"},"schema":{"@context":"https:\/\/schema.org","@graph":[{"@type":"WebPage","@id":"https:\/\/druckzentrum-westkueste.de\/shop\/die-stele-von-udo-rickel-aus-der-ndr-reportage\/","url":"https:\/\/druckzentrum-westkueste.de\/shop\/die-stele-von-udo-rickel-aus-der-ndr-reportage\/","name":"Stele - DruckZentrum-Westkueste","isPartOf":{"@id":"https:\/\/druckzentrum-westkueste.de\/shop\/#website"},"datePublished":"2025-03-13T15:19:58+00:00","dateModified":"2025-03-13T16:31:04+00:00","description":"Die bekannte Stele aus der NDR-Reportage \u00fcber Udo Rickel. Diese Stele k\u00f6nnen Sie jetzt bei uns anfertigen lassen!","breadcrumb":{"@id":"https:\/\/druckzentrum-westkueste.de\/shop\/die-stele-von-udo-rickel-aus-der-ndr-reportage\/#breadcrumb"},"inLanguage":"de","potentialAction":[{"@type":"ReadAction","target":["https:\/\/druckzentrum-westkueste.de\/shop\/die-stele-von-udo-rickel-aus-der-ndr-reportage\/"]}]},{"@type":"BreadcrumbList","@id":"https:\/\/druckzentrum-westkueste.de\/shop\/die-stele-von-udo-rickel-aus-der-ndr-reportage\/#breadcrumb","itemListElement":[{"@type":"ListItem","position":1,"name":"Startseite","item":"https:\/\/druckzentrum-westkueste.de\/shop\/"},{"@type":"ListItem","position":2,"name":"Stele"}]},{"@type":"WebSite","@id":"https:\/\/druckzentrum-westkueste.de\/shop\/#website","url":"https:\/\/druckzentrum-westkueste.de\/shop\/","name":"DruckZentrum-Westkueste","description":"Willkommen im Shopbereich des DruckZentrums-Westkueste ! Druckerzeugnisse aller Art. Schnell und individuell.","publisher":{"@id":"https:\/\/druckzentrum-westkueste.de\/shop\/#organization"},"potentialAction":[{"@type":"SearchAction","target":{"@type":"EntryPoint","urlTemplate":"https:\/\/druckzentrum-westkueste.de\/shop\/?s={search_term_string}"},"query-input":{"@type":"PropertyValueSpecification","valueRequired":true,"valueName":"search_term_string"}}],"inLanguage":"de"},{"@type":"Organization","@id":"https:\/\/druckzentrum-westkueste.de\/shop\/#organization","name":"DruckZentrum-Westkueste","url":"https:\/\/druckzentrum-westkueste.de\/shop\/","logo":{"@type":"ImageObject","inLanguage":"de","@id":"https:\/\/druckzentrum-westkueste.de\/shop\/#\/schema\/logo\/image\/","url":"https:\/\/www.druckzentrum-westkueste.de\/shop\/wp-content\/uploads\/2021\/11\/Webseite_1_1240x156-1-e1637241818265.jpg","contentUrl":"https:\/\/www.druckzentrum-westkueste.de\/shop\/wp-content\/uploads\/2021\/11\/Webseite_1_1240x156-1-e1637241818265.jpg","width":500,"height":63,"caption":"DruckZentrum-Westkueste"},"image":{"@id":"https:\/\/druckzentrum-westkueste.de\/shop\/#\/schema\/logo\/image\/"}}]}},"_links":{"self":[{"href":"https:\/\/druckzentrum-westkueste.de\/shop\/wp-json\/wp\/v2\/pages\/20307","targetHints":{"allow":["GET"]}}],"collection":[{"href":"https:\/\/druckzentrum-westkueste.de\/shop\/wp-json\/wp\/v2\/pages"}],"about":[{"href":"https:\/\/druckzentrum-westkueste.de\/shop\/wp-json\/wp\/v2\/types\/page"}],"author":[{"embeddable":true,"href":"https:\/\/druckzentrum-westkueste.de\/shop\/wp-json\/wp\/v2\/users\/10"}],"replies":[{"embeddable":true,"href":"https:\/\/druckzentrum-westkueste.de\/shop\/wp-json\/wp\/v2\/comments?post=20307"}],"version-history":[{"count":7,"href":"https:\/\/druckzentrum-westkueste.de\/shop\/wp-json\/wp\/v2\/pages\/20307\/revisions"}],"predecessor-version":[{"id":20472,"href":"https:\/\/druckzentrum-westkueste.de\/shop\/wp-json\/wp\/v2\/pages\/20307\/revisions\/20472"}],"wp:attachment":[{"href":"https:\/\/druckzentrum-westkueste.de\/shop\/wp-json\/wp\/v2\/media?parent=20307"}],"curies":[{"name":"wp","href":"https:\/\/api.w.org\/{rel}","templated":true}]}}