{"id":2499,"date":"2022-03-08T14:11:44","date_gmt":"2022-03-08T13:11:44","guid":{"rendered":"https:\/\/www.druckzentrum-westkueste.de\/shop\/?page_id=2499"},"modified":"2022-03-08T14:18:25","modified_gmt":"2022-03-08T13:18:25","slug":"online-streitschlichtungsvorlage-os-plattform","status":"publish","type":"page","link":"https:\/\/druckzentrum-westkueste.de\/shop\/online-streitschlichtungsvorlage-os-plattform\/","title":{"rendered":"Online Streitschlichtung (OS-Plattform)"},"content":{"rendered":"\n<p>Die EU-Kommission stellt eine Plattform f\u00fcr au\u00dfergerichtliche Streitschlichtung bereit. Verbrauchern gibt dies die M\u00f6glichkeit, Streitigkeiten im Zusammenhang mit ihrer Online-Bestellung zun\u00e4chst au\u00dfergerichtlich zu kl\u00e4ren. Die Streitbeilegungs-Plattform finden Sie hier:<\/p>\n<p><a href=\"https:\/\/ec.europa.eu\/consumers\/odr\/\" target=\"_blank\" rel=\"noopener\">https:\/\/ec.europa.eu\/consumers\/odr\/<\/a><\/p>\n<p>Unsere E-Mail f\u00fcr Verbraucherbeschwerden lautet: <a href=\"mailto:info@druckzentrum-westkueste.de\" target=\"_blank\" rel=\"noopener\">info@druckzentrum-westkueste.de<\/a><\/p>\n\n","protected":false},"excerpt":{"rendered":"<p>Plattform f\u00fcr au\u00dfergerichtliche Streitschlichtung<\/p>\n","protected":false},"author":1,"featured_media":0,"parent":0,"menu_order":0,"comment_status":"closed","ping_status":"closed","template":"","meta":{"footnotes":""},"class_list":["post-2499","page","type-page","status-publish","hentry"],"yoast_head":"<!-- This site is optimized with the Yoast SEO plugin v27.5 - https:\/\/yoast.com\/product\/yoast-seo-wordpress\/ -->\n<title>Online Streitschlichtung (OS-Plattform) - DruckZentrum-Westkueste<\/title>\n<meta name=\"description\" content=\"Verbrauchern gibt dies die M\u00f6glichkeit, Streitigkeiten im Zusammenhang mit ihrer Online-Bestellung zun\u00e4chst au\u00dfergerichtlich zu kl\u00e4ren. Die Streitbeilegungs-Plattform finden Sie hier:`http:\/\/ec.europa.eu\/consumers\/odr\/\" \/>\n<meta name=\"robots\" content=\"index, follow, max-snippet:-1, max-image-preview:large, max-video-preview:-1\" \/>\n<link rel=\"canonical\" href=\"https:\/\/druckzentrum-westkueste.de\/shop\/online-streitschlichtungsvorlage-os-plattform\/\" \/>\n<meta property=\"og:locale\" content=\"de_DE\" \/>\n<meta property=\"og:type\" content=\"article\" \/>\n<meta property=\"og:title\" content=\"Online Streitschlichtung (OS-Plattform) - DruckZentrum-Westkueste\" \/>\n<meta property=\"og:description\" content=\"Verbrauchern gibt dies die M\u00f6glichkeit, Streitigkeiten im Zusammenhang mit ihrer Online-Bestellung zun\u00e4chst au\u00dfergerichtlich zu kl\u00e4ren. Die Streitbeilegungs-Plattform finden Sie hier:`http:\/\/ec.europa.eu\/consumers\/odr\/\" \/>\n<meta property=\"og:url\" content=\"https:\/\/druckzentrum-westkueste.de\/shop\/online-streitschlichtungsvorlage-os-plattform\/\" \/>\n<meta property=\"og:site_name\" content=\"DruckZentrum-Westkueste\" \/>\n<meta property=\"article:modified_time\" content=\"2022-03-08T13:18:25+00:00\" \/>\n<meta name=\"twitter:card\" content=\"summary_large_image\" \/>\n<meta name=\"twitter:label1\" content=\"Gesch\u00e4tzte Lesezeit\" \/>\n\t<meta name=\"twitter:data1\" content=\"1\u00a0Minute\" \/>\n<script type=\"application\/ld+json\" class=\"yoast-schema-graph\">{\"@context\":\"https:\\\/\\\/schema.org\",\"@graph\":[{\"@type\":\"WebPage\",\"@id\":\"https:\\\/\\\/druckzentrum-westkueste.de\\\/shop\\\/online-streitschlichtungsvorlage-os-plattform\\\/\",\"url\":\"https:\\\/\\\/druckzentrum-westkueste.de\\\/shop\\\/online-streitschlichtungsvorlage-os-plattform\\\/\",\"name\":\"Online Streitschlichtung (OS-Plattform) - DruckZentrum-Westkueste\",\"isPartOf\":{\"@id\":\"https:\\\/\\\/druckzentrum-westkueste.de\\\/shop\\\/#website\"},\"datePublished\":\"2022-03-08T13:11:44+00:00\",\"dateModified\":\"2022-03-08T13:18:25+00:00\",\"description\":\"Verbrauchern gibt dies die M\u00f6glichkeit, Streitigkeiten im Zusammenhang mit ihrer Online-Bestellung zun\u00e4chst au\u00dfergerichtlich zu kl\u00e4ren. Die Streitbeilegungs-Plattform finden Sie hier:`http:\\\/\\\/ec.europa.eu\\\/consumers\\\/odr\\\/\",\"breadcrumb\":{\"@id\":\"https:\\\/\\\/druckzentrum-westkueste.de\\\/shop\\\/online-streitschlichtungsvorlage-os-plattform\\\/#breadcrumb\"},\"inLanguage\":\"de\",\"potentialAction\":[{\"@type\":\"ReadAction\",\"target\":[\"https:\\\/\\\/druckzentrum-westkueste.de\\\/shop\\\/online-streitschlichtungsvorlage-os-plattform\\\/\"]}]},{\"@type\":\"BreadcrumbList\",\"@id\":\"https:\\\/\\\/druckzentrum-westkueste.de\\\/shop\\\/online-streitschlichtungsvorlage-os-plattform\\\/#breadcrumb\",\"itemListElement\":[{\"@type\":\"ListItem\",\"position\":1,\"name\":\"Startseite\",\"item\":\"https:\\\/\\\/druckzentrum-westkueste.de\\\/shop\\\/\"},{\"@type\":\"ListItem\",\"position\":2,\"name\":\"Online Streitschlichtung (OS-Plattform)\"}]},{\"@type\":\"WebSite\",\"@id\":\"https:\\\/\\\/druckzentrum-westkueste.de\\\/shop\\\/#website\",\"url\":\"https:\\\/\\\/druckzentrum-westkueste.de\\\/shop\\\/\",\"name\":\"DruckZentrum-Westkueste\",\"description\":\"Willkommen im Shopbereich des DruckZentrums-Westkueste ! Druckerzeugnisse aller Art. Schnell und individuell.\",\"publisher\":{\"@id\":\"https:\\\/\\\/druckzentrum-westkueste.de\\\/shop\\\/#organization\"},\"potentialAction\":[{\"@type\":\"SearchAction\",\"target\":{\"@type\":\"EntryPoint\",\"urlTemplate\":\"https:\\\/\\\/druckzentrum-westkueste.de\\\/shop\\\/?s={search_term_string}\"},\"query-input\":{\"@type\":\"PropertyValueSpecification\",\"valueRequired\":true,\"valueName\":\"search_term_string\"}}],\"inLanguage\":\"de\"},{\"@type\":\"Organization\",\"@id\":\"https:\\\/\\\/druckzentrum-westkueste.de\\\/shop\\\/#organization\",\"name\":\"DruckZentrum-Westkueste\",\"url\":\"https:\\\/\\\/druckzentrum-westkueste.de\\\/shop\\\/\",\"logo\":{\"@type\":\"ImageObject\",\"inLanguage\":\"de\",\"@id\":\"https:\\\/\\\/druckzentrum-westkueste.de\\\/shop\\\/#\\\/schema\\\/logo\\\/image\\\/\",\"url\":\"https:\\\/\\\/www.druckzentrum-westkueste.de\\\/shop\\\/wp-content\\\/uploads\\\/2021\\\/11\\\/Webseite_1_1240x156-1-e1637241818265.jpg\",\"contentUrl\":\"https:\\\/\\\/www.druckzentrum-westkueste.de\\\/shop\\\/wp-content\\\/uploads\\\/2021\\\/11\\\/Webseite_1_1240x156-1-e1637241818265.jpg\",\"width\":500,\"height\":63,\"caption\":\"DruckZentrum-Westkueste\"},\"image\":{\"@id\":\"https:\\\/\\\/druckzentrum-westkueste.de\\\/shop\\\/#\\\/schema\\\/logo\\\/image\\\/\"}}]}<\/script>\n<!-- \/ Yoast SEO plugin. -->","yoast_head_json":{"title":"Online Streitschlichtung (OS-Plattform) - DruckZentrum-Westkueste","description":"Verbrauchern gibt dies die M\u00f6glichkeit, Streitigkeiten im Zusammenhang mit ihrer Online-Bestellung zun\u00e4chst au\u00dfergerichtlich zu kl\u00e4ren. Die Streitbeilegungs-Plattform finden Sie hier:`http:\/\/ec.europa.eu\/consumers\/odr\/","robots":{"index":"index","follow":"follow","max-snippet":"max-snippet:-1","max-image-preview":"max-image-preview:large","max-video-preview":"max-video-preview:-1"},"canonical":"https:\/\/druckzentrum-westkueste.de\/shop\/online-streitschlichtungsvorlage-os-plattform\/","og_locale":"de_DE","og_type":"article","og_title":"Online Streitschlichtung (OS-Plattform) - DruckZentrum-Westkueste","og_description":"Verbrauchern gibt dies die M\u00f6glichkeit, Streitigkeiten im Zusammenhang mit ihrer Online-Bestellung zun\u00e4chst au\u00dfergerichtlich zu kl\u00e4ren. Die Streitbeilegungs-Plattform finden Sie hier:`http:\/\/ec.europa.eu\/consumers\/odr\/","og_url":"https:\/\/druckzentrum-westkueste.de\/shop\/online-streitschlichtungsvorlage-os-plattform\/","og_site_name":"DruckZentrum-Westkueste","article_modified_time":"2022-03-08T13:18:25+00:00","twitter_card":"summary_large_image","twitter_misc":{"Gesch\u00e4tzte Lesezeit":"1\u00a0Minute"},"schema":{"@context":"https:\/\/schema.org","@graph":[{"@type":"WebPage","@id":"https:\/\/druckzentrum-westkueste.de\/shop\/online-streitschlichtungsvorlage-os-plattform\/","url":"https:\/\/druckzentrum-westkueste.de\/shop\/online-streitschlichtungsvorlage-os-plattform\/","name":"Online Streitschlichtung (OS-Plattform) - DruckZentrum-Westkueste","isPartOf":{"@id":"https:\/\/druckzentrum-westkueste.de\/shop\/#website"},"datePublished":"2022-03-08T13:11:44+00:00","dateModified":"2022-03-08T13:18:25+00:00","description":"Verbrauchern gibt dies die M\u00f6glichkeit, Streitigkeiten im Zusammenhang mit ihrer Online-Bestellung zun\u00e4chst au\u00dfergerichtlich zu kl\u00e4ren. Die Streitbeilegungs-Plattform finden Sie hier:`http:\/\/ec.europa.eu\/consumers\/odr\/","breadcrumb":{"@id":"https:\/\/druckzentrum-westkueste.de\/shop\/online-streitschlichtungsvorlage-os-plattform\/#breadcrumb"},"inLanguage":"de","potentialAction":[{"@type":"ReadAction","target":["https:\/\/druckzentrum-westkueste.de\/shop\/online-streitschlichtungsvorlage-os-plattform\/"]}]},{"@type":"BreadcrumbList","@id":"https:\/\/druckzentrum-westkueste.de\/shop\/online-streitschlichtungsvorlage-os-plattform\/#breadcrumb","itemListElement":[{"@type":"ListItem","position":1,"name":"Startseite","item":"https:\/\/druckzentrum-westkueste.de\/shop\/"},{"@type":"ListItem","position":2,"name":"Online Streitschlichtung (OS-Plattform)"}]},{"@type":"WebSite","@id":"https:\/\/druckzentrum-westkueste.de\/shop\/#website","url":"https:\/\/druckzentrum-westkueste.de\/shop\/","name":"DruckZentrum-Westkueste","description":"Willkommen im Shopbereich des DruckZentrums-Westkueste ! Druckerzeugnisse aller Art. Schnell und individuell.","publisher":{"@id":"https:\/\/druckzentrum-westkueste.de\/shop\/#organization"},"potentialAction":[{"@type":"SearchAction","target":{"@type":"EntryPoint","urlTemplate":"https:\/\/druckzentrum-westkueste.de\/shop\/?s={search_term_string}"},"query-input":{"@type":"PropertyValueSpecification","valueRequired":true,"valueName":"search_term_string"}}],"inLanguage":"de"},{"@type":"Organization","@id":"https:\/\/druckzentrum-westkueste.de\/shop\/#organization","name":"DruckZentrum-Westkueste","url":"https:\/\/druckzentrum-westkueste.de\/shop\/","logo":{"@type":"ImageObject","inLanguage":"de","@id":"https:\/\/druckzentrum-westkueste.de\/shop\/#\/schema\/logo\/image\/","url":"https:\/\/www.druckzentrum-westkueste.de\/shop\/wp-content\/uploads\/2021\/11\/Webseite_1_1240x156-1-e1637241818265.jpg","contentUrl":"https:\/\/www.druckzentrum-westkueste.de\/shop\/wp-content\/uploads\/2021\/11\/Webseite_1_1240x156-1-e1637241818265.jpg","width":500,"height":63,"caption":"DruckZentrum-Westkueste"},"image":{"@id":"https:\/\/druckzentrum-westkueste.de\/shop\/#\/schema\/logo\/image\/"}}]}},"_links":{"self":[{"href":"https:\/\/druckzentrum-westkueste.de\/shop\/wp-json\/wp\/v2\/pages\/2499","targetHints":{"allow":["GET"]}}],"collection":[{"href":"https:\/\/druckzentrum-westkueste.de\/shop\/wp-json\/wp\/v2\/pages"}],"about":[{"href":"https:\/\/druckzentrum-westkueste.de\/shop\/wp-json\/wp\/v2\/types\/page"}],"author":[{"embeddable":true,"href":"https:\/\/druckzentrum-westkueste.de\/shop\/wp-json\/wp\/v2\/users\/1"}],"replies":[{"embeddable":true,"href":"https:\/\/druckzentrum-westkueste.de\/shop\/wp-json\/wp\/v2\/comments?post=2499"}],"version-history":[{"count":0,"href":"https:\/\/druckzentrum-westkueste.de\/shop\/wp-json\/wp\/v2\/pages\/2499\/revisions"}],"wp:attachment":[{"href":"https:\/\/druckzentrum-westkueste.de\/shop\/wp-json\/wp\/v2\/media?parent=2499"}],"curies":[{"name":"wp","href":"https:\/\/api.w.org\/{rel}","templated":true}]}}