{"id":382,"date":"2021-11-04T15:15:46","date_gmt":"2021-11-04T14:15:46","guid":{"rendered":"https:\/\/www.druckzentrum-westkueste.de\/shop\/agb\/"},"modified":"2022-03-08T14:31:33","modified_gmt":"2022-03-08T13:31:33","slug":"agb","status":"publish","type":"page","link":"https:\/\/druckzentrum-westkueste.de\/shop\/agb\/","title":{"rendered":"Allgemeine Gesch&auml;ftsbedingungen"},"content":{"rendered":"\n<h3>Allgemeine Gesch\u00e4ftsbedingungen<\/h3>\n<p>\u00a7 1 Geltungsbereich, Kundeninformationen<\/p>\n<p>Die folgenden allgemeinen Gesch\u00e4ftsbedingungen (AGB) regeln das Vertragsverh\u00e4ltnis zwischen Klaus-Dieter L\u00fctje (DruckZentrum-Westkueste) und den Verbrauchern und Unternehmern, die \u00fcber unseren Shop Waren kaufen. Entgegenstehende oder von unseren Gesch\u00e4ftsbedingungen abweichende Bedingungen werden von uns nicht anerkannt. Die Vertragssprache ist Deutsch.<\/p>\n<p>\u00a7 2 Vertragsschluss<\/p>\n<p>(1) Die Angebote im Internet stellen ein verbindliches Angebot an Sie dar, Waren zu kaufen.<\/p>\n<p>(2) Sie k\u00f6nnen ein oder mehrere Produkte in den Warenkorb legen. Im Laufe des Bestellprozesses geben Sie Ihre Daten und W\u00fcnsche bzgl. Zahlungsart, Liefermodalit\u00e4ten etc. ein. Erst mit dem Anklicken des Bestellbuttons nehmen Sie dieses Angebot auf Abschluss eines Kaufvertrags an.<\/p>\n<p>\u00a7 3 Kundeninformation: Speicherung des Vertragstextes<\/p>\n<p>Ihre Bestellung mit Einzelheiten zum geschlossenen Vertrag (z.B. Art des Produkts, Preis etc.) wird von uns gespeichert. Die AGB schicken wir Ihnen zu, Sie k\u00f6nnen die AGB aber auch nach Vertragsschluss jederzeit \u00fcber unsere Webseite aufrufen. Als registrierter Kunde k\u00f6nnen Sie auf Ihre vergangenen Bestellungen \u00fcber den Kunden LogIn-Bereich (Ihr Konto (Login)) zugreifen.<\/p>\n<p>\u00a7 4 Kundeninformation: Korrekturhinweis<\/p>\n<p>Sie k\u00f6nnen Ihre Eingaben vor Abgabe der Bestellung jederzeit mit der L\u00f6schtaste berichtigen. Wir informieren Sie auf dem Weg durch den Bestellprozess \u00fcber weitere Korrekturm\u00f6glichkeiten. Den Bestellprozess k\u00f6nnen Sie auch jederzeit durch Schlie\u00dfen des Browser-Fensters komplett beenden.<\/p>\n<p>\u00a7 5 Gesetzliche M\u00e4ngelhaftungsrechte<\/p>\n<p>F\u00fcr unsere Waren bestehen gesetzliche M\u00e4ngelhaftungsrechte.<\/p>\n<p>\u00a7 6 Verbraucherinformation: Streitbeilegungsverfahren<\/p>\n<p>Falls wir Meinungsverschiedenheiten aus unserem Vertragsverh\u00e4ltnis nicht einvernehmlich beilegen k\u00f6nnen, steht Ihnen das kostenlose Streitbeilegungsverfahren der Europ\u00e4ischen Kommission zur Online-Streitbeilegung (OS) bereit, die unter https:\/\/ec.europa.eu\/consumers\/odr zu finden ist. Zur Teilnahme an einem Streitbeilegungsverfahren vor einer Verbraucherschlichtungsstelle sind wir nicht verpflichtet und nicht bereit.<br \/>Die Verj\u00e4hrung etwaiger Anspr\u00fcche ist f\u00fcr die Dauer dieses Verfahrens ausgeschlossen. Sollte auch dort keine Einigung erzielt werden, steht weiterhin der Rechtsweg offen.<\/p>\n<p>Dieses Dokument wurde erstellt und wird aktualisiert mit der Technologie der janolaw AG.<br \/>Alternative Streitbeilegung gem\u00e4\u00df Art. 14 Abs. 1 ODR-VO und \u00a7 36 VSBG:<\/p>\n<div class=\"woocommerce woocommerce-gzd woocommerce-gzd-complaints-shortcode\">\n\t\t\t<h3>Alternative Streitbeilegung gem\u00e4\u00df Art. 14 Abs. 1 ODR-VO und \u00a7 36 VSBG:<\/h3>\n\t\nZur Teilnahme an einem Streitbeilegungsverfahren vor einer Verbraucherschlichtungsstelle sind wir nicht verpflichtet und nicht bereit.<\/div>\n\n","protected":false},"excerpt":{"rendered":"","protected":false},"author":1,"featured_media":0,"parent":0,"menu_order":0,"comment_status":"closed","ping_status":"closed","template":"","meta":{"footnotes":""},"class_list":["post-382","page","type-page","status-publish","hentry"],"yoast_head":"<!-- This site is optimized with the Yoast SEO plugin v27.5 - https:\/\/yoast.com\/product\/yoast-seo-wordpress\/ -->\n<title>Allgemeine Gesch&auml;ftsbedingungen - DruckZentrum-Westkueste<\/title>\n<meta name=\"robots\" content=\"index, follow, max-snippet:-1, max-image-preview:large, max-video-preview:-1\" \/>\n<link rel=\"canonical\" href=\"https:\/\/druckzentrum-westkueste.de\/shop\/agb\/\" \/>\n<meta property=\"og:locale\" content=\"de_DE\" \/>\n<meta property=\"og:type\" content=\"article\" \/>\n<meta property=\"og:title\" content=\"Allgemeine Gesch&auml;ftsbedingungen - DruckZentrum-Westkueste\" \/>\n<meta property=\"og:url\" content=\"https:\/\/druckzentrum-westkueste.de\/shop\/agb\/\" \/>\n<meta property=\"og:site_name\" content=\"DruckZentrum-Westkueste\" \/>\n<meta property=\"article:modified_time\" content=\"2022-03-08T13:31:33+00:00\" \/>\n<meta name=\"twitter:card\" content=\"summary_large_image\" \/>\n<meta name=\"twitter:label1\" content=\"Gesch\u00e4tzte Lesezeit\" \/>\n\t<meta name=\"twitter:data1\" content=\"2\u00a0Minuten\" \/>\n<script type=\"application\/ld+json\" class=\"yoast-schema-graph\">{\"@context\":\"https:\\\/\\\/schema.org\",\"@graph\":[{\"@type\":\"WebPage\",\"@id\":\"https:\\\/\\\/druckzentrum-westkueste.de\\\/shop\\\/agb\\\/\",\"url\":\"https:\\\/\\\/druckzentrum-westkueste.de\\\/shop\\\/agb\\\/\",\"name\":\"Allgemeine Gesch&auml;ftsbedingungen - DruckZentrum-Westkueste\",\"isPartOf\":{\"@id\":\"https:\\\/\\\/druckzentrum-westkueste.de\\\/shop\\\/#website\"},\"datePublished\":\"2021-11-04T14:15:46+00:00\",\"dateModified\":\"2022-03-08T13:31:33+00:00\",\"breadcrumb\":{\"@id\":\"https:\\\/\\\/druckzentrum-westkueste.de\\\/shop\\\/agb\\\/#breadcrumb\"},\"inLanguage\":\"de\",\"potentialAction\":[{\"@type\":\"ReadAction\",\"target\":[\"https:\\\/\\\/druckzentrum-westkueste.de\\\/shop\\\/agb\\\/\"]}]},{\"@type\":\"BreadcrumbList\",\"@id\":\"https:\\\/\\\/druckzentrum-westkueste.de\\\/shop\\\/agb\\\/#breadcrumb\",\"itemListElement\":[{\"@type\":\"ListItem\",\"position\":1,\"name\":\"Startseite\",\"item\":\"https:\\\/\\\/druckzentrum-westkueste.de\\\/shop\\\/\"},{\"@type\":\"ListItem\",\"position\":2,\"name\":\"Allgemeine Gesch&auml;ftsbedingungen\"}]},{\"@type\":\"WebSite\",\"@id\":\"https:\\\/\\\/druckzentrum-westkueste.de\\\/shop\\\/#website\",\"url\":\"https:\\\/\\\/druckzentrum-westkueste.de\\\/shop\\\/\",\"name\":\"DruckZentrum-Westkueste\",\"description\":\"Willkommen im Shopbereich des DruckZentrums-Westkueste ! Druckerzeugnisse aller Art. Schnell und individuell.\",\"publisher\":{\"@id\":\"https:\\\/\\\/druckzentrum-westkueste.de\\\/shop\\\/#organization\"},\"potentialAction\":[{\"@type\":\"SearchAction\",\"target\":{\"@type\":\"EntryPoint\",\"urlTemplate\":\"https:\\\/\\\/druckzentrum-westkueste.de\\\/shop\\\/?s={search_term_string}\"},\"query-input\":{\"@type\":\"PropertyValueSpecification\",\"valueRequired\":true,\"valueName\":\"search_term_string\"}}],\"inLanguage\":\"de\"},{\"@type\":\"Organization\",\"@id\":\"https:\\\/\\\/druckzentrum-westkueste.de\\\/shop\\\/#organization\",\"name\":\"DruckZentrum-Westkueste\",\"url\":\"https:\\\/\\\/druckzentrum-westkueste.de\\\/shop\\\/\",\"logo\":{\"@type\":\"ImageObject\",\"inLanguage\":\"de\",\"@id\":\"https:\\\/\\\/druckzentrum-westkueste.de\\\/shop\\\/#\\\/schema\\\/logo\\\/image\\\/\",\"url\":\"https:\\\/\\\/www.druckzentrum-westkueste.de\\\/shop\\\/wp-content\\\/uploads\\\/2021\\\/11\\\/Webseite_1_1240x156-1-e1637241818265.jpg\",\"contentUrl\":\"https:\\\/\\\/www.druckzentrum-westkueste.de\\\/shop\\\/wp-content\\\/uploads\\\/2021\\\/11\\\/Webseite_1_1240x156-1-e1637241818265.jpg\",\"width\":500,\"height\":63,\"caption\":\"DruckZentrum-Westkueste\"},\"image\":{\"@id\":\"https:\\\/\\\/druckzentrum-westkueste.de\\\/shop\\\/#\\\/schema\\\/logo\\\/image\\\/\"}}]}<\/script>\n<!-- \/ Yoast SEO plugin. -->","yoast_head_json":{"title":"Allgemeine Gesch&auml;ftsbedingungen - DruckZentrum-Westkueste","robots":{"index":"index","follow":"follow","max-snippet":"max-snippet:-1","max-image-preview":"max-image-preview:large","max-video-preview":"max-video-preview:-1"},"canonical":"https:\/\/druckzentrum-westkueste.de\/shop\/agb\/","og_locale":"de_DE","og_type":"article","og_title":"Allgemeine Gesch&auml;ftsbedingungen - DruckZentrum-Westkueste","og_url":"https:\/\/druckzentrum-westkueste.de\/shop\/agb\/","og_site_name":"DruckZentrum-Westkueste","article_modified_time":"2022-03-08T13:31:33+00:00","twitter_card":"summary_large_image","twitter_misc":{"Gesch\u00e4tzte Lesezeit":"2\u00a0Minuten"},"schema":{"@context":"https:\/\/schema.org","@graph":[{"@type":"WebPage","@id":"https:\/\/druckzentrum-westkueste.de\/shop\/agb\/","url":"https:\/\/druckzentrum-westkueste.de\/shop\/agb\/","name":"Allgemeine Gesch&auml;ftsbedingungen - DruckZentrum-Westkueste","isPartOf":{"@id":"https:\/\/druckzentrum-westkueste.de\/shop\/#website"},"datePublished":"2021-11-04T14:15:46+00:00","dateModified":"2022-03-08T13:31:33+00:00","breadcrumb":{"@id":"https:\/\/druckzentrum-westkueste.de\/shop\/agb\/#breadcrumb"},"inLanguage":"de","potentialAction":[{"@type":"ReadAction","target":["https:\/\/druckzentrum-westkueste.de\/shop\/agb\/"]}]},{"@type":"BreadcrumbList","@id":"https:\/\/druckzentrum-westkueste.de\/shop\/agb\/#breadcrumb","itemListElement":[{"@type":"ListItem","position":1,"name":"Startseite","item":"https:\/\/druckzentrum-westkueste.de\/shop\/"},{"@type":"ListItem","position":2,"name":"Allgemeine Gesch&auml;ftsbedingungen"}]},{"@type":"WebSite","@id":"https:\/\/druckzentrum-westkueste.de\/shop\/#website","url":"https:\/\/druckzentrum-westkueste.de\/shop\/","name":"DruckZentrum-Westkueste","description":"Willkommen im Shopbereich des DruckZentrums-Westkueste ! Druckerzeugnisse aller Art. Schnell und individuell.","publisher":{"@id":"https:\/\/druckzentrum-westkueste.de\/shop\/#organization"},"potentialAction":[{"@type":"SearchAction","target":{"@type":"EntryPoint","urlTemplate":"https:\/\/druckzentrum-westkueste.de\/shop\/?s={search_term_string}"},"query-input":{"@type":"PropertyValueSpecification","valueRequired":true,"valueName":"search_term_string"}}],"inLanguage":"de"},{"@type":"Organization","@id":"https:\/\/druckzentrum-westkueste.de\/shop\/#organization","name":"DruckZentrum-Westkueste","url":"https:\/\/druckzentrum-westkueste.de\/shop\/","logo":{"@type":"ImageObject","inLanguage":"de","@id":"https:\/\/druckzentrum-westkueste.de\/shop\/#\/schema\/logo\/image\/","url":"https:\/\/www.druckzentrum-westkueste.de\/shop\/wp-content\/uploads\/2021\/11\/Webseite_1_1240x156-1-e1637241818265.jpg","contentUrl":"https:\/\/www.druckzentrum-westkueste.de\/shop\/wp-content\/uploads\/2021\/11\/Webseite_1_1240x156-1-e1637241818265.jpg","width":500,"height":63,"caption":"DruckZentrum-Westkueste"},"image":{"@id":"https:\/\/druckzentrum-westkueste.de\/shop\/#\/schema\/logo\/image\/"}}]}},"_links":{"self":[{"href":"https:\/\/druckzentrum-westkueste.de\/shop\/wp-json\/wp\/v2\/pages\/382","targetHints":{"allow":["GET"]}}],"collection":[{"href":"https:\/\/druckzentrum-westkueste.de\/shop\/wp-json\/wp\/v2\/pages"}],"about":[{"href":"https:\/\/druckzentrum-westkueste.de\/shop\/wp-json\/wp\/v2\/types\/page"}],"author":[{"embeddable":true,"href":"https:\/\/druckzentrum-westkueste.de\/shop\/wp-json\/wp\/v2\/users\/1"}],"replies":[{"embeddable":true,"href":"https:\/\/druckzentrum-westkueste.de\/shop\/wp-json\/wp\/v2\/comments?post=382"}],"version-history":[{"count":0,"href":"https:\/\/druckzentrum-westkueste.de\/shop\/wp-json\/wp\/v2\/pages\/382\/revisions"}],"wp:attachment":[{"href":"https:\/\/druckzentrum-westkueste.de\/shop\/wp-json\/wp\/v2\/media?parent=382"}],"curies":[{"name":"wp","href":"https:\/\/api.w.org\/{rel}","templated":true}]}}