{"id":6350,"date":"2023-02-23T13:30:55","date_gmt":"2023-02-23T12:30:55","guid":{"rendered":"https:\/\/druckzentrum-westkueste.de\/shop\/?page_id=6350"},"modified":"2024-02-21T16:52:54","modified_gmt":"2024-02-21T15:52:54","slug":"sortiment-2023","status":"publish","type":"page","link":"https:\/\/druckzentrum-westkueste.de\/shop\/sortiment-2023\/","title":{"rendered":"Unser Sortiment"},"content":{"rendered":"\n<div class=\"row\"  id=\"row-1329802169\">\n\n\n\t<div id=\"col-2043918534\" class=\"col medium-5 small-12 large-5\"  >\n\t\t\t\t<div class=\"col-inner\"  >\n\t\t\t\n\t\t\t\n\n<h3 class=\"accordion_title\">Geschenkartikel<\/h3><div class=\"accordion\">\n\n\t<div id=\"accordion-3865086858\" class=\"accordion-item\">\n\t\t<a id=\"accordion-3865086858-label\" class=\"accordion-title plain\" href=\"#accordion-item-tassen-&#038;-becher\" aria-expanded=\"false\" aria-controls=\"accordion-3865086858-content\">\n\t\t\t<button class=\"toggle\" aria-label=\"Umschalten\"><i class=\"icon-angle-down\" aria-hidden=\"true\"><\/i><\/button>\n\t\t\t<span>Tassen &amp; Becher<\/span>\n\t\t<\/a>\n\t\t<div id=\"accordion-3865086858-content\" class=\"accordion-inner\" aria-labelledby=\"accordion-3865086858-label\">\n\t\t\t\n\n<p><a href=\"https:\/\/druckzentrum-westkueste.de\/shop\/produkt-kategorie\/tassen-becher\/\"><strong>>Motive entdecken oder selber gestalten<<\/strong><\/a><\/p>\n<p><span class=\"srdesctitle\">Gestalte deinen eigenen Becher, lade einfach deine Bilder hoch, oder entdecke unsere fertigen Motive!<\/span><\/p>\n<p>Innenfl\u00e4che und Henkel sind in verschiedenen Farben w\u00e4hlbar.<\/p>\n\n\n\t\t<\/div>\n\t<\/div>\n\t\n\t<div id=\"accordion-1008746714\" class=\"accordion-item\">\n\t\t<a id=\"accordion-1008746714-label\" class=\"accordion-title plain\" href=\"#accordion-item-geschenkdosen\" aria-expanded=\"false\" aria-controls=\"accordion-1008746714-content\">\n\t\t\t<button class=\"toggle\" aria-label=\"Umschalten\"><i class=\"icon-angle-down\" aria-hidden=\"true\"><\/i><\/button>\n\t\t\t<span>Geschenkdosen<\/span>\n\t\t<\/a>\n\t\t<div id=\"accordion-1008746714-content\" class=\"accordion-inner\" aria-labelledby=\"accordion-1008746714-label\">\n\t\t\t\n\n<p><a href=\"https:\/\/druckzentrum-westkueste.de\/shop\/produkt\/geschenkdosen\/\">Geschenkdosen aus stabilem Blech<\/a>.<\/p>\n<p>Geschenkdosen mit sch\u00f6nen Motiven.<br \/>Lebensmittel geeignet.<br \/><br \/>Ideal f\u00fcr kleine Geschenke oder als Aufbewahrungs-\/Brotdose.<br \/><br \/>Gr\u00f6\u00dfe: L\u00e4nge 154 mm, Breite 117 mm, H\u00f6he 35 mm<\/p>\n<p>Sie k\u00f6nnen auch unseren Konfigurator nutzen f\u00fcr Ihre eigenen, individuellen Motive.<\/p>\n\n\t\t<\/div>\n\t<\/div>\n\t\n\n<\/div>\n\n\t\t<\/div>\n\t\t\t\t\t<\/div>\n\n\t\n\n\t<div id=\"col-540551885\" class=\"col medium-5 small-12 large-5\"  >\n\t\t\t\t<div class=\"col-inner\"  >\n\t\t\t\n\t\t\t\n\n<h3 class=\"accordion_title\">Hardcoverbindung<\/h3><div class=\"accordion\">\n\n\t<div id=\"accordion-2147413474\" class=\"accordion-item\">\n\t\t<a id=\"accordion-2147413474-label\" class=\"accordion-title plain\" href=\"#accordion-item-hardcover-f\u00fcr-ihre-abschlussarbeiten\" aria-expanded=\"false\" aria-controls=\"accordion-2147413474-content\">\n\t\t\t<button class=\"toggle\" aria-label=\"Umschalten\"><i class=\"icon-angle-down\" aria-hidden=\"true\"><\/i><\/button>\n\t\t\t<span>Hardcover f\u00fcr Ihre Abschlussarbeiten<\/span>\n\t\t<\/a>\n\t\t<div id=\"accordion-2147413474-content\" class=\"accordion-inner\" aria-labelledby=\"accordion-2147413474-label\">\n\t\t\t\n\n<p class=\"S19\"><strong>Bindung Ihrer Abschlussarbeit<\/strong><\/p>\n<p class=\"S6\">Der Standard f\u00fcr:<span class=\"S5\">\u00a0<br \/><\/span><\/p>\n<p class=\"S6\">Diplomarbeiten<br \/>Bachelorarbeiten<br \/>Doktorarbeiten<br \/>Abschlussarbeiten<br \/>Dokumente<br \/>sowie viele andere Dokumente.<\/p>\n<p class=\"S19\"><a href=\"https:\/\/www.druckzentrum-westkueste.de\/shop\/produkt\/abschlussarbeiten\/\"><strong>Bachelor\/Hausarbeit\/Seminararbeit\/<\/strong><\/a><br \/><strong>Diplom- und Doktorarbeit<\/strong><br \/><br \/><\/p>\n<p>Die Bindung kann im Hard- oder Softcover erfolgen.<br \/>Bei einem Hardcover besteht die M\u00f6glichkeit zu einem Aufdruck.<\/p>\n<p><strong>Weitere Bindem\u00f6glichkeiten k\u00f6nnen Sie direkt bei uns <a href=\"mailto:info@druckzentrum-westkueste.de\" target=\"_blank\" rel=\"noopener\">anfragen.<\/a><\/strong><\/p>\n\n\t\t<\/div>\n\t<\/div>\n\t\n\n<\/div>\n\n\t\t<\/div>\n\t\t\t\t\t<\/div>\n\n\t\n\n<\/div>\n\n","protected":false},"excerpt":{"rendered":"","protected":false},"author":25,"featured_media":0,"parent":0,"menu_order":0,"comment_status":"closed","ping_status":"closed","template":"","meta":{"footnotes":""},"class_list":["post-6350","page","type-page","status-publish","hentry"],"yoast_head":"<!-- This site is optimized with the Yoast SEO plugin v27.5 - https:\/\/yoast.com\/product\/yoast-seo-wordpress\/ -->\n<title>Unser Sortiment - DruckZentrum-Westkueste<\/title>\n<meta name=\"robots\" content=\"index, follow, max-snippet:-1, max-image-preview:large, max-video-preview:-1\" \/>\n<link rel=\"canonical\" href=\"https:\/\/druckzentrum-westkueste.de\/shop\/sortiment-2023\/\" \/>\n<meta property=\"og:locale\" content=\"de_DE\" \/>\n<meta property=\"og:type\" content=\"article\" \/>\n<meta property=\"og:title\" content=\"Unser Sortiment - DruckZentrum-Westkueste\" \/>\n<meta property=\"og:url\" content=\"https:\/\/druckzentrum-westkueste.de\/shop\/sortiment-2023\/\" \/>\n<meta property=\"og:site_name\" content=\"DruckZentrum-Westkueste\" \/>\n<meta property=\"article:modified_time\" content=\"2024-02-21T15:52:54+00:00\" \/>\n<meta name=\"twitter:card\" content=\"summary_large_image\" \/>\n<meta name=\"twitter:label1\" content=\"Gesch\u00e4tzte Lesezeit\" \/>\n\t<meta name=\"twitter:data1\" content=\"2\u00a0Minuten\" \/>\n<script type=\"application\/ld+json\" class=\"yoast-schema-graph\">{\"@context\":\"https:\\\/\\\/schema.org\",\"@graph\":[{\"@type\":\"WebPage\",\"@id\":\"https:\\\/\\\/druckzentrum-westkueste.de\\\/shop\\\/sortiment-2023\\\/\",\"url\":\"https:\\\/\\\/druckzentrum-westkueste.de\\\/shop\\\/sortiment-2023\\\/\",\"name\":\"Unser Sortiment - DruckZentrum-Westkueste\",\"isPartOf\":{\"@id\":\"https:\\\/\\\/druckzentrum-westkueste.de\\\/shop\\\/#website\"},\"datePublished\":\"2023-02-23T12:30:55+00:00\",\"dateModified\":\"2024-02-21T15:52:54+00:00\",\"breadcrumb\":{\"@id\":\"https:\\\/\\\/druckzentrum-westkueste.de\\\/shop\\\/sortiment-2023\\\/#breadcrumb\"},\"inLanguage\":\"de\",\"potentialAction\":[{\"@type\":\"ReadAction\",\"target\":[\"https:\\\/\\\/druckzentrum-westkueste.de\\\/shop\\\/sortiment-2023\\\/\"]}]},{\"@type\":\"BreadcrumbList\",\"@id\":\"https:\\\/\\\/druckzentrum-westkueste.de\\\/shop\\\/sortiment-2023\\\/#breadcrumb\",\"itemListElement\":[{\"@type\":\"ListItem\",\"position\":1,\"name\":\"Startseite\",\"item\":\"https:\\\/\\\/druckzentrum-westkueste.de\\\/shop\\\/\"},{\"@type\":\"ListItem\",\"position\":2,\"name\":\"Unser Sortiment\"}]},{\"@type\":\"WebSite\",\"@id\":\"https:\\\/\\\/druckzentrum-westkueste.de\\\/shop\\\/#website\",\"url\":\"https:\\\/\\\/druckzentrum-westkueste.de\\\/shop\\\/\",\"name\":\"DruckZentrum-Westkueste\",\"description\":\"Willkommen im Shopbereich des DruckZentrums-Westkueste ! Druckerzeugnisse aller Art. Schnell und individuell.\",\"publisher\":{\"@id\":\"https:\\\/\\\/druckzentrum-westkueste.de\\\/shop\\\/#organization\"},\"potentialAction\":[{\"@type\":\"SearchAction\",\"target\":{\"@type\":\"EntryPoint\",\"urlTemplate\":\"https:\\\/\\\/druckzentrum-westkueste.de\\\/shop\\\/?s={search_term_string}\"},\"query-input\":{\"@type\":\"PropertyValueSpecification\",\"valueRequired\":true,\"valueName\":\"search_term_string\"}}],\"inLanguage\":\"de\"},{\"@type\":\"Organization\",\"@id\":\"https:\\\/\\\/druckzentrum-westkueste.de\\\/shop\\\/#organization\",\"name\":\"DruckZentrum-Westkueste\",\"url\":\"https:\\\/\\\/druckzentrum-westkueste.de\\\/shop\\\/\",\"logo\":{\"@type\":\"ImageObject\",\"inLanguage\":\"de\",\"@id\":\"https:\\\/\\\/druckzentrum-westkueste.de\\\/shop\\\/#\\\/schema\\\/logo\\\/image\\\/\",\"url\":\"https:\\\/\\\/www.druckzentrum-westkueste.de\\\/shop\\\/wp-content\\\/uploads\\\/2021\\\/11\\\/Webseite_1_1240x156-1-e1637241818265.jpg\",\"contentUrl\":\"https:\\\/\\\/www.druckzentrum-westkueste.de\\\/shop\\\/wp-content\\\/uploads\\\/2021\\\/11\\\/Webseite_1_1240x156-1-e1637241818265.jpg\",\"width\":500,\"height\":63,\"caption\":\"DruckZentrum-Westkueste\"},\"image\":{\"@id\":\"https:\\\/\\\/druckzentrum-westkueste.de\\\/shop\\\/#\\\/schema\\\/logo\\\/image\\\/\"}}]}<\/script>\n<!-- \/ Yoast SEO plugin. -->","yoast_head_json":{"title":"Unser Sortiment - DruckZentrum-Westkueste","robots":{"index":"index","follow":"follow","max-snippet":"max-snippet:-1","max-image-preview":"max-image-preview:large","max-video-preview":"max-video-preview:-1"},"canonical":"https:\/\/druckzentrum-westkueste.de\/shop\/sortiment-2023\/","og_locale":"de_DE","og_type":"article","og_title":"Unser Sortiment - DruckZentrum-Westkueste","og_url":"https:\/\/druckzentrum-westkueste.de\/shop\/sortiment-2023\/","og_site_name":"DruckZentrum-Westkueste","article_modified_time":"2024-02-21T15:52:54+00:00","twitter_card":"summary_large_image","twitter_misc":{"Gesch\u00e4tzte Lesezeit":"2\u00a0Minuten"},"schema":{"@context":"https:\/\/schema.org","@graph":[{"@type":"WebPage","@id":"https:\/\/druckzentrum-westkueste.de\/shop\/sortiment-2023\/","url":"https:\/\/druckzentrum-westkueste.de\/shop\/sortiment-2023\/","name":"Unser Sortiment - DruckZentrum-Westkueste","isPartOf":{"@id":"https:\/\/druckzentrum-westkueste.de\/shop\/#website"},"datePublished":"2023-02-23T12:30:55+00:00","dateModified":"2024-02-21T15:52:54+00:00","breadcrumb":{"@id":"https:\/\/druckzentrum-westkueste.de\/shop\/sortiment-2023\/#breadcrumb"},"inLanguage":"de","potentialAction":[{"@type":"ReadAction","target":["https:\/\/druckzentrum-westkueste.de\/shop\/sortiment-2023\/"]}]},{"@type":"BreadcrumbList","@id":"https:\/\/druckzentrum-westkueste.de\/shop\/sortiment-2023\/#breadcrumb","itemListElement":[{"@type":"ListItem","position":1,"name":"Startseite","item":"https:\/\/druckzentrum-westkueste.de\/shop\/"},{"@type":"ListItem","position":2,"name":"Unser Sortiment"}]},{"@type":"WebSite","@id":"https:\/\/druckzentrum-westkueste.de\/shop\/#website","url":"https:\/\/druckzentrum-westkueste.de\/shop\/","name":"DruckZentrum-Westkueste","description":"Willkommen im Shopbereich des DruckZentrums-Westkueste ! Druckerzeugnisse aller Art. Schnell und individuell.","publisher":{"@id":"https:\/\/druckzentrum-westkueste.de\/shop\/#organization"},"potentialAction":[{"@type":"SearchAction","target":{"@type":"EntryPoint","urlTemplate":"https:\/\/druckzentrum-westkueste.de\/shop\/?s={search_term_string}"},"query-input":{"@type":"PropertyValueSpecification","valueRequired":true,"valueName":"search_term_string"}}],"inLanguage":"de"},{"@type":"Organization","@id":"https:\/\/druckzentrum-westkueste.de\/shop\/#organization","name":"DruckZentrum-Westkueste","url":"https:\/\/druckzentrum-westkueste.de\/shop\/","logo":{"@type":"ImageObject","inLanguage":"de","@id":"https:\/\/druckzentrum-westkueste.de\/shop\/#\/schema\/logo\/image\/","url":"https:\/\/www.druckzentrum-westkueste.de\/shop\/wp-content\/uploads\/2021\/11\/Webseite_1_1240x156-1-e1637241818265.jpg","contentUrl":"https:\/\/www.druckzentrum-westkueste.de\/shop\/wp-content\/uploads\/2021\/11\/Webseite_1_1240x156-1-e1637241818265.jpg","width":500,"height":63,"caption":"DruckZentrum-Westkueste"},"image":{"@id":"https:\/\/druckzentrum-westkueste.de\/shop\/#\/schema\/logo\/image\/"}}]}},"_links":{"self":[{"href":"https:\/\/druckzentrum-westkueste.de\/shop\/wp-json\/wp\/v2\/pages\/6350","targetHints":{"allow":["GET"]}}],"collection":[{"href":"https:\/\/druckzentrum-westkueste.de\/shop\/wp-json\/wp\/v2\/pages"}],"about":[{"href":"https:\/\/druckzentrum-westkueste.de\/shop\/wp-json\/wp\/v2\/types\/page"}],"author":[{"embeddable":true,"href":"https:\/\/druckzentrum-westkueste.de\/shop\/wp-json\/wp\/v2\/users\/25"}],"replies":[{"embeddable":true,"href":"https:\/\/druckzentrum-westkueste.de\/shop\/wp-json\/wp\/v2\/comments?post=6350"}],"version-history":[{"count":6,"href":"https:\/\/druckzentrum-westkueste.de\/shop\/wp-json\/wp\/v2\/pages\/6350\/revisions"}],"predecessor-version":[{"id":16421,"href":"https:\/\/druckzentrum-westkueste.de\/shop\/wp-json\/wp\/v2\/pages\/6350\/revisions\/16421"}],"wp:attachment":[{"href":"https:\/\/druckzentrum-westkueste.de\/shop\/wp-json\/wp\/v2\/media?parent=6350"}],"curies":[{"name":"wp","href":"https:\/\/api.w.org\/{rel}","templated":true}]}}