{"id":1214,"date":"2021-11-19T11:13:44","date_gmt":"2021-11-19T10:13:44","guid":{"rendered":"https:\/\/www.druckzentrum-westkueste.de\/shop\/?post_type=product&#038;p=1214"},"modified":"2024-02-21T16:37:04","modified_gmt":"2024-02-21T15:37:04","slug":"foto-keramiktasse-two-tones-handle","status":"publish","type":"product","link":"https:\/\/druckzentrum-westkueste.de\/shop\/produkt\/foto-keramiktasse-two-tones-handle\/","title":{"rendered":"Foto-Keramiktasse TWO TONES &#038; HANDLE"},"content":{"rendered":"<p>Foto-Keramiktasse mit eigenem Motiv erstellen<\/p>\n<p>Druckfl\u00e4che 190 x 80 mm<\/p>\n<p><u><span class=\"srdesctitle\">Keramiktasse TWO TONES &amp; HANDLE 11oz, DURAGLAZE, sp\u00fclmaschinengeeignet<\/span><\/u><\/p>\n<p>&#8211; Hochwertige 11oz Keramiktasse mit DURAGLAZE\u00ae-Coating<br \/>\n&#8211; Hochwei\u00df, gl\u00e4nzende Oberfl\u00e4che<br \/>\n&#8211; Henkel und Innenseite farbig, in 12 tollen Farben<br \/>\n&#8211; Hervorragend gerade und gleichm\u00e4\u00dfige Oberfl\u00e4che<br \/>\n&#8211; Fotodruck von h\u00f6chster Qualit\u00e4t<br \/>\n&#8211; 100 % Sp\u00fclmaschinengeeignet nach BS EN 12875-4<br \/>\ngetestet auf 2.000 Sp\u00fclmaschineng\u00e4nge<br \/>\n&#8211; Mikrowellenbest\u00e4ndig nach BS EN 15284:2007<br \/>\n&#8211; Industriesp\u00fclmaschinenbest\u00e4ndig<br \/>\n&#8211; F\u00fcr Sublimationstransfer<br \/>\n&#8211; H\u00f6he 96 mm, \u00d8 80 mm, ca. 340 g<br \/>\n&#8211; Fassungsverm\u00f6gen ca. 330 ml<\/p>\n<p><span class=\"srdesctitle\">Diese Tassen sind zum selber gestalten, laden Sie gerne Ihre Bilder hoch.<\/span><\/p>\n<p>Innenfl\u00e4che und Henkel in verschiedenen Farben, bitte ausw\u00e4hlen.<\/p>\n<p>Hier die Vorlage im L\u00e4ngsschnitt der Tasse.<\/p>\n<p><img loading=\"lazy\" decoding=\"async\" class=\"alignnone size-medium wp-image-1492\" src=\"https:\/\/www.druckzentrum-westkueste.de\/shop\/wp-content\/uploads\/2021\/11\/tasse-vorlage-1-800x291.png\" alt=\"\" width=\"800\" height=\"291\" \/><\/p>\n","protected":false},"excerpt":{"rendered":"<p><u><span class=\"srdesctitle\">Keramiktasse TWO TONES &amp; HANDLE 11oz, DURAGLAZE, sp\u00fclmaschinengeeignet<\/span><\/u><\/p>\n<p><span class=\"srdesctitle\">Diese Tassen sind zum selber gestalten, laden Sie gerne Ihre Bilder hoch<\/span><\/p>\n<p>Innenfl\u00e4che und Henkel in verschiedenen Farben, bitte ausw\u00e4hlen.<\/p>\n","protected":false},"featured_media":1656,"comment_status":"open","ping_status":"closed","template":"","meta":[],"product_brand":[],"product_cat":[141],"product_tag":[],"class_list":{"0":"post-1214","1":"product","2":"type-product","3":"status-publish","4":"has-post-thumbnail","6":"product_cat-tassen-becher","7":"product_shipping_class-paket-2kg","8":"pa_farbe-altrosa","9":"pa_farbe-bordeaux","10":"pa_farbe-braun","11":"pa_farbe-cambridge-blau","12":"pa_farbe-dunkelgruen","13":"pa_farbe-gelb","14":"pa_farbe-goldgelb","15":"pa_farbe-hellblau","16":"pa_farbe-hellgruen","17":"pa_farbe-kobaltblau","18":"pa_farbe-lila","19":"pa_farbe-rot","20":"pa_farbe-schwarz","21":"pa_farbe-tuerkis","22":"tm-no-options","24":"first","25":"instock","26":"taxable","27":"shipping-taxable","28":"purchasable","29":"product-type-variable"},"yoast_head":"<!-- This site is optimized with the Yoast SEO plugin v27.5 - https:\/\/yoast.com\/product\/yoast-seo-wordpress\/ -->\n<title>Foto-Keramiktasse TWO TONES &amp; HANDLE - DruckZentrum-Westkueste<\/title>\n<meta name=\"description\" content=\"Foto-Keramiktasse mit eigenem Motiv erstellen\" \/>\n<meta name=\"robots\" content=\"index, follow, max-snippet:-1, max-image-preview:large, max-video-preview:-1\" \/>\n<link rel=\"canonical\" href=\"https:\/\/druckzentrum-westkueste.de\/shop\/produkt\/foto-keramiktasse-two-tones-handle\/\" \/>\n<meta property=\"og:locale\" content=\"de_DE\" \/>\n<meta property=\"og:type\" content=\"article\" \/>\n<meta property=\"og:title\" content=\"Foto-Keramiktasse TWO TONES &amp; HANDLE - DruckZentrum-Westkueste\" \/>\n<meta property=\"og:description\" content=\"Foto-Keramiktasse mit eigenem Motiv erstellen\" \/>\n<meta property=\"og:url\" content=\"https:\/\/druckzentrum-westkueste.de\/shop\/produkt\/foto-keramiktasse-two-tones-handle\/\" \/>\n<meta property=\"og:site_name\" content=\"DruckZentrum-Westkueste\" \/>\n<meta property=\"article:modified_time\" content=\"2024-02-21T15:37:04+00:00\" \/>\n<meta property=\"og:image\" content=\"https:\/\/druckzentrum-westkueste.de\/shop\/wp-content\/uploads\/2021\/12\/TTH-DG-O-e1639050120108.jpg\" \/>\n\t<meta property=\"og:image:width\" content=\"400\" \/>\n\t<meta property=\"og:image:height\" content=\"400\" \/>\n\t<meta property=\"og:image:type\" content=\"image\/jpeg\" \/>\n<meta name=\"twitter:card\" content=\"summary_large_image\" \/>\n<meta name=\"twitter:label1\" content=\"Gesch\u00e4tzte Lesezeit\" \/>\n\t<meta name=\"twitter:data1\" content=\"1\u00a0Minute\" \/>\n<script type=\"application\/ld+json\" class=\"yoast-schema-graph\">{\"@context\":\"https:\\\/\\\/schema.org\",\"@graph\":[{\"@type\":\"WebPage\",\"@id\":\"https:\\\/\\\/druckzentrum-westkueste.de\\\/shop\\\/produkt\\\/foto-keramiktasse-two-tones-handle\\\/\",\"url\":\"https:\\\/\\\/druckzentrum-westkueste.de\\\/shop\\\/produkt\\\/foto-keramiktasse-two-tones-handle\\\/\",\"name\":\"Foto-Keramiktasse TWO TONES & HANDLE - DruckZentrum-Westkueste\",\"isPartOf\":{\"@id\":\"https:\\\/\\\/druckzentrum-westkueste.de\\\/shop\\\/#website\"},\"primaryImageOfPage\":{\"@id\":\"https:\\\/\\\/druckzentrum-westkueste.de\\\/shop\\\/produkt\\\/foto-keramiktasse-two-tones-handle\\\/#primaryimage\"},\"image\":{\"@id\":\"https:\\\/\\\/druckzentrum-westkueste.de\\\/shop\\\/produkt\\\/foto-keramiktasse-two-tones-handle\\\/#primaryimage\"},\"thumbnailUrl\":\"https:\\\/\\\/druckzentrum-westkueste.de\\\/shop\\\/wp-content\\\/uploads\\\/2021\\\/12\\\/TTH-DG-O-e1639050120108.jpg\",\"datePublished\":\"2021-11-19T10:13:44+00:00\",\"dateModified\":\"2024-02-21T15:37:04+00:00\",\"description\":\"Foto-Keramiktasse mit eigenem Motiv erstellen\",\"breadcrumb\":{\"@id\":\"https:\\\/\\\/druckzentrum-westkueste.de\\\/shop\\\/produkt\\\/foto-keramiktasse-two-tones-handle\\\/#breadcrumb\"},\"inLanguage\":\"de\",\"potentialAction\":[{\"@type\":\"ReadAction\",\"target\":[\"https:\\\/\\\/druckzentrum-westkueste.de\\\/shop\\\/produkt\\\/foto-keramiktasse-two-tones-handle\\\/\"]}]},{\"@type\":\"ImageObject\",\"inLanguage\":\"de\",\"@id\":\"https:\\\/\\\/druckzentrum-westkueste.de\\\/shop\\\/produkt\\\/foto-keramiktasse-two-tones-handle\\\/#primaryimage\",\"url\":\"https:\\\/\\\/druckzentrum-westkueste.de\\\/shop\\\/wp-content\\\/uploads\\\/2021\\\/12\\\/TTH-DG-O-e1639050120108.jpg\",\"contentUrl\":\"https:\\\/\\\/druckzentrum-westkueste.de\\\/shop\\\/wp-content\\\/uploads\\\/2021\\\/12\\\/TTH-DG-O-e1639050120108.jpg\",\"width\":400,\"height\":400,\"caption\":\"Tasse orange\"},{\"@type\":\"BreadcrumbList\",\"@id\":\"https:\\\/\\\/druckzentrum-westkueste.de\\\/shop\\\/produkt\\\/foto-keramiktasse-two-tones-handle\\\/#breadcrumb\",\"itemListElement\":[{\"@type\":\"ListItem\",\"position\":1,\"name\":\"Startseite\",\"item\":\"https:\\\/\\\/druckzentrum-westkueste.de\\\/shop\\\/\"},{\"@type\":\"ListItem\",\"position\":2,\"name\":\"Produkte\",\"item\":\"https:\\\/\\\/druckzentrum-westkueste.de\\\/shop\\\/druckshop\\\/\"},{\"@type\":\"ListItem\",\"position\":3,\"name\":\"Foto-Keramiktasse TWO TONES &#038; HANDLE\"}]},{\"@type\":\"WebSite\",\"@id\":\"https:\\\/\\\/druckzentrum-westkueste.de\\\/shop\\\/#website\",\"url\":\"https:\\\/\\\/druckzentrum-westkueste.de\\\/shop\\\/\",\"name\":\"DruckZentrum-Westkueste\",\"description\":\"Willkommen im Shopbereich des DruckZentrums-Westkueste ! Druckerzeugnisse aller Art. Schnell und individuell.\",\"publisher\":{\"@id\":\"https:\\\/\\\/druckzentrum-westkueste.de\\\/shop\\\/#organization\"},\"potentialAction\":[{\"@type\":\"SearchAction\",\"target\":{\"@type\":\"EntryPoint\",\"urlTemplate\":\"https:\\\/\\\/druckzentrum-westkueste.de\\\/shop\\\/?s={search_term_string}\"},\"query-input\":{\"@type\":\"PropertyValueSpecification\",\"valueRequired\":true,\"valueName\":\"search_term_string\"}}],\"inLanguage\":\"de\"},{\"@type\":\"Organization\",\"@id\":\"https:\\\/\\\/druckzentrum-westkueste.de\\\/shop\\\/#organization\",\"name\":\"DruckZentrum-Westkueste\",\"url\":\"https:\\\/\\\/druckzentrum-westkueste.de\\\/shop\\\/\",\"logo\":{\"@type\":\"ImageObject\",\"inLanguage\":\"de\",\"@id\":\"https:\\\/\\\/druckzentrum-westkueste.de\\\/shop\\\/#\\\/schema\\\/logo\\\/image\\\/\",\"url\":\"https:\\\/\\\/www.druckzentrum-westkueste.de\\\/shop\\\/wp-content\\\/uploads\\\/2021\\\/11\\\/Webseite_1_1240x156-1-e1637241818265.jpg\",\"contentUrl\":\"https:\\\/\\\/www.druckzentrum-westkueste.de\\\/shop\\\/wp-content\\\/uploads\\\/2021\\\/11\\\/Webseite_1_1240x156-1-e1637241818265.jpg\",\"width\":500,\"height\":63,\"caption\":\"DruckZentrum-Westkueste\"},\"image\":{\"@id\":\"https:\\\/\\\/druckzentrum-westkueste.de\\\/shop\\\/#\\\/schema\\\/logo\\\/image\\\/\"}}]}<\/script>\n<!-- \/ Yoast SEO plugin. -->","yoast_head_json":{"title":"Foto-Keramiktasse TWO TONES & HANDLE - DruckZentrum-Westkueste","description":"Foto-Keramiktasse mit eigenem Motiv erstellen","robots":{"index":"index","follow":"follow","max-snippet":"max-snippet:-1","max-image-preview":"max-image-preview:large","max-video-preview":"max-video-preview:-1"},"canonical":"https:\/\/druckzentrum-westkueste.de\/shop\/produkt\/foto-keramiktasse-two-tones-handle\/","og_locale":"de_DE","og_type":"article","og_title":"Foto-Keramiktasse TWO TONES & HANDLE - DruckZentrum-Westkueste","og_description":"Foto-Keramiktasse mit eigenem Motiv erstellen","og_url":"https:\/\/druckzentrum-westkueste.de\/shop\/produkt\/foto-keramiktasse-two-tones-handle\/","og_site_name":"DruckZentrum-Westkueste","article_modified_time":"2024-02-21T15:37:04+00:00","og_image":[{"width":400,"height":400,"url":"https:\/\/druckzentrum-westkueste.de\/shop\/wp-content\/uploads\/2021\/12\/TTH-DG-O-e1639050120108.jpg","type":"image\/jpeg"}],"twitter_card":"summary_large_image","twitter_misc":{"Gesch\u00e4tzte Lesezeit":"1\u00a0Minute"},"schema":{"@context":"https:\/\/schema.org","@graph":[{"@type":"WebPage","@id":"https:\/\/druckzentrum-westkueste.de\/shop\/produkt\/foto-keramiktasse-two-tones-handle\/","url":"https:\/\/druckzentrum-westkueste.de\/shop\/produkt\/foto-keramiktasse-two-tones-handle\/","name":"Foto-Keramiktasse TWO TONES & HANDLE - DruckZentrum-Westkueste","isPartOf":{"@id":"https:\/\/druckzentrum-westkueste.de\/shop\/#website"},"primaryImageOfPage":{"@id":"https:\/\/druckzentrum-westkueste.de\/shop\/produkt\/foto-keramiktasse-two-tones-handle\/#primaryimage"},"image":{"@id":"https:\/\/druckzentrum-westkueste.de\/shop\/produkt\/foto-keramiktasse-two-tones-handle\/#primaryimage"},"thumbnailUrl":"https:\/\/druckzentrum-westkueste.de\/shop\/wp-content\/uploads\/2021\/12\/TTH-DG-O-e1639050120108.jpg","datePublished":"2021-11-19T10:13:44+00:00","dateModified":"2024-02-21T15:37:04+00:00","description":"Foto-Keramiktasse mit eigenem Motiv erstellen","breadcrumb":{"@id":"https:\/\/druckzentrum-westkueste.de\/shop\/produkt\/foto-keramiktasse-two-tones-handle\/#breadcrumb"},"inLanguage":"de","potentialAction":[{"@type":"ReadAction","target":["https:\/\/druckzentrum-westkueste.de\/shop\/produkt\/foto-keramiktasse-two-tones-handle\/"]}]},{"@type":"ImageObject","inLanguage":"de","@id":"https:\/\/druckzentrum-westkueste.de\/shop\/produkt\/foto-keramiktasse-two-tones-handle\/#primaryimage","url":"https:\/\/druckzentrum-westkueste.de\/shop\/wp-content\/uploads\/2021\/12\/TTH-DG-O-e1639050120108.jpg","contentUrl":"https:\/\/druckzentrum-westkueste.de\/shop\/wp-content\/uploads\/2021\/12\/TTH-DG-O-e1639050120108.jpg","width":400,"height":400,"caption":"Tasse orange"},{"@type":"BreadcrumbList","@id":"https:\/\/druckzentrum-westkueste.de\/shop\/produkt\/foto-keramiktasse-two-tones-handle\/#breadcrumb","itemListElement":[{"@type":"ListItem","position":1,"name":"Startseite","item":"https:\/\/druckzentrum-westkueste.de\/shop\/"},{"@type":"ListItem","position":2,"name":"Produkte","item":"https:\/\/druckzentrum-westkueste.de\/shop\/druckshop\/"},{"@type":"ListItem","position":3,"name":"Foto-Keramiktasse TWO TONES &#038; HANDLE"}]},{"@type":"WebSite","@id":"https:\/\/druckzentrum-westkueste.de\/shop\/#website","url":"https:\/\/druckzentrum-westkueste.de\/shop\/","name":"DruckZentrum-Westkueste","description":"Willkommen im Shopbereich des DruckZentrums-Westkueste ! Druckerzeugnisse aller Art. Schnell und individuell.","publisher":{"@id":"https:\/\/druckzentrum-westkueste.de\/shop\/#organization"},"potentialAction":[{"@type":"SearchAction","target":{"@type":"EntryPoint","urlTemplate":"https:\/\/druckzentrum-westkueste.de\/shop\/?s={search_term_string}"},"query-input":{"@type":"PropertyValueSpecification","valueRequired":true,"valueName":"search_term_string"}}],"inLanguage":"de"},{"@type":"Organization","@id":"https:\/\/druckzentrum-westkueste.de\/shop\/#organization","name":"DruckZentrum-Westkueste","url":"https:\/\/druckzentrum-westkueste.de\/shop\/","logo":{"@type":"ImageObject","inLanguage":"de","@id":"https:\/\/druckzentrum-westkueste.de\/shop\/#\/schema\/logo\/image\/","url":"https:\/\/www.druckzentrum-westkueste.de\/shop\/wp-content\/uploads\/2021\/11\/Webseite_1_1240x156-1-e1637241818265.jpg","contentUrl":"https:\/\/www.druckzentrum-westkueste.de\/shop\/wp-content\/uploads\/2021\/11\/Webseite_1_1240x156-1-e1637241818265.jpg","width":500,"height":63,"caption":"DruckZentrum-Westkueste"},"image":{"@id":"https:\/\/druckzentrum-westkueste.de\/shop\/#\/schema\/logo\/image\/"}}]}},"tiered_pricing_type":"fixed","tiered_pricing_fixed_rules":[],"tiered_pricing_product_settings":{"layout":"default","base_unit_name":{"singular":null,"plural":null},"default_variation":null},"tiered_pricing_minimum_quantity":null,"tiered_pricing_roles_data":[],"tiered_pricing_percentage_rules":[],"_links":{"self":[{"href":"https:\/\/druckzentrum-westkueste.de\/shop\/wp-json\/wp\/v2\/product\/1214","targetHints":{"allow":["GET"]}}],"collection":[{"href":"https:\/\/druckzentrum-westkueste.de\/shop\/wp-json\/wp\/v2\/product"}],"about":[{"href":"https:\/\/druckzentrum-westkueste.de\/shop\/wp-json\/wp\/v2\/types\/product"}],"replies":[{"embeddable":true,"href":"https:\/\/druckzentrum-westkueste.de\/shop\/wp-json\/wp\/v2\/comments?post=1214"}],"wp:featuredmedia":[{"embeddable":true,"href":"https:\/\/druckzentrum-westkueste.de\/shop\/wp-json\/wp\/v2\/media\/1656"}],"wp:attachment":[{"href":"https:\/\/druckzentrum-westkueste.de\/shop\/wp-json\/wp\/v2\/media?parent=1214"}],"wp:term":[{"taxonomy":"product_brand","embeddable":true,"href":"https:\/\/druckzentrum-westkueste.de\/shop\/wp-json\/wp\/v2\/product_brand?post=1214"},{"taxonomy":"product_cat","embeddable":true,"href":"https:\/\/druckzentrum-westkueste.de\/shop\/wp-json\/wp\/v2\/product_cat?post=1214"},{"taxonomy":"product_tag","embeddable":true,"href":"https:\/\/druckzentrum-westkueste.de\/shop\/wp-json\/wp\/v2\/product_tag?post=1214"}],"curies":[{"name":"wp","href":"https:\/\/api.w.org\/{rel}","templated":true}]}}