{"id":16404,"date":"2024-02-20T16:21:27","date_gmt":"2024-02-20T15:21:27","guid":{"rendered":"https:\/\/druckzentrum-westkueste.de\/shop\/?post_type=product&#038;p=16404"},"modified":"2024-02-21T17:15:12","modified_gmt":"2024-02-21T16:15:12","slug":"keramikbecher-mit-motiv-es-heisst-moin","status":"publish","type":"product","link":"https:\/\/druckzentrum-westkueste.de\/shop\/produkt\/keramikbecher-mit-motiv-es-heisst-moin\/","title":{"rendered":"Keramikbecher mit Motiv &#8211; Es hei\u00dft Moin!"},"content":{"rendered":"<p>Dunkelgr\u00fcner Keramikbecher mit Motiv.<\/p>\n<p><u><span class=\"srdesctitle\">Sp\u00fclmaschinengeeignet<\/span><\/u><\/p>\n<p>&#8211; Hochwertige 11oz Keramiktasse mit DURAGLAZE\u00ae-Coating<br \/>\n&#8211; gl\u00e4nzende Oberfl\u00e4che<br \/>\n&#8211; Hervorragend gerade und gleichm\u00e4\u00dfige Oberfl\u00e4che<br \/>\n&#8211; 100 % Sp\u00fclmaschinengeeignet nach BS EN 12875-4 &#8211; getestet auf 2.000 Sp\u00fclmaschineng\u00e4nge<br \/>\n&#8211; Mikrowellenbest\u00e4ndig nach BS EN 15284:2007<br \/>\n&#8211; Industriesp\u00fclmaschinenbest\u00e4ndig<br \/>\n&#8211; H\u00f6he 96 mm, \u00d8 80 mm, ca. 340 g<br \/>\n&#8211; Fassungsverm\u00f6gen ca. 330 ml<\/p>\n","protected":false},"excerpt":{"rendered":"<p>Dunkelgr\u00fcner Keramikbecher mit Motiv. Sp\u00fclmaschinengeeignet &#8211; Hochwertige 11oz Keramiktasse mit DURAGLAZE\u00ae-Coating &#8211; gl\u00e4nzende Oberfl\u00e4che &#8211; Hervorragend gerade und gleichm\u00e4\u00dfige Oberfl\u00e4che &#8211; 100 % Sp\u00fclmaschinengeeignet nach BS EN 12875-4 &#8211; getestet auf 2.000 Sp\u00fclmaschineng\u00e4nge &#8211; Mikrowellenbest\u00e4ndig nach BS EN 15284:2007 &#8211; Industriesp\u00fclmaschinenbest\u00e4ndig &#8211; H\u00f6he 96 mm, \u00d8 80 mm, ca. 340 g &#8211; Fassungsverm\u00f6gen ca. 330 [&#8230;]\n","protected":false},"featured_media":16405,"comment_status":"open","ping_status":"closed","template":"","meta":[],"product_brand":[],"product_cat":[141],"product_tag":[427,398,428],"class_list":{"0":"post-16404","1":"product","2":"type-product","3":"status-publish","4":"has-post-thumbnail","6":"product_cat-tassen-becher","7":"product_tag-becher","8":"product_tag-keramiktassen","9":"product_tag-tasse","10":"product_shipping_class-paket-2kg","11":"tm-no-options","13":"first","14":"instock","15":"taxable","16":"shipping-taxable","17":"purchasable","18":"product-type-simple"},"yoast_head":"<!-- This site is optimized with the Yoast SEO plugin v27.5 - https:\/\/yoast.com\/product\/yoast-seo-wordpress\/ -->\n<title>Keramikbecher mit Motiv - Es hei\u00dft Moin! - DruckZentrum-Westkueste<\/title>\n<meta name=\"description\" content=\"Keramikbecher mit Motiv - Es hei\u00dft Moin. Farbe dunkelgr\u00fcn Sp\u00fclmaschinengeeignet. Weitere Motive in unserem Onlineshop erh\u00e4ltlich!\" \/>\n<meta name=\"robots\" content=\"index, follow, max-snippet:-1, max-image-preview:large, max-video-preview:-1\" \/>\n<link rel=\"canonical\" href=\"https:\/\/druckzentrum-westkueste.de\/shop\/produkt\/keramikbecher-mit-motiv-es-heisst-moin\/\" \/>\n<meta property=\"og:locale\" content=\"de_DE\" \/>\n<meta property=\"og:type\" content=\"article\" \/>\n<meta property=\"og:title\" content=\"Keramikbecher mit Motiv - Es hei\u00dft Moin! - DruckZentrum-Westkueste\" \/>\n<meta property=\"og:description\" content=\"Keramikbecher mit Motiv - Es hei\u00dft Moin. Farbe dunkelgr\u00fcn Sp\u00fclmaschinengeeignet. Weitere Motive in unserem Onlineshop erh\u00e4ltlich!\" \/>\n<meta property=\"og:url\" content=\"https:\/\/druckzentrum-westkueste.de\/shop\/produkt\/keramikbecher-mit-motiv-es-heisst-moin\/\" \/>\n<meta property=\"og:site_name\" content=\"DruckZentrum-Westkueste\" \/>\n<meta property=\"article:modified_time\" content=\"2024-02-21T16:15:12+00:00\" \/>\n<meta property=\"og:image\" content=\"https:\/\/druckzentrum-westkueste.de\/shop\/wp-content\/uploads\/2024\/02\/20240220_143929-scaled.jpg\" \/>\n\t<meta property=\"og:image:width\" content=\"2560\" \/>\n\t<meta property=\"og:image:height\" content=\"1876\" \/>\n\t<meta property=\"og:image:type\" content=\"image\/jpeg\" \/>\n<meta name=\"twitter:card\" content=\"summary_large_image\" \/>\n<meta name=\"twitter:label1\" content=\"Gesch\u00e4tzte Lesezeit\" \/>\n\t<meta name=\"twitter:data1\" content=\"1\u00a0Minute\" \/>\n<script type=\"application\/ld+json\" class=\"yoast-schema-graph\">{\"@context\":\"https:\\\/\\\/schema.org\",\"@graph\":[{\"@type\":\"WebPage\",\"@id\":\"https:\\\/\\\/druckzentrum-westkueste.de\\\/shop\\\/produkt\\\/keramikbecher-mit-motiv-es-heisst-moin\\\/\",\"url\":\"https:\\\/\\\/druckzentrum-westkueste.de\\\/shop\\\/produkt\\\/keramikbecher-mit-motiv-es-heisst-moin\\\/\",\"name\":\"Keramikbecher mit Motiv - Es hei\u00dft Moin! - DruckZentrum-Westkueste\",\"isPartOf\":{\"@id\":\"https:\\\/\\\/druckzentrum-westkueste.de\\\/shop\\\/#website\"},\"primaryImageOfPage\":{\"@id\":\"https:\\\/\\\/druckzentrum-westkueste.de\\\/shop\\\/produkt\\\/keramikbecher-mit-motiv-es-heisst-moin\\\/#primaryimage\"},\"image\":{\"@id\":\"https:\\\/\\\/druckzentrum-westkueste.de\\\/shop\\\/produkt\\\/keramikbecher-mit-motiv-es-heisst-moin\\\/#primaryimage\"},\"thumbnailUrl\":\"https:\\\/\\\/druckzentrum-westkueste.de\\\/shop\\\/wp-content\\\/uploads\\\/2024\\\/02\\\/20240220_143929-scaled.jpg\",\"datePublished\":\"2024-02-20T15:21:27+00:00\",\"dateModified\":\"2024-02-21T16:15:12+00:00\",\"description\":\"Keramikbecher mit Motiv - Es hei\u00dft Moin. Farbe dunkelgr\u00fcn Sp\u00fclmaschinengeeignet. Weitere Motive in unserem Onlineshop erh\u00e4ltlich!\",\"breadcrumb\":{\"@id\":\"https:\\\/\\\/druckzentrum-westkueste.de\\\/shop\\\/produkt\\\/keramikbecher-mit-motiv-es-heisst-moin\\\/#breadcrumb\"},\"inLanguage\":\"de\",\"potentialAction\":[{\"@type\":\"ReadAction\",\"target\":[\"https:\\\/\\\/druckzentrum-westkueste.de\\\/shop\\\/produkt\\\/keramikbecher-mit-motiv-es-heisst-moin\\\/\"]}]},{\"@type\":\"ImageObject\",\"inLanguage\":\"de\",\"@id\":\"https:\\\/\\\/druckzentrum-westkueste.de\\\/shop\\\/produkt\\\/keramikbecher-mit-motiv-es-heisst-moin\\\/#primaryimage\",\"url\":\"https:\\\/\\\/druckzentrum-westkueste.de\\\/shop\\\/wp-content\\\/uploads\\\/2024\\\/02\\\/20240220_143929-scaled.jpg\",\"contentUrl\":\"https:\\\/\\\/druckzentrum-westkueste.de\\\/shop\\\/wp-content\\\/uploads\\\/2024\\\/02\\\/20240220_143929-scaled.jpg\",\"width\":2560,\"height\":1876},{\"@type\":\"BreadcrumbList\",\"@id\":\"https:\\\/\\\/druckzentrum-westkueste.de\\\/shop\\\/produkt\\\/keramikbecher-mit-motiv-es-heisst-moin\\\/#breadcrumb\",\"itemListElement\":[{\"@type\":\"ListItem\",\"position\":1,\"name\":\"Startseite\",\"item\":\"https:\\\/\\\/druckzentrum-westkueste.de\\\/shop\\\/\"},{\"@type\":\"ListItem\",\"position\":2,\"name\":\"Produkte\",\"item\":\"https:\\\/\\\/druckzentrum-westkueste.de\\\/shop\\\/druckshop\\\/\"},{\"@type\":\"ListItem\",\"position\":3,\"name\":\"Keramikbecher mit Motiv &#8211; Es hei\u00dft Moin!\"}]},{\"@type\":\"WebSite\",\"@id\":\"https:\\\/\\\/druckzentrum-westkueste.de\\\/shop\\\/#website\",\"url\":\"https:\\\/\\\/druckzentrum-westkueste.de\\\/shop\\\/\",\"name\":\"DruckZentrum-Westkueste\",\"description\":\"Willkommen im Shopbereich des DruckZentrums-Westkueste ! Druckerzeugnisse aller Art. Schnell und individuell.\",\"publisher\":{\"@id\":\"https:\\\/\\\/druckzentrum-westkueste.de\\\/shop\\\/#organization\"},\"potentialAction\":[{\"@type\":\"SearchAction\",\"target\":{\"@type\":\"EntryPoint\",\"urlTemplate\":\"https:\\\/\\\/druckzentrum-westkueste.de\\\/shop\\\/?s={search_term_string}\"},\"query-input\":{\"@type\":\"PropertyValueSpecification\",\"valueRequired\":true,\"valueName\":\"search_term_string\"}}],\"inLanguage\":\"de\"},{\"@type\":\"Organization\",\"@id\":\"https:\\\/\\\/druckzentrum-westkueste.de\\\/shop\\\/#organization\",\"name\":\"DruckZentrum-Westkueste\",\"url\":\"https:\\\/\\\/druckzentrum-westkueste.de\\\/shop\\\/\",\"logo\":{\"@type\":\"ImageObject\",\"inLanguage\":\"de\",\"@id\":\"https:\\\/\\\/druckzentrum-westkueste.de\\\/shop\\\/#\\\/schema\\\/logo\\\/image\\\/\",\"url\":\"https:\\\/\\\/www.druckzentrum-westkueste.de\\\/shop\\\/wp-content\\\/uploads\\\/2021\\\/11\\\/Webseite_1_1240x156-1-e1637241818265.jpg\",\"contentUrl\":\"https:\\\/\\\/www.druckzentrum-westkueste.de\\\/shop\\\/wp-content\\\/uploads\\\/2021\\\/11\\\/Webseite_1_1240x156-1-e1637241818265.jpg\",\"width\":500,\"height\":63,\"caption\":\"DruckZentrum-Westkueste\"},\"image\":{\"@id\":\"https:\\\/\\\/druckzentrum-westkueste.de\\\/shop\\\/#\\\/schema\\\/logo\\\/image\\\/\"}}]}<\/script>\n<!-- \/ Yoast SEO plugin. -->","yoast_head_json":{"title":"Keramikbecher mit Motiv - Es hei\u00dft Moin! - DruckZentrum-Westkueste","description":"Keramikbecher mit Motiv - Es hei\u00dft Moin. Farbe dunkelgr\u00fcn Sp\u00fclmaschinengeeignet. Weitere Motive in unserem Onlineshop erh\u00e4ltlich!","robots":{"index":"index","follow":"follow","max-snippet":"max-snippet:-1","max-image-preview":"max-image-preview:large","max-video-preview":"max-video-preview:-1"},"canonical":"https:\/\/druckzentrum-westkueste.de\/shop\/produkt\/keramikbecher-mit-motiv-es-heisst-moin\/","og_locale":"de_DE","og_type":"article","og_title":"Keramikbecher mit Motiv - Es hei\u00dft Moin! - DruckZentrum-Westkueste","og_description":"Keramikbecher mit Motiv - Es hei\u00dft Moin. Farbe dunkelgr\u00fcn Sp\u00fclmaschinengeeignet. Weitere Motive in unserem Onlineshop erh\u00e4ltlich!","og_url":"https:\/\/druckzentrum-westkueste.de\/shop\/produkt\/keramikbecher-mit-motiv-es-heisst-moin\/","og_site_name":"DruckZentrum-Westkueste","article_modified_time":"2024-02-21T16:15:12+00:00","og_image":[{"width":2560,"height":1876,"url":"https:\/\/druckzentrum-westkueste.de\/shop\/wp-content\/uploads\/2024\/02\/20240220_143929-scaled.jpg","type":"image\/jpeg"}],"twitter_card":"summary_large_image","twitter_misc":{"Gesch\u00e4tzte Lesezeit":"1\u00a0Minute"},"schema":{"@context":"https:\/\/schema.org","@graph":[{"@type":"WebPage","@id":"https:\/\/druckzentrum-westkueste.de\/shop\/produkt\/keramikbecher-mit-motiv-es-heisst-moin\/","url":"https:\/\/druckzentrum-westkueste.de\/shop\/produkt\/keramikbecher-mit-motiv-es-heisst-moin\/","name":"Keramikbecher mit Motiv - Es hei\u00dft Moin! - DruckZentrum-Westkueste","isPartOf":{"@id":"https:\/\/druckzentrum-westkueste.de\/shop\/#website"},"primaryImageOfPage":{"@id":"https:\/\/druckzentrum-westkueste.de\/shop\/produkt\/keramikbecher-mit-motiv-es-heisst-moin\/#primaryimage"},"image":{"@id":"https:\/\/druckzentrum-westkueste.de\/shop\/produkt\/keramikbecher-mit-motiv-es-heisst-moin\/#primaryimage"},"thumbnailUrl":"https:\/\/druckzentrum-westkueste.de\/shop\/wp-content\/uploads\/2024\/02\/20240220_143929-scaled.jpg","datePublished":"2024-02-20T15:21:27+00:00","dateModified":"2024-02-21T16:15:12+00:00","description":"Keramikbecher mit Motiv - Es hei\u00dft Moin. Farbe dunkelgr\u00fcn Sp\u00fclmaschinengeeignet. Weitere Motive in unserem Onlineshop erh\u00e4ltlich!","breadcrumb":{"@id":"https:\/\/druckzentrum-westkueste.de\/shop\/produkt\/keramikbecher-mit-motiv-es-heisst-moin\/#breadcrumb"},"inLanguage":"de","potentialAction":[{"@type":"ReadAction","target":["https:\/\/druckzentrum-westkueste.de\/shop\/produkt\/keramikbecher-mit-motiv-es-heisst-moin\/"]}]},{"@type":"ImageObject","inLanguage":"de","@id":"https:\/\/druckzentrum-westkueste.de\/shop\/produkt\/keramikbecher-mit-motiv-es-heisst-moin\/#primaryimage","url":"https:\/\/druckzentrum-westkueste.de\/shop\/wp-content\/uploads\/2024\/02\/20240220_143929-scaled.jpg","contentUrl":"https:\/\/druckzentrum-westkueste.de\/shop\/wp-content\/uploads\/2024\/02\/20240220_143929-scaled.jpg","width":2560,"height":1876},{"@type":"BreadcrumbList","@id":"https:\/\/druckzentrum-westkueste.de\/shop\/produkt\/keramikbecher-mit-motiv-es-heisst-moin\/#breadcrumb","itemListElement":[{"@type":"ListItem","position":1,"name":"Startseite","item":"https:\/\/druckzentrum-westkueste.de\/shop\/"},{"@type":"ListItem","position":2,"name":"Produkte","item":"https:\/\/druckzentrum-westkueste.de\/shop\/druckshop\/"},{"@type":"ListItem","position":3,"name":"Keramikbecher mit Motiv &#8211; Es hei\u00dft Moin!"}]},{"@type":"WebSite","@id":"https:\/\/druckzentrum-westkueste.de\/shop\/#website","url":"https:\/\/druckzentrum-westkueste.de\/shop\/","name":"DruckZentrum-Westkueste","description":"Willkommen im Shopbereich des DruckZentrums-Westkueste ! Druckerzeugnisse aller Art. Schnell und individuell.","publisher":{"@id":"https:\/\/druckzentrum-westkueste.de\/shop\/#organization"},"potentialAction":[{"@type":"SearchAction","target":{"@type":"EntryPoint","urlTemplate":"https:\/\/druckzentrum-westkueste.de\/shop\/?s={search_term_string}"},"query-input":{"@type":"PropertyValueSpecification","valueRequired":true,"valueName":"search_term_string"}}],"inLanguage":"de"},{"@type":"Organization","@id":"https:\/\/druckzentrum-westkueste.de\/shop\/#organization","name":"DruckZentrum-Westkueste","url":"https:\/\/druckzentrum-westkueste.de\/shop\/","logo":{"@type":"ImageObject","inLanguage":"de","@id":"https:\/\/druckzentrum-westkueste.de\/shop\/#\/schema\/logo\/image\/","url":"https:\/\/www.druckzentrum-westkueste.de\/shop\/wp-content\/uploads\/2021\/11\/Webseite_1_1240x156-1-e1637241818265.jpg","contentUrl":"https:\/\/www.druckzentrum-westkueste.de\/shop\/wp-content\/uploads\/2021\/11\/Webseite_1_1240x156-1-e1637241818265.jpg","width":500,"height":63,"caption":"DruckZentrum-Westkueste"},"image":{"@id":"https:\/\/druckzentrum-westkueste.de\/shop\/#\/schema\/logo\/image\/"}}]}},"tiered_pricing_type":"fixed","tiered_pricing_fixed_rules":[],"tiered_pricing_product_settings":{"layout":"default","base_unit_name":{"singular":null,"plural":null},"default_variation":null},"tiered_pricing_minimum_quantity":null,"tiered_pricing_roles_data":[],"tiered_pricing_percentage_rules":[],"_links":{"self":[{"href":"https:\/\/druckzentrum-westkueste.de\/shop\/wp-json\/wp\/v2\/product\/16404","targetHints":{"allow":["GET"]}}],"collection":[{"href":"https:\/\/druckzentrum-westkueste.de\/shop\/wp-json\/wp\/v2\/product"}],"about":[{"href":"https:\/\/druckzentrum-westkueste.de\/shop\/wp-json\/wp\/v2\/types\/product"}],"replies":[{"embeddable":true,"href":"https:\/\/druckzentrum-westkueste.de\/shop\/wp-json\/wp\/v2\/comments?post=16404"}],"wp:featuredmedia":[{"embeddable":true,"href":"https:\/\/druckzentrum-westkueste.de\/shop\/wp-json\/wp\/v2\/media\/16405"}],"wp:attachment":[{"href":"https:\/\/druckzentrum-westkueste.de\/shop\/wp-json\/wp\/v2\/media?parent=16404"}],"wp:term":[{"taxonomy":"product_brand","embeddable":true,"href":"https:\/\/druckzentrum-westkueste.de\/shop\/wp-json\/wp\/v2\/product_brand?post=16404"},{"taxonomy":"product_cat","embeddable":true,"href":"https:\/\/druckzentrum-westkueste.de\/shop\/wp-json\/wp\/v2\/product_cat?post=16404"},{"taxonomy":"product_tag","embeddable":true,"href":"https:\/\/druckzentrum-westkueste.de\/shop\/wp-json\/wp\/v2\/product_tag?post=16404"}],"curies":[{"name":"wp","href":"https:\/\/api.w.org\/{rel}","templated":true}]}}