{"id":1885,"date":"2021-12-17T11:06:39","date_gmt":"2021-12-17T10:06:39","guid":{"rendered":"https:\/\/www.druckzentrum-westkueste.de\/shop\/?post_type=product&#038;p=1885"},"modified":"2023-10-24T14:30:33","modified_gmt":"2023-10-24T12:30:33","slug":"druck-und-hardcoverbindung-abschlussarbeiten","status":"publish","type":"product","link":"https:\/\/druckzentrum-westkueste.de\/shop\/produkt\/druck-und-hardcoverbindung-abschlussarbeiten\/","title":{"rendered":"Abschlussarbeiten"},"content":{"rendered":"<h1 class=\"S20\" style=\"text-align: center;\">Bachelor \/ Hausarbeit \/ Seminararbeit \/<br \/>\nDiplom- und Doktorarbeit<\/h1>\n<p>Druck und Hardcoverbindung Ihrer Abschlussarbeiten, Bachelor-, Master-, Doktorarbeiten. Die Qualit\u00e4t des Papiers ist DIN A4 Fotopapier 100g. Die Bindung kann im stabilem Hardcover (Klemmbindung) mit Aufdruck individuell gestaltetem Deckblatt angeboten werden. Auf farbigem Hardcover erfolgt der Aufdruck ausschlie\u00dflich in wei\u00df, bei wei\u00dfem Hardcover k\u00f6nnen individuelle Farben genutzt werden.<\/p>\n<p>Bei der Druckvorlagenerstellung f\u00fcr das Hardcover achten Sie bitte darauf, dass die Schriftgr\u00f6\u00dfe <strong>NICHT<\/strong> kleiner als 14pt angelegt wird. F\u00fcr ein noch besseres Ergebnis stellen Sie den Text bitte auf <strong>&#8222;fett&#8220;<\/strong>.<\/p>\n<p>Ideal f\u00fcr Diplomarbeiten, Bachelorarbeiten, Master-, Doktorarbeiten, Abschlussarbeiten. <strong>Einfach mit den PDF-Dateien auf einem USB-Stick vorbeikommen (bis 12 Uhr), Erstellung bereits am selben Tag m\u00f6glich. <\/strong>Nat\u00fcrlich k\u00f6nnen die Daten auch online gesendet werden.<\/p>\n<p>Drucken, gut und schnell regional in Schleswig-Holstein, Hamburg<\/p>\n","protected":false},"excerpt":{"rendered":"<h1 class=\"S20\">Bachelorarbeit \/ Hausarbeit \/ Seminararbeit \/ Diplom- und Doktorarbeit<\/h1>\n<p>Druck Ihrer Abschlussarbeiten im Hardcover. Farbige Hardcover (blau, weinrot, schwarz) k\u00f6nnen technisch bedingt nur in wei\u00df bedruckt werden. Ein wei\u00dfes Hardcover hingegen auch mit einem Farbaufdruck. Grundpreis: 10,00 \u20ac<\/p>\n<p>Bei der Druckvorlagenerstellung f\u00fcr das Hardcover achten Sie bitte darauf, dass die Schriftgr\u00f6\u00dfe nicht kleiner als 14pt angelegt wird. F\u00fcr ein noch besseres Ergebnis stellen Sie den Text bitte auf &#8222;fett&#8220;.<\/p>\n<p><a href=\"mailto:info@druckzentrum-westkueste.de\">Wenn Sie noch Fragen haben, k\u00f6nnen Sie sich gerne an uns wenden!<\/a><\/p>\n","protected":false},"featured_media":5829,"comment_status":"open","ping_status":"closed","template":"","meta":[],"product_brand":[],"product_cat":[118],"product_tag":[392,377,393,378,376,396,379],"class_list":{"0":"post-1885","1":"product","2":"type-product","3":"status-publish","4":"has-post-thumbnail","6":"product_cat-bachelor-master-doktorarbeiten","7":"product_tag-abschlussarbeiten-binden","8":"product_tag-bachelorarbeit","9":"product_tag-bachelorarbeit-drucken-und-binden","10":"product_tag-doktorarbeit","11":"product_tag-druck-von-abschlussarbeiten","12":"product_tag-erstellung-und-druck-von-abschlussarbeiten","13":"product_tag-masterarbeit","14":"product_shipping_class-paket-2kg","15":"tm-has-options","17":"first","18":"instock","19":"taxable","20":"shipping-taxable","21":"purchasable","22":"product-type-simple"},"yoast_head":"<!-- This site is optimized with the Yoast SEO plugin v27.5 - https:\/\/yoast.com\/product\/yoast-seo-wordpress\/ -->\n<title>Abschlussarbeiten - DruckZentrum-Westkueste<\/title>\n<meta name=\"description\" content=\"Druck und Hardcoverbindung Ihrer Diplom-, Master-, Abschlussarbeiten. Hardcover in wei\u00df mit Farbaufdruck.\" \/>\n<meta name=\"robots\" content=\"index, follow, max-snippet:-1, max-image-preview:large, max-video-preview:-1\" \/>\n<link rel=\"canonical\" href=\"https:\/\/druckzentrum-westkueste.de\/shop\/produkt\/druck-und-hardcoverbindung-abschlussarbeiten\/\" \/>\n<meta property=\"og:locale\" content=\"de_DE\" \/>\n<meta property=\"og:type\" content=\"article\" \/>\n<meta property=\"og:title\" content=\"Abschlussarbeiten - DruckZentrum-Westkueste\" \/>\n<meta property=\"og:description\" content=\"Druck und Hardcoverbindung Ihrer Diplom-, Master-, Abschlussarbeiten. Hardcover in wei\u00df mit Farbaufdruck.\" \/>\n<meta property=\"og:url\" content=\"https:\/\/druckzentrum-westkueste.de\/shop\/produkt\/druck-und-hardcoverbindung-abschlussarbeiten\/\" \/>\n<meta property=\"og:site_name\" content=\"DruckZentrum-Westkueste\" \/>\n<meta property=\"article:modified_time\" content=\"2023-10-24T12:30:33+00:00\" \/>\n<meta property=\"og:image\" content=\"https:\/\/druckzentrum-westkueste.de\/shop\/wp-content\/uploads\/2023\/01\/Hardcoverbindungen-e1672674387881.png\" \/>\n\t<meta property=\"og:image:width\" content=\"350\" \/>\n\t<meta property=\"og:image:height\" content=\"352\" \/>\n\t<meta property=\"og:image:type\" content=\"image\/png\" \/>\n<meta name=\"twitter:card\" content=\"summary_large_image\" \/>\n<meta name=\"twitter:label1\" content=\"Gesch\u00e4tzte Lesezeit\" \/>\n\t<meta name=\"twitter:data1\" content=\"1\u00a0Minute\" \/>\n<script type=\"application\/ld+json\" class=\"yoast-schema-graph\">{\"@context\":\"https:\\\/\\\/schema.org\",\"@graph\":[{\"@type\":\"WebPage\",\"@id\":\"https:\\\/\\\/druckzentrum-westkueste.de\\\/shop\\\/produkt\\\/druck-und-hardcoverbindung-abschlussarbeiten\\\/\",\"url\":\"https:\\\/\\\/druckzentrum-westkueste.de\\\/shop\\\/produkt\\\/druck-und-hardcoverbindung-abschlussarbeiten\\\/\",\"name\":\"Abschlussarbeiten - DruckZentrum-Westkueste\",\"isPartOf\":{\"@id\":\"https:\\\/\\\/druckzentrum-westkueste.de\\\/shop\\\/#website\"},\"primaryImageOfPage\":{\"@id\":\"https:\\\/\\\/druckzentrum-westkueste.de\\\/shop\\\/produkt\\\/druck-und-hardcoverbindung-abschlussarbeiten\\\/#primaryimage\"},\"image\":{\"@id\":\"https:\\\/\\\/druckzentrum-westkueste.de\\\/shop\\\/produkt\\\/druck-und-hardcoverbindung-abschlussarbeiten\\\/#primaryimage\"},\"thumbnailUrl\":\"https:\\\/\\\/druckzentrum-westkueste.de\\\/shop\\\/wp-content\\\/uploads\\\/2023\\\/01\\\/Hardcoverbindungen-e1672674387881.png\",\"datePublished\":\"2021-12-17T10:06:39+00:00\",\"dateModified\":\"2023-10-24T12:30:33+00:00\",\"description\":\"Druck und Hardcoverbindung Ihrer Diplom-, Master-, Abschlussarbeiten. Hardcover in wei\u00df mit Farbaufdruck.\",\"breadcrumb\":{\"@id\":\"https:\\\/\\\/druckzentrum-westkueste.de\\\/shop\\\/produkt\\\/druck-und-hardcoverbindung-abschlussarbeiten\\\/#breadcrumb\"},\"inLanguage\":\"de\",\"potentialAction\":[{\"@type\":\"ReadAction\",\"target\":[\"https:\\\/\\\/druckzentrum-westkueste.de\\\/shop\\\/produkt\\\/druck-und-hardcoverbindung-abschlussarbeiten\\\/\"]}]},{\"@type\":\"ImageObject\",\"inLanguage\":\"de\",\"@id\":\"https:\\\/\\\/druckzentrum-westkueste.de\\\/shop\\\/produkt\\\/druck-und-hardcoverbindung-abschlussarbeiten\\\/#primaryimage\",\"url\":\"https:\\\/\\\/druckzentrum-westkueste.de\\\/shop\\\/wp-content\\\/uploads\\\/2023\\\/01\\\/Hardcoverbindungen-e1672674387881.png\",\"contentUrl\":\"https:\\\/\\\/druckzentrum-westkueste.de\\\/shop\\\/wp-content\\\/uploads\\\/2023\\\/01\\\/Hardcoverbindungen-e1672674387881.png\",\"width\":350,\"height\":352},{\"@type\":\"BreadcrumbList\",\"@id\":\"https:\\\/\\\/druckzentrum-westkueste.de\\\/shop\\\/produkt\\\/druck-und-hardcoverbindung-abschlussarbeiten\\\/#breadcrumb\",\"itemListElement\":[{\"@type\":\"ListItem\",\"position\":1,\"name\":\"Startseite\",\"item\":\"https:\\\/\\\/druckzentrum-westkueste.de\\\/shop\\\/\"},{\"@type\":\"ListItem\",\"position\":2,\"name\":\"Produkte\",\"item\":\"https:\\\/\\\/druckzentrum-westkueste.de\\\/shop\\\/druckshop\\\/\"},{\"@type\":\"ListItem\",\"position\":3,\"name\":\"Abschlussarbeiten\"}]},{\"@type\":\"WebSite\",\"@id\":\"https:\\\/\\\/druckzentrum-westkueste.de\\\/shop\\\/#website\",\"url\":\"https:\\\/\\\/druckzentrum-westkueste.de\\\/shop\\\/\",\"name\":\"DruckZentrum-Westkueste\",\"description\":\"Willkommen im Shopbereich des DruckZentrums-Westkueste ! Druckerzeugnisse aller Art. Schnell und individuell.\",\"publisher\":{\"@id\":\"https:\\\/\\\/druckzentrum-westkueste.de\\\/shop\\\/#organization\"},\"potentialAction\":[{\"@type\":\"SearchAction\",\"target\":{\"@type\":\"EntryPoint\",\"urlTemplate\":\"https:\\\/\\\/druckzentrum-westkueste.de\\\/shop\\\/?s={search_term_string}\"},\"query-input\":{\"@type\":\"PropertyValueSpecification\",\"valueRequired\":true,\"valueName\":\"search_term_string\"}}],\"inLanguage\":\"de\"},{\"@type\":\"Organization\",\"@id\":\"https:\\\/\\\/druckzentrum-westkueste.de\\\/shop\\\/#organization\",\"name\":\"DruckZentrum-Westkueste\",\"url\":\"https:\\\/\\\/druckzentrum-westkueste.de\\\/shop\\\/\",\"logo\":{\"@type\":\"ImageObject\",\"inLanguage\":\"de\",\"@id\":\"https:\\\/\\\/druckzentrum-westkueste.de\\\/shop\\\/#\\\/schema\\\/logo\\\/image\\\/\",\"url\":\"https:\\\/\\\/www.druckzentrum-westkueste.de\\\/shop\\\/wp-content\\\/uploads\\\/2021\\\/11\\\/Webseite_1_1240x156-1-e1637241818265.jpg\",\"contentUrl\":\"https:\\\/\\\/www.druckzentrum-westkueste.de\\\/shop\\\/wp-content\\\/uploads\\\/2021\\\/11\\\/Webseite_1_1240x156-1-e1637241818265.jpg\",\"width\":500,\"height\":63,\"caption\":\"DruckZentrum-Westkueste\"},\"image\":{\"@id\":\"https:\\\/\\\/druckzentrum-westkueste.de\\\/shop\\\/#\\\/schema\\\/logo\\\/image\\\/\"}}]}<\/script>\n<!-- \/ Yoast SEO plugin. -->","yoast_head_json":{"title":"Abschlussarbeiten - DruckZentrum-Westkueste","description":"Druck und Hardcoverbindung Ihrer Diplom-, Master-, Abschlussarbeiten. Hardcover in wei\u00df mit Farbaufdruck.","robots":{"index":"index","follow":"follow","max-snippet":"max-snippet:-1","max-image-preview":"max-image-preview:large","max-video-preview":"max-video-preview:-1"},"canonical":"https:\/\/druckzentrum-westkueste.de\/shop\/produkt\/druck-und-hardcoverbindung-abschlussarbeiten\/","og_locale":"de_DE","og_type":"article","og_title":"Abschlussarbeiten - DruckZentrum-Westkueste","og_description":"Druck und Hardcoverbindung Ihrer Diplom-, Master-, Abschlussarbeiten. Hardcover in wei\u00df mit Farbaufdruck.","og_url":"https:\/\/druckzentrum-westkueste.de\/shop\/produkt\/druck-und-hardcoverbindung-abschlussarbeiten\/","og_site_name":"DruckZentrum-Westkueste","article_modified_time":"2023-10-24T12:30:33+00:00","og_image":[{"width":350,"height":352,"url":"https:\/\/druckzentrum-westkueste.de\/shop\/wp-content\/uploads\/2023\/01\/Hardcoverbindungen-e1672674387881.png","type":"image\/png"}],"twitter_card":"summary_large_image","twitter_misc":{"Gesch\u00e4tzte Lesezeit":"1\u00a0Minute"},"schema":{"@context":"https:\/\/schema.org","@graph":[{"@type":"WebPage","@id":"https:\/\/druckzentrum-westkueste.de\/shop\/produkt\/druck-und-hardcoverbindung-abschlussarbeiten\/","url":"https:\/\/druckzentrum-westkueste.de\/shop\/produkt\/druck-und-hardcoverbindung-abschlussarbeiten\/","name":"Abschlussarbeiten - DruckZentrum-Westkueste","isPartOf":{"@id":"https:\/\/druckzentrum-westkueste.de\/shop\/#website"},"primaryImageOfPage":{"@id":"https:\/\/druckzentrum-westkueste.de\/shop\/produkt\/druck-und-hardcoverbindung-abschlussarbeiten\/#primaryimage"},"image":{"@id":"https:\/\/druckzentrum-westkueste.de\/shop\/produkt\/druck-und-hardcoverbindung-abschlussarbeiten\/#primaryimage"},"thumbnailUrl":"https:\/\/druckzentrum-westkueste.de\/shop\/wp-content\/uploads\/2023\/01\/Hardcoverbindungen-e1672674387881.png","datePublished":"2021-12-17T10:06:39+00:00","dateModified":"2023-10-24T12:30:33+00:00","description":"Druck und Hardcoverbindung Ihrer Diplom-, Master-, Abschlussarbeiten. Hardcover in wei\u00df mit Farbaufdruck.","breadcrumb":{"@id":"https:\/\/druckzentrum-westkueste.de\/shop\/produkt\/druck-und-hardcoverbindung-abschlussarbeiten\/#breadcrumb"},"inLanguage":"de","potentialAction":[{"@type":"ReadAction","target":["https:\/\/druckzentrum-westkueste.de\/shop\/produkt\/druck-und-hardcoverbindung-abschlussarbeiten\/"]}]},{"@type":"ImageObject","inLanguage":"de","@id":"https:\/\/druckzentrum-westkueste.de\/shop\/produkt\/druck-und-hardcoverbindung-abschlussarbeiten\/#primaryimage","url":"https:\/\/druckzentrum-westkueste.de\/shop\/wp-content\/uploads\/2023\/01\/Hardcoverbindungen-e1672674387881.png","contentUrl":"https:\/\/druckzentrum-westkueste.de\/shop\/wp-content\/uploads\/2023\/01\/Hardcoverbindungen-e1672674387881.png","width":350,"height":352},{"@type":"BreadcrumbList","@id":"https:\/\/druckzentrum-westkueste.de\/shop\/produkt\/druck-und-hardcoverbindung-abschlussarbeiten\/#breadcrumb","itemListElement":[{"@type":"ListItem","position":1,"name":"Startseite","item":"https:\/\/druckzentrum-westkueste.de\/shop\/"},{"@type":"ListItem","position":2,"name":"Produkte","item":"https:\/\/druckzentrum-westkueste.de\/shop\/druckshop\/"},{"@type":"ListItem","position":3,"name":"Abschlussarbeiten"}]},{"@type":"WebSite","@id":"https:\/\/druckzentrum-westkueste.de\/shop\/#website","url":"https:\/\/druckzentrum-westkueste.de\/shop\/","name":"DruckZentrum-Westkueste","description":"Willkommen im Shopbereich des DruckZentrums-Westkueste ! Druckerzeugnisse aller Art. Schnell und individuell.","publisher":{"@id":"https:\/\/druckzentrum-westkueste.de\/shop\/#organization"},"potentialAction":[{"@type":"SearchAction","target":{"@type":"EntryPoint","urlTemplate":"https:\/\/druckzentrum-westkueste.de\/shop\/?s={search_term_string}"},"query-input":{"@type":"PropertyValueSpecification","valueRequired":true,"valueName":"search_term_string"}}],"inLanguage":"de"},{"@type":"Organization","@id":"https:\/\/druckzentrum-westkueste.de\/shop\/#organization","name":"DruckZentrum-Westkueste","url":"https:\/\/druckzentrum-westkueste.de\/shop\/","logo":{"@type":"ImageObject","inLanguage":"de","@id":"https:\/\/druckzentrum-westkueste.de\/shop\/#\/schema\/logo\/image\/","url":"https:\/\/www.druckzentrum-westkueste.de\/shop\/wp-content\/uploads\/2021\/11\/Webseite_1_1240x156-1-e1637241818265.jpg","contentUrl":"https:\/\/www.druckzentrum-westkueste.de\/shop\/wp-content\/uploads\/2021\/11\/Webseite_1_1240x156-1-e1637241818265.jpg","width":500,"height":63,"caption":"DruckZentrum-Westkueste"},"image":{"@id":"https:\/\/druckzentrum-westkueste.de\/shop\/#\/schema\/logo\/image\/"}}]}},"tiered_pricing_type":"fixed","tiered_pricing_fixed_rules":[],"tiered_pricing_product_settings":{"layout":"default","base_unit_name":{"singular":null,"plural":null},"default_variation":null},"tiered_pricing_minimum_quantity":null,"tiered_pricing_roles_data":[],"tiered_pricing_percentage_rules":[],"_links":{"self":[{"href":"https:\/\/druckzentrum-westkueste.de\/shop\/wp-json\/wp\/v2\/product\/1885","targetHints":{"allow":["GET"]}}],"collection":[{"href":"https:\/\/druckzentrum-westkueste.de\/shop\/wp-json\/wp\/v2\/product"}],"about":[{"href":"https:\/\/druckzentrum-westkueste.de\/shop\/wp-json\/wp\/v2\/types\/product"}],"replies":[{"embeddable":true,"href":"https:\/\/druckzentrum-westkueste.de\/shop\/wp-json\/wp\/v2\/comments?post=1885"}],"wp:featuredmedia":[{"embeddable":true,"href":"https:\/\/druckzentrum-westkueste.de\/shop\/wp-json\/wp\/v2\/media\/5829"}],"wp:attachment":[{"href":"https:\/\/druckzentrum-westkueste.de\/shop\/wp-json\/wp\/v2\/media?parent=1885"}],"wp:term":[{"taxonomy":"product_brand","embeddable":true,"href":"https:\/\/druckzentrum-westkueste.de\/shop\/wp-json\/wp\/v2\/product_brand?post=1885"},{"taxonomy":"product_cat","embeddable":true,"href":"https:\/\/druckzentrum-westkueste.de\/shop\/wp-json\/wp\/v2\/product_cat?post=1885"},{"taxonomy":"product_tag","embeddable":true,"href":"https:\/\/druckzentrum-westkueste.de\/shop\/wp-json\/wp\/v2\/product_tag?post=1885"}],"curies":[{"name":"wp","href":"https:\/\/api.w.org\/{rel}","templated":true}]}}