{"id":5698,"date":"2022-12-15T13:50:07","date_gmt":"2022-12-15T12:50:07","guid":{"rendered":"https:\/\/druckzentrum-westkueste.de\/shop\/?post_type=product&#038;p=5698"},"modified":"2024-02-20T17:41:52","modified_gmt":"2024-02-20T16:41:52","slug":"keramikbecher","status":"publish","type":"product","link":"https:\/\/druckzentrum-westkueste.de\/shop\/produkt\/keramikbecher\/","title":{"rendered":"Keramiktassen"},"content":{"rendered":"<p>Keramikbecher mit verschiedenen Motiven.<\/p>\n<p><u><span class=\"srdesctitle\">Sp\u00fclmaschinengeeignet<\/span><\/u><\/p>\n<p>&#8211; Hochwertige 11oz Keramiktasse mit DURAGLAZE\u00ae-Coating<br \/>\n&#8211; gl\u00e4nzende Oberfl\u00e4che<br \/>\n&#8211; Hervorragend gerade und gleichm\u00e4\u00dfige Oberfl\u00e4che<br \/>\n&#8211; 100 % Sp\u00fclmaschinengeeignet nach BS EN 12875-4 &#8211; getestet auf 2.000 Sp\u00fclmaschineng\u00e4nge<br \/>\n&#8211; Mikrowellenbest\u00e4ndig nach BS EN 15284:2007<br \/>\n&#8211; Industriesp\u00fclmaschinenbest\u00e4ndig<br \/>\n&#8211; H\u00f6he 96 mm, \u00d8 80 mm, ca. 340 g<br \/>\n&#8211; Fassungsverm\u00f6gen ca. 330 ml<\/p>\n","protected":false},"excerpt":{"rendered":"<p><u><span class=\"srdesctitle\">Keramiktassen-becher mit verschiedenen Motiven, sp\u00fclmaschinengeeignet<\/span><\/u><\/p>\n<p><span class=\"srdesctitle\">\u00a0<\/span><\/p>\n","protected":false},"featured_media":5664,"comment_status":"open","ping_status":"closed","template":"","meta":[],"product_brand":[],"product_cat":[24,141],"product_tag":[398],"class_list":{"0":"post-5698","1":"product","2":"type-product","3":"status-publish","4":"has-post-thumbnail","6":"product_cat-aktuelle-monatsangebote-druckerzeugnisse","7":"product_cat-tassen-becher","8":"product_tag-keramiktassen","9":"product_shipping_class-paket-2kg","10":"tm-has-options","12":"first","13":"instock","14":"taxable","15":"shipping-taxable","16":"purchasable","17":"product-type-simple"},"yoast_head":"<!-- This site is optimized with the Yoast SEO plugin v27.5 - https:\/\/yoast.com\/product\/yoast-seo-wordpress\/ -->\n<title>Keramiktassen - DruckZentrum-Westkueste<\/title>\n<meta name=\"description\" content=\"Keramikbecher mit verschiedenen Motiven. Diese sind sp\u00fclmaschinengeeignet. Weitere Motive in unserem Onlineshop!\" \/>\n<meta name=\"robots\" content=\"index, follow, max-snippet:-1, max-image-preview:large, max-video-preview:-1\" \/>\n<link rel=\"canonical\" href=\"https:\/\/druckzentrum-westkueste.de\/shop\/produkt\/keramikbecher\/\" \/>\n<meta property=\"og:locale\" content=\"de_DE\" \/>\n<meta property=\"og:type\" content=\"article\" \/>\n<meta property=\"og:title\" content=\"Keramiktassen - DruckZentrum-Westkueste\" \/>\n<meta property=\"og:description\" content=\"Keramikbecher mit verschiedenen Motiven. Diese sind sp\u00fclmaschinengeeignet. Weitere Motive in unserem Onlineshop!\" \/>\n<meta property=\"og:url\" content=\"https:\/\/druckzentrum-westkueste.de\/shop\/produkt\/keramikbecher\/\" \/>\n<meta property=\"og:site_name\" content=\"DruckZentrum-Westkueste\" \/>\n<meta property=\"article:modified_time\" content=\"2024-02-20T16:41:52+00:00\" \/>\n<meta property=\"og:image\" content=\"https:\/\/druckzentrum-westkueste.de\/shop\/wp-content\/uploads\/2022\/12\/bechermotiv2.jpg\" \/>\n\t<meta property=\"og:image:width\" content=\"500\" \/>\n\t<meta property=\"og:image:height\" content=\"484\" \/>\n\t<meta property=\"og:image:type\" content=\"image\/jpeg\" \/>\n<meta name=\"twitter:card\" content=\"summary_large_image\" \/>\n<meta name=\"twitter:label1\" content=\"Gesch\u00e4tzte Lesezeit\" \/>\n\t<meta name=\"twitter:data1\" content=\"1\u00a0Minute\" \/>\n<script type=\"application\/ld+json\" class=\"yoast-schema-graph\">{\"@context\":\"https:\\\/\\\/schema.org\",\"@graph\":[{\"@type\":\"WebPage\",\"@id\":\"https:\\\/\\\/druckzentrum-westkueste.de\\\/shop\\\/produkt\\\/keramikbecher\\\/\",\"url\":\"https:\\\/\\\/druckzentrum-westkueste.de\\\/shop\\\/produkt\\\/keramikbecher\\\/\",\"name\":\"Keramiktassen - DruckZentrum-Westkueste\",\"isPartOf\":{\"@id\":\"https:\\\/\\\/druckzentrum-westkueste.de\\\/shop\\\/#website\"},\"primaryImageOfPage\":{\"@id\":\"https:\\\/\\\/druckzentrum-westkueste.de\\\/shop\\\/produkt\\\/keramikbecher\\\/#primaryimage\"},\"image\":{\"@id\":\"https:\\\/\\\/druckzentrum-westkueste.de\\\/shop\\\/produkt\\\/keramikbecher\\\/#primaryimage\"},\"thumbnailUrl\":\"https:\\\/\\\/druckzentrum-westkueste.de\\\/shop\\\/wp-content\\\/uploads\\\/2022\\\/12\\\/bechermotiv2.jpg\",\"datePublished\":\"2022-12-15T12:50:07+00:00\",\"dateModified\":\"2024-02-20T16:41:52+00:00\",\"description\":\"Keramikbecher mit verschiedenen Motiven. Diese sind sp\u00fclmaschinengeeignet. Weitere Motive in unserem Onlineshop!\",\"breadcrumb\":{\"@id\":\"https:\\\/\\\/druckzentrum-westkueste.de\\\/shop\\\/produkt\\\/keramikbecher\\\/#breadcrumb\"},\"inLanguage\":\"de\",\"potentialAction\":[{\"@type\":\"ReadAction\",\"target\":[\"https:\\\/\\\/druckzentrum-westkueste.de\\\/shop\\\/produkt\\\/keramikbecher\\\/\"]}]},{\"@type\":\"ImageObject\",\"inLanguage\":\"de\",\"@id\":\"https:\\\/\\\/druckzentrum-westkueste.de\\\/shop\\\/produkt\\\/keramikbecher\\\/#primaryimage\",\"url\":\"https:\\\/\\\/druckzentrum-westkueste.de\\\/shop\\\/wp-content\\\/uploads\\\/2022\\\/12\\\/bechermotiv2.jpg\",\"contentUrl\":\"https:\\\/\\\/druckzentrum-westkueste.de\\\/shop\\\/wp-content\\\/uploads\\\/2022\\\/12\\\/bechermotiv2.jpg\",\"width\":500,\"height\":484,\"caption\":\"Becher Beste Mama\"},{\"@type\":\"BreadcrumbList\",\"@id\":\"https:\\\/\\\/druckzentrum-westkueste.de\\\/shop\\\/produkt\\\/keramikbecher\\\/#breadcrumb\",\"itemListElement\":[{\"@type\":\"ListItem\",\"position\":1,\"name\":\"Startseite\",\"item\":\"https:\\\/\\\/druckzentrum-westkueste.de\\\/shop\\\/\"},{\"@type\":\"ListItem\",\"position\":2,\"name\":\"Produkte\",\"item\":\"https:\\\/\\\/druckzentrum-westkueste.de\\\/shop\\\/druckshop\\\/\"},{\"@type\":\"ListItem\",\"position\":3,\"name\":\"Keramiktassen\"}]},{\"@type\":\"WebSite\",\"@id\":\"https:\\\/\\\/druckzentrum-westkueste.de\\\/shop\\\/#website\",\"url\":\"https:\\\/\\\/druckzentrum-westkueste.de\\\/shop\\\/\",\"name\":\"DruckZentrum-Westkueste\",\"description\":\"Willkommen im Shopbereich des DruckZentrums-Westkueste ! Druckerzeugnisse aller Art. Schnell und individuell.\",\"publisher\":{\"@id\":\"https:\\\/\\\/druckzentrum-westkueste.de\\\/shop\\\/#organization\"},\"potentialAction\":[{\"@type\":\"SearchAction\",\"target\":{\"@type\":\"EntryPoint\",\"urlTemplate\":\"https:\\\/\\\/druckzentrum-westkueste.de\\\/shop\\\/?s={search_term_string}\"},\"query-input\":{\"@type\":\"PropertyValueSpecification\",\"valueRequired\":true,\"valueName\":\"search_term_string\"}}],\"inLanguage\":\"de\"},{\"@type\":\"Organization\",\"@id\":\"https:\\\/\\\/druckzentrum-westkueste.de\\\/shop\\\/#organization\",\"name\":\"DruckZentrum-Westkueste\",\"url\":\"https:\\\/\\\/druckzentrum-westkueste.de\\\/shop\\\/\",\"logo\":{\"@type\":\"ImageObject\",\"inLanguage\":\"de\",\"@id\":\"https:\\\/\\\/druckzentrum-westkueste.de\\\/shop\\\/#\\\/schema\\\/logo\\\/image\\\/\",\"url\":\"https:\\\/\\\/www.druckzentrum-westkueste.de\\\/shop\\\/wp-content\\\/uploads\\\/2021\\\/11\\\/Webseite_1_1240x156-1-e1637241818265.jpg\",\"contentUrl\":\"https:\\\/\\\/www.druckzentrum-westkueste.de\\\/shop\\\/wp-content\\\/uploads\\\/2021\\\/11\\\/Webseite_1_1240x156-1-e1637241818265.jpg\",\"width\":500,\"height\":63,\"caption\":\"DruckZentrum-Westkueste\"},\"image\":{\"@id\":\"https:\\\/\\\/druckzentrum-westkueste.de\\\/shop\\\/#\\\/schema\\\/logo\\\/image\\\/\"}}]}<\/script>\n<!-- \/ Yoast SEO plugin. -->","yoast_head_json":{"title":"Keramiktassen - DruckZentrum-Westkueste","description":"Keramikbecher mit verschiedenen Motiven. Diese sind sp\u00fclmaschinengeeignet. Weitere Motive in unserem Onlineshop!","robots":{"index":"index","follow":"follow","max-snippet":"max-snippet:-1","max-image-preview":"max-image-preview:large","max-video-preview":"max-video-preview:-1"},"canonical":"https:\/\/druckzentrum-westkueste.de\/shop\/produkt\/keramikbecher\/","og_locale":"de_DE","og_type":"article","og_title":"Keramiktassen - DruckZentrum-Westkueste","og_description":"Keramikbecher mit verschiedenen Motiven. Diese sind sp\u00fclmaschinengeeignet. Weitere Motive in unserem Onlineshop!","og_url":"https:\/\/druckzentrum-westkueste.de\/shop\/produkt\/keramikbecher\/","og_site_name":"DruckZentrum-Westkueste","article_modified_time":"2024-02-20T16:41:52+00:00","og_image":[{"width":500,"height":484,"url":"https:\/\/druckzentrum-westkueste.de\/shop\/wp-content\/uploads\/2022\/12\/bechermotiv2.jpg","type":"image\/jpeg"}],"twitter_card":"summary_large_image","twitter_misc":{"Gesch\u00e4tzte Lesezeit":"1\u00a0Minute"},"schema":{"@context":"https:\/\/schema.org","@graph":[{"@type":"WebPage","@id":"https:\/\/druckzentrum-westkueste.de\/shop\/produkt\/keramikbecher\/","url":"https:\/\/druckzentrum-westkueste.de\/shop\/produkt\/keramikbecher\/","name":"Keramiktassen - DruckZentrum-Westkueste","isPartOf":{"@id":"https:\/\/druckzentrum-westkueste.de\/shop\/#website"},"primaryImageOfPage":{"@id":"https:\/\/druckzentrum-westkueste.de\/shop\/produkt\/keramikbecher\/#primaryimage"},"image":{"@id":"https:\/\/druckzentrum-westkueste.de\/shop\/produkt\/keramikbecher\/#primaryimage"},"thumbnailUrl":"https:\/\/druckzentrum-westkueste.de\/shop\/wp-content\/uploads\/2022\/12\/bechermotiv2.jpg","datePublished":"2022-12-15T12:50:07+00:00","dateModified":"2024-02-20T16:41:52+00:00","description":"Keramikbecher mit verschiedenen Motiven. Diese sind sp\u00fclmaschinengeeignet. Weitere Motive in unserem Onlineshop!","breadcrumb":{"@id":"https:\/\/druckzentrum-westkueste.de\/shop\/produkt\/keramikbecher\/#breadcrumb"},"inLanguage":"de","potentialAction":[{"@type":"ReadAction","target":["https:\/\/druckzentrum-westkueste.de\/shop\/produkt\/keramikbecher\/"]}]},{"@type":"ImageObject","inLanguage":"de","@id":"https:\/\/druckzentrum-westkueste.de\/shop\/produkt\/keramikbecher\/#primaryimage","url":"https:\/\/druckzentrum-westkueste.de\/shop\/wp-content\/uploads\/2022\/12\/bechermotiv2.jpg","contentUrl":"https:\/\/druckzentrum-westkueste.de\/shop\/wp-content\/uploads\/2022\/12\/bechermotiv2.jpg","width":500,"height":484,"caption":"Becher Beste Mama"},{"@type":"BreadcrumbList","@id":"https:\/\/druckzentrum-westkueste.de\/shop\/produkt\/keramikbecher\/#breadcrumb","itemListElement":[{"@type":"ListItem","position":1,"name":"Startseite","item":"https:\/\/druckzentrum-westkueste.de\/shop\/"},{"@type":"ListItem","position":2,"name":"Produkte","item":"https:\/\/druckzentrum-westkueste.de\/shop\/druckshop\/"},{"@type":"ListItem","position":3,"name":"Keramiktassen"}]},{"@type":"WebSite","@id":"https:\/\/druckzentrum-westkueste.de\/shop\/#website","url":"https:\/\/druckzentrum-westkueste.de\/shop\/","name":"DruckZentrum-Westkueste","description":"Willkommen im Shopbereich des DruckZentrums-Westkueste ! Druckerzeugnisse aller Art. Schnell und individuell.","publisher":{"@id":"https:\/\/druckzentrum-westkueste.de\/shop\/#organization"},"potentialAction":[{"@type":"SearchAction","target":{"@type":"EntryPoint","urlTemplate":"https:\/\/druckzentrum-westkueste.de\/shop\/?s={search_term_string}"},"query-input":{"@type":"PropertyValueSpecification","valueRequired":true,"valueName":"search_term_string"}}],"inLanguage":"de"},{"@type":"Organization","@id":"https:\/\/druckzentrum-westkueste.de\/shop\/#organization","name":"DruckZentrum-Westkueste","url":"https:\/\/druckzentrum-westkueste.de\/shop\/","logo":{"@type":"ImageObject","inLanguage":"de","@id":"https:\/\/druckzentrum-westkueste.de\/shop\/#\/schema\/logo\/image\/","url":"https:\/\/www.druckzentrum-westkueste.de\/shop\/wp-content\/uploads\/2021\/11\/Webseite_1_1240x156-1-e1637241818265.jpg","contentUrl":"https:\/\/www.druckzentrum-westkueste.de\/shop\/wp-content\/uploads\/2021\/11\/Webseite_1_1240x156-1-e1637241818265.jpg","width":500,"height":63,"caption":"DruckZentrum-Westkueste"},"image":{"@id":"https:\/\/druckzentrum-westkueste.de\/shop\/#\/schema\/logo\/image\/"}}]}},"tiered_pricing_type":"fixed","tiered_pricing_fixed_rules":[],"tiered_pricing_product_settings":{"layout":"default","base_unit_name":{"singular":null,"plural":null},"default_variation":null},"tiered_pricing_minimum_quantity":null,"tiered_pricing_roles_data":[],"tiered_pricing_percentage_rules":[],"_links":{"self":[{"href":"https:\/\/druckzentrum-westkueste.de\/shop\/wp-json\/wp\/v2\/product\/5698","targetHints":{"allow":["GET"]}}],"collection":[{"href":"https:\/\/druckzentrum-westkueste.de\/shop\/wp-json\/wp\/v2\/product"}],"about":[{"href":"https:\/\/druckzentrum-westkueste.de\/shop\/wp-json\/wp\/v2\/types\/product"}],"replies":[{"embeddable":true,"href":"https:\/\/druckzentrum-westkueste.de\/shop\/wp-json\/wp\/v2\/comments?post=5698"}],"wp:featuredmedia":[{"embeddable":true,"href":"https:\/\/druckzentrum-westkueste.de\/shop\/wp-json\/wp\/v2\/media\/5664"}],"wp:attachment":[{"href":"https:\/\/druckzentrum-westkueste.de\/shop\/wp-json\/wp\/v2\/media?parent=5698"}],"wp:term":[{"taxonomy":"product_brand","embeddable":true,"href":"https:\/\/druckzentrum-westkueste.de\/shop\/wp-json\/wp\/v2\/product_brand?post=5698"},{"taxonomy":"product_cat","embeddable":true,"href":"https:\/\/druckzentrum-westkueste.de\/shop\/wp-json\/wp\/v2\/product_cat?post=5698"},{"taxonomy":"product_tag","embeddable":true,"href":"https:\/\/druckzentrum-westkueste.de\/shop\/wp-json\/wp\/v2\/product_tag?post=5698"}],"curies":[{"name":"wp","href":"https:\/\/api.w.org\/{rel}","templated":true}]}}