{"id":8774,"date":"2023-09-26T14:41:27","date_gmt":"2023-09-26T12:41:27","guid":{"rendered":"https:\/\/druckzentrum-westkueste.de\/shop\/?post_type=product&#038;p=8774"},"modified":"2023-10-09T15:48:04","modified_gmt":"2023-10-09T13:48:04","slug":"geschenkebox","status":"publish","type":"product","link":"https:\/\/druckzentrum-westkueste.de\/shop\/produkt\/geschenkebox\/","title":{"rendered":"Geschenkebox \/ Geschenkedose"},"content":{"rendered":"<p><strong>Geschenkebox \/ Geschenkedose aus Metall ideal f\u00fcr kleine Geschenke oder Fotos?<\/strong><br \/>\nSie suchen noch eine sch\u00f6ne Verpackung f\u00fcr ein &#8222;kleines Geschenk&#8220;, wie w\u00e4re es dann mit einer unserer sch\u00f6nen Dosen.<br \/>\n\u00dcber den Konfigurator k\u00f6nnen Sie Ihr eigenes Design <a href=\"https:\/\/druckzentrum-westkueste.de\/shop\/online-konfigurator\/?product_base=50&amp;product_cms=8774\">&#8222;uploaden&#8220;<\/a>, oder suchen Sie sich ein passendes Motiv aus unserer Bibliothek aus, dazu noch ein individueller Name oder Text und schon haben Sie ein absolutes Unikat in der Hand!<\/p>\n<p>Format: L\u00e4nge 154 mm, Breite 117 mm, H\u00f6he 35 mm<\/p>\n","protected":false},"excerpt":{"rendered":"<p>Geschenkebox \/ Geschenkedose aus Metall ideal f\u00fcr kleine Geschenke oder Fotos? Sie suchen noch eine sch\u00f6ne Verpackung f\u00fcr ein &#8222;kleines Geschenk&#8220;, wie w\u00e4re es dann mit einer unserer sch\u00f6nen Dosen. \u00dcber den Konfigurator k\u00f6nnen Sie Ihr eigenes Design &#8222;uploaden&#8220;, oder suchen Sie sich ein passendes Motiv aus unserer Bibliothek aus, dazu noch ein individueller Name [&#8230;]\n","protected":false},"featured_media":8766,"comment_status":"open","ping_status":"closed","template":"","meta":[],"product_brand":[],"product_cat":[146],"product_tag":[413,399],"class_list":{"0":"post-8774","1":"product","2":"type-product","3":"status-publish","4":"has-post-thumbnail","6":"product_cat-geschenkartikel-mit-persoenlichem-druckmotiv","7":"product_tag-geschenkebox","8":"product_tag-geschenkedosen","9":"product_shipping_class-abholung","10":"tm-no-options","12":"first","13":"instock","14":"taxable","15":"shipping-taxable","16":"purchasable","17":"product-type-simple"},"yoast_head":"<!-- This site is optimized with the Yoast SEO plugin v27.5 - https:\/\/yoast.com\/product\/yoast-seo-wordpress\/ -->\n<title>Geschenkebox \/ Geschenkedose - DruckZentrum-Westkueste<\/title>\n<meta name=\"robots\" content=\"index, follow, max-snippet:-1, max-image-preview:large, max-video-preview:-1\" \/>\n<link rel=\"canonical\" href=\"https:\/\/druckzentrum-westkueste.de\/shop\/produkt\/geschenkebox\/\" \/>\n<meta property=\"og:locale\" content=\"de_DE\" \/>\n<meta property=\"og:type\" content=\"article\" \/>\n<meta property=\"og:title\" content=\"Geschenkebox \/ Geschenkedose - DruckZentrum-Westkueste\" \/>\n<meta property=\"og:description\" content=\"Geschenkebox \/ Geschenkedose aus Metall ideal f\u00fcr kleine Geschenke oder Fotos? Sie suchen noch eine sch\u00f6ne Verpackung f\u00fcr ein &#8222;kleines Geschenk&#8220;, wie w\u00e4re es dann mit einer unserer sch\u00f6nen Dosen. \u00dcber den Konfigurator k\u00f6nnen Sie Ihr eigenes Design &#8222;uploaden&#8220;, oder suchen Sie sich ein passendes Motiv aus unserer Bibliothek aus, dazu noch ein individueller Name [...]\" \/>\n<meta property=\"og:url\" content=\"https:\/\/druckzentrum-westkueste.de\/shop\/produkt\/geschenkebox\/\" \/>\n<meta property=\"og:site_name\" content=\"DruckZentrum-Westkueste\" \/>\n<meta property=\"article:modified_time\" content=\"2023-10-09T13:48:04+00:00\" \/>\n<meta property=\"og:image\" content=\"https:\/\/druckzentrum-westkueste.de\/shop\/wp-content\/uploads\/2022\/12\/box_eckig_grau_600x600.jpg\" \/>\n\t<meta property=\"og:image:width\" content=\"600\" \/>\n\t<meta property=\"og:image:height\" content=\"600\" \/>\n\t<meta property=\"og:image:type\" content=\"image\/jpeg\" \/>\n<meta name=\"twitter:card\" content=\"summary_large_image\" \/>\n<meta name=\"twitter:label1\" content=\"Gesch\u00e4tzte Lesezeit\" \/>\n\t<meta name=\"twitter:data1\" content=\"1\u00a0Minute\" \/>\n<script type=\"application\/ld+json\" class=\"yoast-schema-graph\">{\"@context\":\"https:\\\/\\\/schema.org\",\"@graph\":[{\"@type\":\"WebPage\",\"@id\":\"https:\\\/\\\/druckzentrum-westkueste.de\\\/shop\\\/produkt\\\/geschenkebox\\\/\",\"url\":\"https:\\\/\\\/druckzentrum-westkueste.de\\\/shop\\\/produkt\\\/geschenkebox\\\/\",\"name\":\"Geschenkebox \\\/ Geschenkedose - DruckZentrum-Westkueste\",\"isPartOf\":{\"@id\":\"https:\\\/\\\/druckzentrum-westkueste.de\\\/shop\\\/#website\"},\"primaryImageOfPage\":{\"@id\":\"https:\\\/\\\/druckzentrum-westkueste.de\\\/shop\\\/produkt\\\/geschenkebox\\\/#primaryimage\"},\"image\":{\"@id\":\"https:\\\/\\\/druckzentrum-westkueste.de\\\/shop\\\/produkt\\\/geschenkebox\\\/#primaryimage\"},\"thumbnailUrl\":\"https:\\\/\\\/druckzentrum-westkueste.de\\\/shop\\\/wp-content\\\/uploads\\\/2022\\\/12\\\/box_eckig_grau_600x600.jpg\",\"datePublished\":\"2023-09-26T12:41:27+00:00\",\"dateModified\":\"2023-10-09T13:48:04+00:00\",\"breadcrumb\":{\"@id\":\"https:\\\/\\\/druckzentrum-westkueste.de\\\/shop\\\/produkt\\\/geschenkebox\\\/#breadcrumb\"},\"inLanguage\":\"de\",\"potentialAction\":[{\"@type\":\"ReadAction\",\"target\":[\"https:\\\/\\\/druckzentrum-westkueste.de\\\/shop\\\/produkt\\\/geschenkebox\\\/\"]}]},{\"@type\":\"ImageObject\",\"inLanguage\":\"de\",\"@id\":\"https:\\\/\\\/druckzentrum-westkueste.de\\\/shop\\\/produkt\\\/geschenkebox\\\/#primaryimage\",\"url\":\"https:\\\/\\\/druckzentrum-westkueste.de\\\/shop\\\/wp-content\\\/uploads\\\/2022\\\/12\\\/box_eckig_grau_600x600.jpg\",\"contentUrl\":\"https:\\\/\\\/druckzentrum-westkueste.de\\\/shop\\\/wp-content\\\/uploads\\\/2022\\\/12\\\/box_eckig_grau_600x600.jpg\",\"width\":600,\"height\":600},{\"@type\":\"BreadcrumbList\",\"@id\":\"https:\\\/\\\/druckzentrum-westkueste.de\\\/shop\\\/produkt\\\/geschenkebox\\\/#breadcrumb\",\"itemListElement\":[{\"@type\":\"ListItem\",\"position\":1,\"name\":\"Startseite\",\"item\":\"https:\\\/\\\/druckzentrum-westkueste.de\\\/shop\\\/\"},{\"@type\":\"ListItem\",\"position\":2,\"name\":\"Produkte\",\"item\":\"https:\\\/\\\/druckzentrum-westkueste.de\\\/shop\\\/druckshop\\\/\"},{\"@type\":\"ListItem\",\"position\":3,\"name\":\"Geschenkebox \\\/ Geschenkedose\"}]},{\"@type\":\"WebSite\",\"@id\":\"https:\\\/\\\/druckzentrum-westkueste.de\\\/shop\\\/#website\",\"url\":\"https:\\\/\\\/druckzentrum-westkueste.de\\\/shop\\\/\",\"name\":\"DruckZentrum-Westkueste\",\"description\":\"Willkommen im Shopbereich des DruckZentrums-Westkueste ! Druckerzeugnisse aller Art. Schnell und individuell.\",\"publisher\":{\"@id\":\"https:\\\/\\\/druckzentrum-westkueste.de\\\/shop\\\/#organization\"},\"potentialAction\":[{\"@type\":\"SearchAction\",\"target\":{\"@type\":\"EntryPoint\",\"urlTemplate\":\"https:\\\/\\\/druckzentrum-westkueste.de\\\/shop\\\/?s={search_term_string}\"},\"query-input\":{\"@type\":\"PropertyValueSpecification\",\"valueRequired\":true,\"valueName\":\"search_term_string\"}}],\"inLanguage\":\"de\"},{\"@type\":\"Organization\",\"@id\":\"https:\\\/\\\/druckzentrum-westkueste.de\\\/shop\\\/#organization\",\"name\":\"DruckZentrum-Westkueste\",\"url\":\"https:\\\/\\\/druckzentrum-westkueste.de\\\/shop\\\/\",\"logo\":{\"@type\":\"ImageObject\",\"inLanguage\":\"de\",\"@id\":\"https:\\\/\\\/druckzentrum-westkueste.de\\\/shop\\\/#\\\/schema\\\/logo\\\/image\\\/\",\"url\":\"https:\\\/\\\/www.druckzentrum-westkueste.de\\\/shop\\\/wp-content\\\/uploads\\\/2021\\\/11\\\/Webseite_1_1240x156-1-e1637241818265.jpg\",\"contentUrl\":\"https:\\\/\\\/www.druckzentrum-westkueste.de\\\/shop\\\/wp-content\\\/uploads\\\/2021\\\/11\\\/Webseite_1_1240x156-1-e1637241818265.jpg\",\"width\":500,\"height\":63,\"caption\":\"DruckZentrum-Westkueste\"},\"image\":{\"@id\":\"https:\\\/\\\/druckzentrum-westkueste.de\\\/shop\\\/#\\\/schema\\\/logo\\\/image\\\/\"}}]}<\/script>\n<!-- \/ Yoast SEO plugin. -->","yoast_head_json":{"title":"Geschenkebox \/ Geschenkedose - DruckZentrum-Westkueste","robots":{"index":"index","follow":"follow","max-snippet":"max-snippet:-1","max-image-preview":"max-image-preview:large","max-video-preview":"max-video-preview:-1"},"canonical":"https:\/\/druckzentrum-westkueste.de\/shop\/produkt\/geschenkebox\/","og_locale":"de_DE","og_type":"article","og_title":"Geschenkebox \/ Geschenkedose - DruckZentrum-Westkueste","og_description":"Geschenkebox \/ Geschenkedose aus Metall ideal f\u00fcr kleine Geschenke oder Fotos? Sie suchen noch eine sch\u00f6ne Verpackung f\u00fcr ein &#8222;kleines Geschenk&#8220;, wie w\u00e4re es dann mit einer unserer sch\u00f6nen Dosen. \u00dcber den Konfigurator k\u00f6nnen Sie Ihr eigenes Design &#8222;uploaden&#8220;, oder suchen Sie sich ein passendes Motiv aus unserer Bibliothek aus, dazu noch ein individueller Name [...]","og_url":"https:\/\/druckzentrum-westkueste.de\/shop\/produkt\/geschenkebox\/","og_site_name":"DruckZentrum-Westkueste","article_modified_time":"2023-10-09T13:48:04+00:00","og_image":[{"width":600,"height":600,"url":"https:\/\/druckzentrum-westkueste.de\/shop\/wp-content\/uploads\/2022\/12\/box_eckig_grau_600x600.jpg","type":"image\/jpeg"}],"twitter_card":"summary_large_image","twitter_misc":{"Gesch\u00e4tzte Lesezeit":"1\u00a0Minute"},"schema":{"@context":"https:\/\/schema.org","@graph":[{"@type":"WebPage","@id":"https:\/\/druckzentrum-westkueste.de\/shop\/produkt\/geschenkebox\/","url":"https:\/\/druckzentrum-westkueste.de\/shop\/produkt\/geschenkebox\/","name":"Geschenkebox \/ Geschenkedose - DruckZentrum-Westkueste","isPartOf":{"@id":"https:\/\/druckzentrum-westkueste.de\/shop\/#website"},"primaryImageOfPage":{"@id":"https:\/\/druckzentrum-westkueste.de\/shop\/produkt\/geschenkebox\/#primaryimage"},"image":{"@id":"https:\/\/druckzentrum-westkueste.de\/shop\/produkt\/geschenkebox\/#primaryimage"},"thumbnailUrl":"https:\/\/druckzentrum-westkueste.de\/shop\/wp-content\/uploads\/2022\/12\/box_eckig_grau_600x600.jpg","datePublished":"2023-09-26T12:41:27+00:00","dateModified":"2023-10-09T13:48:04+00:00","breadcrumb":{"@id":"https:\/\/druckzentrum-westkueste.de\/shop\/produkt\/geschenkebox\/#breadcrumb"},"inLanguage":"de","potentialAction":[{"@type":"ReadAction","target":["https:\/\/druckzentrum-westkueste.de\/shop\/produkt\/geschenkebox\/"]}]},{"@type":"ImageObject","inLanguage":"de","@id":"https:\/\/druckzentrum-westkueste.de\/shop\/produkt\/geschenkebox\/#primaryimage","url":"https:\/\/druckzentrum-westkueste.de\/shop\/wp-content\/uploads\/2022\/12\/box_eckig_grau_600x600.jpg","contentUrl":"https:\/\/druckzentrum-westkueste.de\/shop\/wp-content\/uploads\/2022\/12\/box_eckig_grau_600x600.jpg","width":600,"height":600},{"@type":"BreadcrumbList","@id":"https:\/\/druckzentrum-westkueste.de\/shop\/produkt\/geschenkebox\/#breadcrumb","itemListElement":[{"@type":"ListItem","position":1,"name":"Startseite","item":"https:\/\/druckzentrum-westkueste.de\/shop\/"},{"@type":"ListItem","position":2,"name":"Produkte","item":"https:\/\/druckzentrum-westkueste.de\/shop\/druckshop\/"},{"@type":"ListItem","position":3,"name":"Geschenkebox \/ Geschenkedose"}]},{"@type":"WebSite","@id":"https:\/\/druckzentrum-westkueste.de\/shop\/#website","url":"https:\/\/druckzentrum-westkueste.de\/shop\/","name":"DruckZentrum-Westkueste","description":"Willkommen im Shopbereich des DruckZentrums-Westkueste ! Druckerzeugnisse aller Art. Schnell und individuell.","publisher":{"@id":"https:\/\/druckzentrum-westkueste.de\/shop\/#organization"},"potentialAction":[{"@type":"SearchAction","target":{"@type":"EntryPoint","urlTemplate":"https:\/\/druckzentrum-westkueste.de\/shop\/?s={search_term_string}"},"query-input":{"@type":"PropertyValueSpecification","valueRequired":true,"valueName":"search_term_string"}}],"inLanguage":"de"},{"@type":"Organization","@id":"https:\/\/druckzentrum-westkueste.de\/shop\/#organization","name":"DruckZentrum-Westkueste","url":"https:\/\/druckzentrum-westkueste.de\/shop\/","logo":{"@type":"ImageObject","inLanguage":"de","@id":"https:\/\/druckzentrum-westkueste.de\/shop\/#\/schema\/logo\/image\/","url":"https:\/\/www.druckzentrum-westkueste.de\/shop\/wp-content\/uploads\/2021\/11\/Webseite_1_1240x156-1-e1637241818265.jpg","contentUrl":"https:\/\/www.druckzentrum-westkueste.de\/shop\/wp-content\/uploads\/2021\/11\/Webseite_1_1240x156-1-e1637241818265.jpg","width":500,"height":63,"caption":"DruckZentrum-Westkueste"},"image":{"@id":"https:\/\/druckzentrum-westkueste.de\/shop\/#\/schema\/logo\/image\/"}}]}},"tiered_pricing_type":"fixed","tiered_pricing_fixed_rules":[],"tiered_pricing_product_settings":{"layout":"default","base_unit_name":{"singular":null,"plural":null},"default_variation":null},"tiered_pricing_minimum_quantity":null,"tiered_pricing_roles_data":[],"tiered_pricing_percentage_rules":[],"_links":{"self":[{"href":"https:\/\/druckzentrum-westkueste.de\/shop\/wp-json\/wp\/v2\/product\/8774","targetHints":{"allow":["GET"]}}],"collection":[{"href":"https:\/\/druckzentrum-westkueste.de\/shop\/wp-json\/wp\/v2\/product"}],"about":[{"href":"https:\/\/druckzentrum-westkueste.de\/shop\/wp-json\/wp\/v2\/types\/product"}],"replies":[{"embeddable":true,"href":"https:\/\/druckzentrum-westkueste.de\/shop\/wp-json\/wp\/v2\/comments?post=8774"}],"wp:featuredmedia":[{"embeddable":true,"href":"https:\/\/druckzentrum-westkueste.de\/shop\/wp-json\/wp\/v2\/media\/8766"}],"wp:attachment":[{"href":"https:\/\/druckzentrum-westkueste.de\/shop\/wp-json\/wp\/v2\/media?parent=8774"}],"wp:term":[{"taxonomy":"product_brand","embeddable":true,"href":"https:\/\/druckzentrum-westkueste.de\/shop\/wp-json\/wp\/v2\/product_brand?post=8774"},{"taxonomy":"product_cat","embeddable":true,"href":"https:\/\/druckzentrum-westkueste.de\/shop\/wp-json\/wp\/v2\/product_cat?post=8774"},{"taxonomy":"product_tag","embeddable":true,"href":"https:\/\/druckzentrum-westkueste.de\/shop\/wp-json\/wp\/v2\/product_tag?post=8774"}],"curies":[{"name":"wp","href":"https:\/\/api.w.org\/{rel}","templated":true}]}}