{"id":2727,"date":"2022-04-08T11:10:53","date_gmt":"2022-04-08T09:10:53","guid":{"rendered":"http:\/\/druckzentrum-westkueste.de\/shop2\/?post_type=product&#038;p=2727"},"modified":"2022-05-19T09:34:24","modified_gmt":"2022-05-19T07:34:24","slug":"thermodruck-unisex-t-shirt-weiss-rueckseite","status":"publish","type":"product","link":"https:\/\/druckzentrum-westkueste.de\/shop2\/produkt\/thermodruck-unisex-t-shirt-weiss-rueckseite\/","title":{"rendered":"Thermodruck UNISEX-T-Shirt wei\u00df R\u00fcckseite"},"content":{"rendered":"<p>Fotodruck auf wei\u00dfem T-Shirt regional in Schleswig-Holstein, Hamburg<\/p>\n<p>Hochwertiger Fotodruck \u00fcber Thermodruck auf wei\u00dfer UNISEX-T-Shirt-R\u00fcckseite<\/p>\n<p>&#8211; 100% einlaufvorbehandelte, ringgesponnene Baumwolle<\/p>\n<p>&#8211; Kurz\u00e4rmeliges T-Shirt in zeitgem\u00e4\u00dfem Look mit unver\u00e4nderter<br \/>\nB&amp;C-Stoffqualit\u00e4t (190 g) seit 20 Jahren<br \/>\n&#8211; Moderne Mainstream-Passform<br \/>\n&#8211; R\u00f6hrenf\u00f6rmige Konstruktion<br \/>\n&#8211; D\u00fcnne Kragenrippe<br \/>\n&#8211; Nackenband<br \/>\n&#8211; Satin-Label<br \/>\n&#8211; 100% ringgesponnene Baumwolle<br \/>\n&#8211; Single-Jersey<br \/>\n&#8211; Einlaufvorbehandelt<br \/>\n&#8211; Widerstandsf\u00e4hige Qualit\u00e4t<br \/>\n&#8211; Sehr weiche und ebenm\u00e4\u00dfige Oberfl\u00e4che<br \/>\n&#8211; B&amp;C Collection ist Mitglied der Fair Wear Foundation<\/p>\n<p>Wir erstellen immer einen Korrekturabzug in Originalgr\u00f6\u00dfe, damit Ihr schon vorher wisst, wie der Druck aussehen wird.<\/p>\n","protected":false},"excerpt":{"rendered":"<p>Hochwertiger Fotodruck \u00fcber Thermodruck auf wei\u00dfer UNISEX-T-Shirt-R\u00fcckseite aus 100% einlaufvorbehandelter, ringgesponnener Baumwolle<\/p>\n","protected":false},"featured_media":2724,"comment_status":"open","ping_status":"closed","template":"","meta":[],"product_brand":[],"product_cat":[357,354,355],"product_tag":[385],"class_list":{"0":"post-2727","1":"product","2":"type-product","3":"status-publish","4":"has-post-thumbnail","6":"product_cat-t-shirt-unisex","7":"product_cat-textildruck","8":"product_cat-thermodruck-fotodruck-weisse-baumwolle","9":"product_tag-t-shirtdruck","10":"product_shipping_class-paket-2kg","11":"tm-no-options","13":"first","14":"instock","15":"taxable","16":"shipping-taxable","17":"purchasable","18":"product-type-simple"},"tiered_pricing_type":"fixed","tiered_pricing_fixed_rules":[],"tiered_pricing_product_settings":{"layout":"default","base_unit_name":{"singular":null,"plural":null},"default_variation":null},"tiered_pricing_minimum_quantity":null,"tiered_pricing_roles_data":[],"tiered_pricing_percentage_rules":[],"_links":{"self":[{"href":"https:\/\/druckzentrum-westkueste.de\/shop2\/wp-json\/wp\/v2\/product\/2727","targetHints":{"allow":["GET"]}}],"collection":[{"href":"https:\/\/druckzentrum-westkueste.de\/shop2\/wp-json\/wp\/v2\/product"}],"about":[{"href":"https:\/\/druckzentrum-westkueste.de\/shop2\/wp-json\/wp\/v2\/types\/product"}],"replies":[{"embeddable":true,"href":"https:\/\/druckzentrum-westkueste.de\/shop2\/wp-json\/wp\/v2\/comments?post=2727"}],"wp:featuredmedia":[{"embeddable":true,"href":"https:\/\/druckzentrum-westkueste.de\/shop2\/wp-json\/wp\/v2\/media\/2724"}],"wp:attachment":[{"href":"https:\/\/druckzentrum-westkueste.de\/shop2\/wp-json\/wp\/v2\/media?parent=2727"}],"wp:term":[{"taxonomy":"product_brand","embeddable":true,"href":"https:\/\/druckzentrum-westkueste.de\/shop2\/wp-json\/wp\/v2\/product_brand?post=2727"},{"taxonomy":"product_cat","embeddable":true,"href":"https:\/\/druckzentrum-westkueste.de\/shop2\/wp-json\/wp\/v2\/product_cat?post=2727"},{"taxonomy":"product_tag","embeddable":true,"href":"https:\/\/druckzentrum-westkueste.de\/shop2\/wp-json\/wp\/v2\/product_tag?post=2727"}],"curies":[{"name":"wp","href":"https:\/\/api.w.org\/{rel}","templated":true}]}}